{"id":1770838,"date":"2020-10-20T08:08:28","date_gmt":"2020-10-20T08:08:28","guid":{"rendered":"https:\/\/idaviru.ee\/?page_id=1770838"},"modified":"2024-11-26T16:36:43","modified_gmt":"2024-11-26T14:36:43","slug":"blog-and-news","status":"publish","type":"page","link":"https:\/\/idaviru.ee\/en\/blog-and-news\/","title":{"rendered":"Blog &amp; News"},"content":{"rendered":"\t\t<div data-elementor-type=\"wp-page\" data-elementor-id=\"1770838\" class=\"elementor elementor-1770838 elementor-1770834\" data-elementor-post-type=\"page\">\n\t\t\t\t\t\t<section class=\"elementor-section elementor-top-section elementor-element elementor-element-44b8fb5e elementor-section-boxed elementor-section-height-default elementor-section-height-default\" data-id=\"44b8fb5e\" data-element_type=\"section\" data-e-type=\"section\">\n\t\t\t\t\t\t<div class=\"elementor-container elementor-column-gap-default\">\n\t\t\t\t\t<div class=\"elementor-column elementor-col-100 elementor-top-column elementor-element elementor-element-713aae3a\" data-id=\"713aae3a\" data-element_type=\"column\" data-e-type=\"column\">\n\t\t\t<div class=\"elementor-widget-wrap elementor-element-populated\">\n\t\t\t\t\t\t<div class=\"elementor-element elementor-element-471800b9 elementor-widget__width-inherit elementor-widget elementor-widget-heading\" data-id=\"471800b9\" data-element_type=\"widget\" data-e-type=\"widget\" data-widget_type=\"heading.default\">\n\t\t\t\t<div class=\"elementor-widget-container\">\n\t\t\t\t\t<h1 class=\"elementor-heading-title elementor-size-default\">Blog &amp; News<\/h1>\t\t\t\t<\/div>\n\t\t\t\t<\/div>\n\t\t\t\t<div class=\"elementor-element elementor-element-c022d91 elementor-grid-4 homeh elementor-grid-tablet-2 elementor-grid-mobile-1 elementor-posts--thumbnail-top elementor-card-shadow-yes elementor-posts__hover-gradient elementor-widget elementor-widget-posts\" data-id=\"c022d91\" data-element_type=\"widget\" data-e-type=\"widget\" data-settings=\"{&quot;cards_columns&quot;:&quot;4&quot;,&quot;cards_columns_tablet&quot;:&quot;2&quot;,&quot;cards_columns_mobile&quot;:&quot;1&quot;,&quot;cards_row_gap&quot;:{&quot;unit&quot;:&quot;px&quot;,&quot;size&quot;:35,&quot;sizes&quot;:[]},&quot;cards_row_gap_tablet&quot;:{&quot;unit&quot;:&quot;px&quot;,&quot;size&quot;:&quot;&quot;,&quot;sizes&quot;:[]},&quot;cards_row_gap_mobile&quot;:{&quot;unit&quot;:&quot;px&quot;,&quot;size&quot;:&quot;&quot;,&quot;sizes&quot;:[]}}\" data-widget_type=\"posts.cards\">\n\t\t\t\t<div class=\"elementor-widget-container\">\n\t\t\t\t\t\t\t<div class=\"elementor-posts-container elementor-posts elementor-posts--skin-cards elementor-grid\" role=\"list\">\n\t\t\t\t<article class=\"elementor-post elementor-grid-item post-2992249 post type-post status-publish format-standard has-post-thumbnail hentry category-blog category-for-inspiration category-news\" role=\"listitem\">\n\t\t\t<div class=\"elementor-post__card\">\n\t\t\t\t<a class=\"elementor-post__thumbnail__link\" href=\"https:\/\/idaviru.ee\/en\/danish-royal-hunting-feast\/\" tabindex=\"-1\" ><div class=\"elementor-post__thumbnail\"><img fetchpriority=\"high\" decoding=\"async\" width=\"300\" height=\"200\" src=\"https:\/\/idaviru.ee\/wp-content\/uploads\/2025\/03\/IMG_7388.jpg\" class=\"attachment-medium size-medium wp-image-2992251\" alt=\"\" \/><\/div><\/a>\n\t\t\t\t<div class=\"elementor-post__badge\">Blog<\/div>\n\t\t\t\t<div class=\"elementor-post__text\">\n\t\t\t\t<div class=\"elementor-post__title\">\n\t\t\t<a href=\"https:\/\/idaviru.ee\/en\/danish-royal-hunting-feast\/\" >\n\t\t\t\tM\u00e4etaguse Manor Pulled Off the Danish Royal Hunting Feast in a Royal Manner\t\t\t<\/a>\n\t\t<\/div>\n\t\t\t\t<\/div>\n\t\t\t\t\t<\/div>\n\t\t<\/article>\n\t\t\t\t<article class=\"elementor-post elementor-grid-item post-2987029 post type-post status-publish format-standard has-post-thumbnail hentry category-blog\" role=\"listitem\">\n\t\t\t<div class=\"elementor-post__card\">\n\t\t\t\t<a class=\"elementor-post__thumbnail__link\" href=\"https:\/\/idaviru.ee\/en\/clint-route-with-beautiful-views-in-virumaa\/\" tabindex=\"-1\" ><div class=\"elementor-post__thumbnail\"><img decoding=\"async\" width=\"300\" height=\"200\" src=\"https:\/\/idaviru.ee\/wp-content\/uploads\/2023\/05\/SvenZacek_Valaste_21-300x200.jpg\" class=\"attachment-medium size-medium wp-image-2939134\" alt=\"Ontika pankrannik merelt ja linnulenult vaadatuna. Foto: S.Zacek\" srcset=\"\/\/idaviru.ee\/wp-content\/uploads\/2023\/05\/SvenZacek_Valaste_21-300x200.jpg 300w, \/\/idaviru.ee\/wp-content\/uploads\/2023\/05\/SvenZacek_Valaste_21-1024x682.jpg 1024w, \/\/idaviru.ee\/wp-content\/uploads\/2023\/05\/SvenZacek_Valaste_21-768x512.jpg 768w, \/\/idaviru.ee\/wp-content\/uploads\/2023\/05\/SvenZacek_Valaste_21-1536x1023.jpg 1536w, \/\/idaviru.ee\/wp-content\/uploads\/2023\/05\/SvenZacek_Valaste_21-2048x1364.jpg 2048w, \/\/idaviru.ee\/wp-content\/uploads\/2023\/05\/SvenZacek_Valaste_21-600x400.jpg 600w, \/\/idaviru.ee\/wp-content\/uploads\/2023\/05\/SvenZacek_Valaste_21-90x60.jpg 90w, \/\/idaviru.ee\/wp-content\/uploads\/2023\/05\/SvenZacek_Valaste_21-135x90.jpg 135w\" sizes=\"(max-width: 300px) 100vw, 300px\" \/><\/div><\/a>\n\t\t\t\t<div class=\"elementor-post__badge\">Blog<\/div>\n\t\t\t\t<div class=\"elementor-post__text\">\n\t\t\t\t<div class=\"elementor-post__title\">\n\t\t\t<a href=\"https:\/\/idaviru.ee\/en\/clint-route-with-beautiful-views-in-virumaa\/\" >\n\t\t\t\tClint route with beautiful views in Virumaa\t\t\t<\/a>\n\t\t<\/div>\n\t\t\t\t<\/div>\n\t\t\t\t\t<\/div>\n\t\t<\/article>\n\t\t\t\t<article class=\"elementor-post elementor-grid-item post-2980926 post type-post status-publish format-standard has-post-thumbnail hentry category-blog\" role=\"listitem\">\n\t\t\t<div class=\"elementor-post__card\">\n\t\t\t\t<a class=\"elementor-post__thumbnail__link\" href=\"https:\/\/idaviru.ee\/en\/the-people-of-ida-virumaa-have-made-their-industries-shine\/\" tabindex=\"-1\" ><div class=\"elementor-post__thumbnail\"><img decoding=\"async\" width=\"300\" height=\"200\" src=\"https:\/\/idaviru.ee\/wp-content\/uploads\/2024\/11\/Kivioli1-1.jpg\" class=\"attachment-medium size-medium wp-image-2980795\" alt=\"\" \/><\/div><\/a>\n\t\t\t\t<div class=\"elementor-post__badge\">Blog<\/div>\n\t\t\t\t<div class=\"elementor-post__text\">\n\t\t\t\t<div class=\"elementor-post__title\">\n\t\t\t<a href=\"https:\/\/idaviru.ee\/en\/the-people-of-ida-virumaa-have-made-their-industries-shine\/\" >\n\t\t\t\tThe people of Ida-Virumaa have made their industries shine\t\t\t<\/a>\n\t\t<\/div>\n\t\t\t\t<\/div>\n\t\t\t\t\t<\/div>\n\t\t<\/article>\n\t\t\t\t<article class=\"elementor-post elementor-grid-item post-2969425 post type-post status-publish format-standard has-post-thumbnail hentry category-inspiratsiooniks category-for-inspiration\" role=\"listitem\">\n\t\t\t<div class=\"elementor-post__card\">\n\t\t\t\t<a class=\"elementor-post__thumbnail__link\" href=\"https:\/\/idaviru.ee\/en\/main-events-in-ida-viru-2024\/\" tabindex=\"-1\" ><div class=\"elementor-post__thumbnail\"><img loading=\"lazy\" decoding=\"async\" width=\"300\" height=\"225\" src=\"https:\/\/idaviru.ee\/wp-content\/uploads\/2021\/08\/\u0416\u0434\u0435\u043c-\u0432\u0430\u0441-\u0432-\u0418\u0434\u0430-\u0412\u0438\u0440\u0443\u043c\u0430\u0430-\u0444\u0435\u0441\u0442\u0438\u0432\u0430\u043b\u044c-\u043c\u0443\u0437\u044b\u043a\u0438-\u0438-\u0433\u043e\u0440\u043e\u0434\u0441\u043a\u043e\u0439-\u043a\u0443\u043b\u044c\u0442\u0443\u0440\u044b-Station-Narva-300x225.jpg\" class=\"attachment-medium size-medium wp-image-2245791\" alt=\"Tulevat tapahtumat It\u00e4-Virossa, Narvassa ja muualla Virossa. Musiikkifestivaalit, ooppera, kansainv\u00e4listen artistien esiintymiset sek\u00e4 n\u00e4yttelyt.\" srcset=\"\/\/idaviru.ee\/wp-content\/uploads\/2021\/08\/\u0416\u0434\u0435\u043c-\u0432\u0430\u0441-\u0432-\u0418\u0434\u0430-\u0412\u0438\u0440\u0443\u043c\u0430\u0430-\u0444\u0435\u0441\u0442\u0438\u0432\u0430\u043b\u044c-\u043c\u0443\u0437\u044b\u043a\u0438-\u0438-\u0433\u043e\u0440\u043e\u0434\u0441\u043a\u043e\u0439-\u043a\u0443\u043b\u044c\u0442\u0443\u0440\u044b-Station-Narva-300x225.jpg 300w, \/\/idaviru.ee\/wp-content\/uploads\/2021\/08\/\u0416\u0434\u0435\u043c-\u0432\u0430\u0441-\u0432-\u0418\u0434\u0430-\u0412\u0438\u0440\u0443\u043c\u0430\u0430-\u0444\u0435\u0441\u0442\u0438\u0432\u0430\u043b\u044c-\u043c\u0443\u0437\u044b\u043a\u0438-\u0438-\u0433\u043e\u0440\u043e\u0434\u0441\u043a\u043e\u0439-\u043a\u0443\u043b\u044c\u0442\u0443\u0440\u044b-Station-Narva-1024x768.jpg 1024w, \/\/idaviru.ee\/wp-content\/uploads\/2021\/08\/\u0416\u0434\u0435\u043c-\u0432\u0430\u0441-\u0432-\u0418\u0434\u0430-\u0412\u0438\u0440\u0443\u043c\u0430\u0430-\u0444\u0435\u0441\u0442\u0438\u0432\u0430\u043b\u044c-\u043c\u0443\u0437\u044b\u043a\u0438-\u0438-\u0433\u043e\u0440\u043e\u0434\u0441\u043a\u043e\u0439-\u043a\u0443\u043b\u044c\u0442\u0443\u0440\u044b-Station-Narva-768x576.jpg 768w, \/\/idaviru.ee\/wp-content\/uploads\/2021\/08\/\u0416\u0434\u0435\u043c-\u0432\u0430\u0441-\u0432-\u0418\u0434\u0430-\u0412\u0438\u0440\u0443\u043c\u0430\u0430-\u0444\u0435\u0441\u0442\u0438\u0432\u0430\u043b\u044c-\u043c\u0443\u0437\u044b\u043a\u0438-\u0438-\u0433\u043e\u0440\u043e\u0434\u0441\u043a\u043e\u0439-\u043a\u0443\u043b\u044c\u0442\u0443\u0440\u044b-Station-Narva-1536x1152.jpg 1536w, \/\/idaviru.ee\/wp-content\/uploads\/2021\/08\/\u0416\u0434\u0435\u043c-\u0432\u0430\u0441-\u0432-\u0418\u0434\u0430-\u0412\u0438\u0440\u0443\u043c\u0430\u0430-\u0444\u0435\u0441\u0442\u0438\u0432\u0430\u043b\u044c-\u043c\u0443\u0437\u044b\u043a\u0438-\u0438-\u0433\u043e\u0440\u043e\u0434\u0441\u043a\u043e\u0439-\u043a\u0443\u043b\u044c\u0442\u0443\u0440\u044b-Station-Narva-600x450.jpg 600w, \/\/idaviru.ee\/wp-content\/uploads\/2021\/08\/\u0416\u0434\u0435\u043c-\u0432\u0430\u0441-\u0432-\u0418\u0434\u0430-\u0412\u0438\u0440\u0443\u043c\u0430\u0430-\u0444\u0435\u0441\u0442\u0438\u0432\u0430\u043b\u044c-\u043c\u0443\u0437\u044b\u043a\u0438-\u0438-\u0433\u043e\u0440\u043e\u0434\u0441\u043a\u043e\u0439-\u043a\u0443\u043b\u044c\u0442\u0443\u0440\u044b-Station-Narva-80x60.jpg 80w, \/\/idaviru.ee\/wp-content\/uploads\/2021\/08\/\u0416\u0434\u0435\u043c-\u0432\u0430\u0441-\u0432-\u0418\u0434\u0430-\u0412\u0438\u0440\u0443\u043c\u0430\u0430-\u0444\u0435\u0441\u0442\u0438\u0432\u0430\u043b\u044c-\u043c\u0443\u0437\u044b\u043a\u0438-\u0438-\u0433\u043e\u0440\u043e\u0434\u0441\u043a\u043e\u0439-\u043a\u0443\u043b\u044c\u0442\u0443\u0440\u044b-Station-Narva-120x90.jpg 120w, \/\/idaviru.ee\/wp-content\/uploads\/2021\/08\/\u0416\u0434\u0435\u043c-\u0432\u0430\u0441-\u0432-\u0418\u0434\u0430-\u0412\u0438\u0440\u0443\u043c\u0430\u0430-\u0444\u0435\u0441\u0442\u0438\u0432\u0430\u043b\u044c-\u043c\u0443\u0437\u044b\u043a\u0438-\u0438-\u0433\u043e\u0440\u043e\u0434\u0441\u043a\u043e\u0439-\u043a\u0443\u043b\u044c\u0442\u0443\u0440\u044b-Station-Narva.jpg 2048w\" sizes=\"(max-width: 300px) 100vw, 300px\" \/><\/div><\/a>\n\t\t\t\t<div class=\"elementor-post__badge\">Inspiratsioon<\/div>\n\t\t\t\t<div class=\"elementor-post__text\">\n\t\t\t\t<div class=\"elementor-post__title\">\n\t\t\t<a href=\"https:\/\/idaviru.ee\/en\/main-events-in-ida-viru-2024\/\" >\n\t\t\t\tMain events in Ida-Viru 2025\t\t\t<\/a>\n\t\t<\/div>\n\t\t\t\t<\/div>\n\t\t\t\t\t<\/div>\n\t\t<\/article>\n\t\t\t\t<\/div>\n\t\t\n\t\t\t\t\t\t<\/div>\n\t\t\t\t<\/div>\n\t\t\t\t\t<\/div>\n\t\t<\/div>\n\t\t\t\t\t<\/div>\n\t\t<\/section>\n\t\t\t\t<\/div>\n\t\t","protected":false},"excerpt":{"rendered":"","protected":false},"author":1,"featured_media":0,"parent":0,"menu_order":0,"comment_status":"closed","ping_status":"closed","template":"elementor_header_footer","meta":{"_acf_changed":false,"inline_featured_image":false,"footnotes":""},"class_list":["post-1770838","page","type-page","status-publish","hentry"],"acf":[],"_links":{"self":[{"href":"https:\/\/idaviru.ee\/en\/wp-json\/wp\/v2\/pages\/1770838","targetHints":{"allow":["GET"]}}],"collection":[{"href":"https:\/\/idaviru.ee\/en\/wp-json\/wp\/v2\/pages"}],"about":[{"href":"https:\/\/idaviru.ee\/en\/wp-json\/wp\/v2\/types\/page"}],"author":[{"embeddable":true,"href":"https:\/\/idaviru.ee\/en\/wp-json\/wp\/v2\/users\/1"}],"replies":[{"embeddable":true,"href":"https:\/\/idaviru.ee\/en\/wp-json\/wp\/v2\/comments?post=1770838"}],"version-history":[{"count":0,"href":"https:\/\/idaviru.ee\/en\/wp-json\/wp\/v2\/pages\/1770838\/revisions"}],"wp:attachment":[{"href":"https:\/\/idaviru.ee\/en\/wp-json\/wp\/v2\/media?parent=1770838"}],"curies":[{"name":"wp","href":"https:\/\/api.w.org\/{rel}","templated":true}]}}