{"id":2967549,"date":"2024-06-05T15:47:18","date_gmt":"2024-06-05T12:47:18","guid":{"rendered":"https:\/\/idaviru.ee\/?page_id=2967549"},"modified":"2024-06-05T15:53:15","modified_gmt":"2024-06-05T12:53:15","slug":"guides-of-ida-virumaa","status":"publish","type":"page","link":"https:\/\/idaviru.ee\/en\/guides-of-ida-virumaa\/","title":{"rendered":"Guides of Ida-Virumaa"},"content":{"rendered":"\t\t<div data-elementor-type=\"wp-page\" data-elementor-id=\"2967549\" class=\"elementor elementor-2967549 elementor-353124\" data-elementor-post-type=\"page\">\n\t\t\t\t\t\t<section class=\"elementor-section elementor-top-section elementor-element elementor-element-4808baea elementor-section-boxed elementor-section-height-default elementor-section-height-default\" data-id=\"4808baea\" data-element_type=\"section\" data-e-type=\"section\">\n\t\t\t\t\t\t<div class=\"elementor-container elementor-column-gap-default\">\n\t\t\t\t\t<div class=\"elementor-column elementor-col-100 elementor-top-column elementor-element elementor-element-7c73075f\" data-id=\"7c73075f\" data-element_type=\"column\" data-e-type=\"column\">\n\t\t\t<div class=\"elementor-widget-wrap elementor-element-populated\">\n\t\t\t\t\t\t<div class=\"elementor-element elementor-element-412f91 elementor-widget elementor-widget-text-editor\" data-id=\"412f91\" data-element_type=\"widget\" data-e-type=\"widget\" data-widget_type=\"text-editor.default\">\n\t\t\t\t<div class=\"elementor-widget-container\">\n\t\t\t\t\t\t\t\t\t<p>Ida-Virumaa is a region full of contrasts and adventures. Local \u00a0guides will help introduce the county and tell the stories about the region.<\/p>\n<p>In Ida-Virumaa, we have guides whose work area is the entire Ida-Viru county, who are strong in a specific area, and guides who are close to a particular topic or region and have specifically linked their tours to it. The guides and their contacts are listed in the table below, along with the working language and topics.<\/p>\n<h2><strong>Guides of Ida-Virumaa<\/strong><\/h2>\n<p><strong>\u00a0<\/strong><\/p>\n<table>\n<tbody>\n<tr>\n<td width=\"264\">\n<p>Name and contacts<\/p>\n<\/td>\n<td width=\"66\">\n<p>Languages<\/p>\n<\/td>\n<td width=\"255\">\n<p>Accredited to guide at<\/p>\n<\/td>\n<\/tr>\n<tr>\n<td width=\"264\">\n<p>Ingrid Kuligina<\/p>\n<p>email:ingrid@matkaklubi.ee<\/p>\n<p>mob.5141692<\/p>\n<\/td>\n<td width=\"66\">\n<p>Estonian<\/p>\n<p>Russian<\/p>\n<\/td>\n<td width=\"255\">\n<p>The whole of Ida-Virumaa, special knowledge &#8211; nature, ancient history, small cultures of the southern region, parks, military history in the Blue Mountains and forests<\/p>\n<p>\u00a0<\/p>\n<\/td>\n<\/tr>\n<tr>\n<td width=\"264\">\n<p>Ivika Maidre<\/p>\n<p>email:ivika.maidre@vaivara.ee<\/p>\n<p>mob.56474552<\/p>\n<\/td>\n<td width=\"66\">\n<p>Estonian<\/p>\n<p>Russian<\/p>\n<p>English<\/p>\n<p>Finnish<\/p>\n<\/td>\n<td width=\"255\">\n<p>The whole of Ida-Virumaa, special knowledge &#8211; topics of military history, history and culture of the northern and eastern regions.<\/p>\n<p>\u00a0<\/p>\n<\/td>\n<\/tr>\n<tr>\n<td width=\"264\">\n<p>Anne Nurgamaa<\/p>\n<p>email:annenurgamaa@gmail.com<\/p>\n<p>mob.56643602<\/p>\n<\/td>\n<td width=\"66\">\n<p>Estonian<\/p>\n<p>Russian<\/p>\n<\/td>\n<td width=\"255\">\n<p>The southern region of Alutagusemaa, small cultures, legends, stories, nature<\/p>\n<p>\u00a0<\/p>\n<\/td>\n<\/tr>\n<tr>\n<td width=\"264\">\n<p>Nikolai Pavlenko<\/p>\n<p>email:estorada@gmail.com<\/p>\n<p>mob.5101837<\/p>\n<\/td>\n<td width=\"66\">\n<p>Russian<\/p>\n<\/td>\n<td width=\"255\">\n<p>The whole of Ida-Virumaa, special knowledge Toila and Our park, cultural figures like Severjanin etc<\/p>\n<p>\u00a0<\/p>\n<\/td>\n<\/tr>\n<tr>\n<td width=\"264\">\n<p>Ingo Valgma<\/p>\n<p>email:ingo.valgma@eesti.ee<\/p>\n<p>mob.55622318<\/p>\n<\/td>\n<td width=\"66\">\n<p>Estonian<\/p>\n<p>English<\/p>\n<\/td>\n<td width=\"255\">\n<p>Ancient and geological history, resulting settlement and oil shale<\/p>\n<p>www.minest.ee\/polevkivimaa<\/p>\n<\/td>\n<\/tr>\n<tr>\n<td width=\"264\">\n<p>Indar Zeinet<\/p>\n<p>email:indar.zeinet@gmail.com<\/p>\n<p>mob.5245428<\/p>\n<\/td>\n<td width=\"66\">\n<p>Estonian<\/p>\n<p>Russian<\/p>\n<\/td>\n<td width=\"255\">\n<p>The whole of Ida-Virumaa, special knowledge \u00a0nature and birds<\/p>\n<p>\u00a0<\/p>\n<\/td>\n<\/tr>\n<tr>\n<td width=\"264\">\n<p>Gradislava Ju\u0161manova<\/p>\n<p>email: gradislava.jushma@gmail.com<\/p>\n<p>mob.58007993<\/p>\n<\/td>\n<td width=\"66\">\n<p>\u00a0Russian<\/p>\n<\/td>\n<td width=\"255\">\n<p>The whole of Ida-Virumaa, special knowledge \u00a0nature<\/p>\n<\/td>\n<\/tr>\n<\/tbody>\n<\/table>\n<h2>\u00a0<strong>Region and tour guides in Ida-Virumaa<\/strong><\/h2>\n<p><strong>\u00a0<\/strong><\/p>\n<table>\n<tbody>\n<tr>\n<td width=\"256\">\n<p>Nimi<\/p>\n<\/td>\n<td width=\"75\">\n<p>T\u00f6\u00f6keel<\/p>\n<\/td>\n<td width=\"264\">\n<p>Accredited as a tour guide<\/p>\n<\/td>\n<\/tr>\n<tr>\n<td width=\"256\">\n<p>Denis Bjorkland<\/p>\n<p>email: dbjorkland@mail.ru\u00a0\u00a0\u00a0\u00a0\u00a0<\/p>\n<p>mob.56044481<\/p>\n<\/td>\n<td width=\"75\">\n<p>Estonian<\/p>\n<p>Russian<\/p>\n<\/td>\n<td width=\"264\">\n<p>Eastern part of Ida-Virumaa, especially Narva<\/p>\n<p>\u00a0<\/p>\n<\/td>\n<\/tr>\n<tr>\n<td width=\"256\">\n<p>Jekaterina Muravjova<\/p>\n<p>mob.55587274<\/p>\n<\/td>\n<td width=\"75\">\n<p>Estonian<\/p>\n<p>Russian English<\/p>\n<\/td>\n<td width=\"264\">\n<p>Eastern part of Ida-Virumaa, especially Narva, Narva-J\u00f5esuu, Sillam\u00e4e, Sinim\u00e4ed (Blue Hill Mountain)<\/p>\n<\/td>\n<\/tr>\n<tr>\n<td width=\"256\">\n<p>Silver Sild<\/p>\n<p>email: <a href=\"mailto:info@sillamae-muuseum.ee\">info@sillamae-muuseum.ee<\/a><\/p>\n<\/td>\n<td width=\"75\">\n<p>Estonian<\/p>\n<p>Finnish<\/p>\n<\/td>\n<td width=\"264\">\n<p>Sillam\u00e4e town<\/p>\n<\/td>\n<\/tr>\n<tr>\n<td width=\"256\">\n<p>Pille P\u00e4rs<\/p>\n<p>email: pillepars@gmail.com<\/p>\n<p>mob.5535997<\/p>\n<\/td>\n<td width=\"75\">\n<p>Estonian<\/p>\n<p>Russian Finnish<\/p>\n<\/td>\n<td width=\"264\">\n<p>Theme tour: sacred place, before and now<\/p>\n<p>\u00a0<\/p>\n<\/td>\n<\/tr>\n<tr>\n<td width=\"256\">\n<p>Karin Kaup\u00a0\u00a0\u00a0\u00a0\u00a0<\/p>\n<p>email: karinkaupkangas@gmail.com<\/p>\n<p>mob.5258605<\/p>\n<\/td>\n<td width=\"75\">\n<p>Estonian<\/p>\n<p>Finnish<\/p>\n<\/td>\n<td width=\"264\">\n<p>Theme tour: Sillam\u00e4e and Narva-J\u00f5esuu<\/p>\n<p>\u00a0<\/p>\n<\/td>\n<\/tr>\n<\/tbody>\n<\/table>\n<p>\u00a0<\/p>\n<p>\u00a0<\/p>\t\t\t\t\t\t\t\t<\/div>\n\t\t\t\t<\/div>\n\t\t\t\t\t<\/div>\n\t\t<\/div>\n\t\t\t\t\t<\/div>\n\t\t<\/section>\n\t\t\t\t<\/div>\n\t\t","protected":false},"excerpt":{"rendered":"<p>Ida-Virumaa is a region full of contrasts and adventures. Local \u00a0guides will help introduce the county and tell the stories about the region. In Ida-Virumaa, we have guides whose work area is the entire Ida-Viru county, who are strong in a specific area, and guides who are close to a particular topic or region and [&hellip;]<\/p>\n","protected":false},"author":10,"featured_media":7923,"parent":0,"menu_order":0,"comment_status":"closed","ping_status":"closed","template":"","meta":{"_acf_changed":false,"inline_featured_image":false,"footnotes":""},"class_list":["post-2967549","page","type-page","status-publish","has-post-thumbnail","hentry"],"acf":[],"_links":{"self":[{"href":"https:\/\/idaviru.ee\/en\/wp-json\/wp\/v2\/pages\/2967549","targetHints":{"allow":["GET"]}}],"collection":[{"href":"https:\/\/idaviru.ee\/en\/wp-json\/wp\/v2\/pages"}],"about":[{"href":"https:\/\/idaviru.ee\/en\/wp-json\/wp\/v2\/types\/page"}],"author":[{"embeddable":true,"href":"https:\/\/idaviru.ee\/en\/wp-json\/wp\/v2\/users\/10"}],"replies":[{"embeddable":true,"href":"https:\/\/idaviru.ee\/en\/wp-json\/wp\/v2\/comments?post=2967549"}],"version-history":[{"count":0,"href":"https:\/\/idaviru.ee\/en\/wp-json\/wp\/v2\/pages\/2967549\/revisions"}],"wp:featuredmedia":[{"embeddable":true,"href":"https:\/\/idaviru.ee\/en\/wp-json\/wp\/v2\/media\/7923"}],"wp:attachment":[{"href":"https:\/\/idaviru.ee\/en\/wp-json\/wp\/v2\/media?parent=2967549"}],"curies":[{"name":"wp","href":"https:\/\/api.w.org\/{rel}","templated":true}]}}