{"id":2973778,"date":"2024-05-03T10:18:49","date_gmt":"2024-05-03T07:18:49","guid":{"rendered":"https:\/\/idaviru.ee\/privaatsuspoliitika\/"},"modified":"2024-07-29T11:32:28","modified_gmt":"2024-07-29T08:32:28","slug":"privacy-policy","status":"publish","type":"page","link":"https:\/\/idaviru.ee\/en\/privacy-policy\/","title":{"rendered":"Privacy Policy"},"content":{"rendered":"\n<p>Veebilehe idaviru.ee vastutav ettev\u00f5tte esindaja on Ida-Viru Ettev\u00f5tluskeskus SA registrikood: 90003367. Juriidiline aadress Keskv\u00e4ljak 4 J\u00f5hvi, J\u00f5hvi vald Ida-Virumaa, e-post info@ivek.ee.<\/p>\n\n\n\n<p>Veebilehe registripidaja: Zone Media O\u00dc (<a href=\"http:\/\/www.zone.ee\">www.zone.ee<\/a>)<\/p>\n\n\n\n<p>Veebileht: <a href=\"http:\/\/www.idaviru.ee\">www.idaviru.ee<\/a><\/p>\n\n\n\n<p><a href=\"http:\/\/www.idaviru.ee\">www.idaviru.ee<\/a> (edaspidi Veebileht) on ettev\u00f5ttele Ida-Viru Ettev\u00f5tluskeskus SA (edaspidi IVEK) kuuluv veebileht. K\u00e4esoleval kodulehel kuvatud info, tekstid, pildid v\u00f5i mis tahes muu infomaterjali igasugune (mitte)\u00e4rilistel eesm\u00e4rkidel kopeerimine, reprodutseerimine v\u00f5i levitamine on ilma ettev\u00f5tte kirjaliku n\u00f5usolekuta keelatud.<\/p>\n\n\n\n<p>Ida-Viru Ettev\u00f5tluskeskus SA ei kogu Euroopa Parlamendi ja n\u00f5ukogu m\u00e4\u00e4ruses (EL) 2016\/679 (ingl General Data Protection Regulation ehk GDPR) s\u00e4testatud delikaatseid isikuandmeid (n\u00e4iteks andmed terviseseisundi v\u00f5i puude kohta).<\/p>\n\n\n\n<p>Veebileht austab oma kasutajate privaatsust ja t\u00f6\u00f6tleb isikuandmeid koosk\u00f5las Eestis kehtivate isikuandmete t\u00f6\u00f6tlemise seaduste ning \u00f5igusaktidega.<\/p>\n\n\n\n<p>M\u00f5isted:&nbsp;<\/p>\n\n\n\n<p><strong>Kasutaja<\/strong> (veebilehe k\u00fclastaja) on isik, kes kasutab v\u00f5i k\u00fclastab k\u00e4esolevat veebilehte.<\/p>\n\n\n\n<p><strong>Isikuandmed<\/strong>: Nimi, e-post, telefon ja kasutajaga seotud seadmed.<\/p>\n\n\n\n<p><strong>K\u00fcpsis<\/strong> on unikaalne v\u00e4ike arvutikoodi l\u00f5ik, mille anname teie veebibrauserile, kui veebisaiti esimest korda k\u00fclastate.<\/p>\n\n\n\n<p><strong>Isikutuvastusandmed<\/strong><\/p>\n\n\n\n<p>T\u00f6\u00f6tleme Kasutaja isikuandmeid n\u00e4iteks juhul, kui kasutad Ida-Viru Turismiklastri teenuseid. Me v\u00f5ime Su isikuandmeid koguda mitmel viisil, sealhulgas, kuid mitte ainult, kui Sa k\u00fclastad meie Veebilehte, registreerud Veebilehel, t\u00e4idad vormi v\u00f5i k\u00fcsimustiku v\u00f5i liitud uudiskirjaga. V\u00f5ime vajadusel k\u00fcsida ees- ja perenime, e-posti aadressi, telefoninumbrit. Kuid Sul on v\u00f5imalik meie Veebilehte ka anon\u00fc\u00fcmselt k\u00fclastada. Kogume Kasutajalt isikuandmeid ainult juhul, kui Sa edastad meile sellist teavet vabatahtlikult.&nbsp;<\/p>\n\n\n\n<p>Me v\u00f5ime koguda Su anon\u00fc\u00fcmseid ja statistilisi andmeid mis tahes ajal, kui Sa meie Veebilehte k\u00fclastas. Nende hulka v\u00f5ivad kuuluda veebilehitseja nimi, arvuti t\u00fc\u00fcp ja tehniline teave sellest, mis seadmega n\u00e4iteks mobiil v\u00f5i tahvelarvuti vms. K\u00fclastades veebilehte, v\u00f5ime koguda lisaks n\u00e4iteks teavet operatsioonis\u00fcsteemist ja kasutatavast interneti teenusepakkujast ning muu sarnane teave.&nbsp;<\/p>\n\n\n\n<p><strong>Kuidas me kogutud isikuandmeid kasutame&nbsp;<\/strong><\/p>\n\n\n\n<p>Veebileht v\u00f5ib Su isikuandmeid koguda ja kasutada j\u00e4rgmistel eesm\u00e4rkidel:&nbsp;<\/p>\n\n\n\n<ul class=\"wp-block-list\">\n<li>Meie Veebilehe:<ul><li>N\u00e4itamiseks ja haldamiseks.\u202fMeil v\u00f5ib Kasutaja teavet vaja olla selleks, et Veebilehe sisu korrektselt kuvada;<\/li><\/ul>\n<ul class=\"wp-block-list\">\n<li>Veebilehe t\u00e4iustamiseks.\u202fV\u00f5ime antud tagasisidet kasutada meie toodete ja teenuste t\u00e4iustamiseks;<\/li>\n<\/ul>\n<\/li>\n\n\n\n<li>Kasutajakogemuse isikup\u00e4rastamiseks ja kasutajamugavuse tagamiseks;<\/li>\n\n\n\n<li>Reklaamide, loosim\u00e4ngude, k\u00fcsitluste korraldamiseks ja muude Veebilehe funktsioonide kasutamiseks;<\/li>\n\n\n\n<li>Saatmaks Sulle Su n\u00f5usolekul pakkumisi teemadel, mis meie arvates Sulle huvi v\u00f5ivad pakkuda;<\/li>\n\n\n\n<li>Uudiskirjade ja Ida-Viru Turismiklastri partnerite pakkumiste saatmiseks. Uudiskirjade saatmiseks kasutame automaatseid s\u00fcsteeme ja kui Sa ise loobud uudiskirja saamisest, kustutatakse Su kontakt automaatselt nimekirjast;&nbsp;<\/li>\n\n\n\n<li>Kui kogume andmeid kampaaniate raames ja on vajalik t\u00f6\u00f6delda isikuandmeid, siis kogume ja kasutame neid andmeid n\u00e4iteks v\u00f5itjaga kontakteerumiseks, auhinna loosimiseks ja k\u00e4tte toimetamiseks ning uudiskirjade listi lisamiseks;<\/li>\n\n\n\n<li>Me ei m\u00fc\u00fc, vaheta, rendi, edasta ega tee mingil muul viisil Kasutaja isikuandmeid k\u00e4ttesaadavaks kolmandatele isikutele. Me v\u00f5ime kasutada kolmandatest isikutest teenusepakkujaid, et aidata meil oma \u00e4ri ja Veebilehte hallata v\u00f5i teostada tegevusi meie nimel, nt uudiskirjade ja eripakkumiste v\u00f5i k\u00fcsitluste saatmine;&nbsp;<\/li>\n\n\n\n<li>T\u00f6\u00f6tleme isikuandmeid nii v\u00e4he kui v\u00f5imalik, kuid vastavalt vajadusele ja neid ei s\u00e4ilitata kauem (kuni \u00fcks aasta), kui see on vajalik eesm\u00e4rkide t\u00e4itmiseks, milleks isikuandmeid koguti (v\u00e4lja arvatud e-postiturunduses, kus andmeid talletatakse seitse aastat).<\/li>\n<\/ul>\n\n\n\n<p><strong>Isikuandmete kaitse ja \u00f5igused ning juurdep\u00e4\u00e4s andmetele&nbsp;<\/strong><\/p>\n\n\n\n<p>Rakendame andmete kogumise, s\u00e4ilitamise ja t\u00f6\u00f6tlemise tavasid ning turvameetmeid, et kaitsta Kasutaja veebilehel salvestatud andmeid loata juurdep\u00e4\u00e4su, muutmise, avalikustamise v\u00f5i h\u00e4vitamise eest.<\/p>\n\n\n\n<p>Sul on \u00f5igus saada teavet enda isikuandmete t\u00f6\u00f6tlemise kohta ja soovi korral esita meile digitaalselt allkirjastatud taotlus. Enne vastamist veendume, et taotluse esitajal on olemas \u00f5igus andmeid saada v\u00f5i n\u00f5uda toimingu tegemist. Sul on \u00f5igus:&nbsp;<\/p>\n\n\n\n<ul class=\"wp-block-list\">\n<li>taotleda juurdep\u00e4\u00e4su oma isikuandmetele;&nbsp;<\/li>\n\n\n\n<li>taotleda oma isikuandmete muutmist, kui edastad meile teabe muutmist vajavate andmetega;&nbsp;<\/li>\n\n\n\n<li>taotleda oma isikuandmete kustutamist. See ei kohaldu, kui isikuandmeid, mida palutakse kustutada, t\u00f6\u00f6deldakse m\u00f5nel muul \u00f5iguslikul alusel v\u00f5i kui andmete s\u00e4ilitamise kohustus tuleneb \u00f5igusaktist;&nbsp;<\/li>\n\n\n\n<li>taotleda oma isikuandmete t\u00f6\u00f6tlemise piiramist;&nbsp;<\/li>\n\n\n\n<li>taotleda oma isikuandmete \u00fclekandmist;&nbsp;<\/li>\n\n\n\n<li>taotleda oma isikuandmete t\u00f6\u00f6tlemise n\u00f5usoleku tagasiv\u00f5tmist;&nbsp;<\/li>\n\n\n\n<li>esitada kaebus j\u00e4relevalveasutusele (Andmekaitse Inspektsioon, (info@aki.ee, 627 4135);&nbsp;<\/li>\n\n\n\n<li>v\u00f5tta tagasi oma n\u00f5usolek igal ajal, mh loobuda uudiskirja saamisest. N\u00f5usoleku tagasiv\u00f5tmine aga ei m\u00f5juta enne tagasiv\u00f5tmist n\u00f5usoleku alusel toimunud t\u00f6\u00f6tlemise seaduslikkust.&nbsp;<\/li>\n<\/ul>\n\n\n\n<p>Veebileht v\u00f5ib koguda, t\u00f6\u00f6delda ja kasutada teie isikuandmeid, sealhulgas teie nimi, postiaadress ja mobiiltelefon ning teave teie poolt esitatud tellimuse osas soovitud teenuse v\u00f5i toote kohta.<\/p>\n\n\n\n<p>Veebilehe andmeid v\u00f5idakse t\u00f6\u00f6delda allj\u00e4rgnevatel p\u00f5hjustel:<\/p>\n\n\n\n<ul class=\"wp-block-list\">\n<li>et tagada juurdep\u00e4\u00e4s meie veebilehele, sealhulgas ka juurdep\u00e4\u00e4s Veebilehe ja meie partnerite teenustele ja toodetele;&nbsp;<\/li>\n\n\n\n<li>et t\u00f6\u00f6delda p\u00e4ringuid;<\/li>\n\n\n\n<li>et pakkuda teile teenuseid\/tooteid (\u00fcksnes teie n\u00f5usolekul);<\/li>\n\n\n\n<li>et v\u00f5tta \u00fchendust veebilehte k\u00fclastanud isikuga seoses saabunud p\u00e4ringuga v\u00f5i soovitud teenuste\/toodetega;<\/li>\n\n\n\n<li>et osutada teenuseid\/m\u00fc\u00fca tooteid, mida olete soovinud;<\/li>\n\n\n\n<li>et korraldada mis tahes maksete t\u00f6\u00f6tlemist.<\/li>\n<\/ul>\n\n\n\n<p>Isikuandmeid talletatakse<\/p>\n\n\n\n<p>Veebilehe kaudu tehtud p\u00e4ringuid talletatakse \u00fche aasta v\u00e4ltel alates p\u00e4ringu tegemises.<\/p>\n\n\n\n<p>K\u00fcpsiste info<\/p>\n\n\n\n<p><strong>K\u00fcpsiste eeskirjad&nbsp;<\/strong><\/p>\n\n\n\n<p><strong>Mis on k\u00fcpsised ja kuidas me neid kasutame?&nbsp;<\/strong><\/p>\n\n\n\n<p>Veebilehtede puhul nagu on tavaks, kasutab ka meie Veebileht k\u00fcpsiseid \u2013 pisikesi faile, mis laetakse Kasutaja arvutisse, et pakkuda Veebilehel paremat kasutuskogemust.&nbsp;<\/p>\n\n\n\n<p>Privaatsusmooduli k\u00fcpsiste (mitte)kinnitamine<\/p>\n\n\n\n<p>N\u00f5ustudes k\u00fcpsistega (cookies) mooduliga veebilehel, mis asub veebilehe jaluses, talletatakse teie n\u00f5usolek igavesti \/ j\u00e4\u00e4davalt, kuni privaatsuspoliitika uuendamiseni. Teil on v\u00f5imalik seadmest kustutada teie unikaalset k\u00fcpsise koodi, mis j\u00e4rel kuvatakse teile uuesti k\u00fcpsiste informatsiooni (v\u00f5i mingi konkreetse perioodi jooksul).<\/p>\n\n\n\n<p>Veebilehe k\u00fcpsistega mitte n\u00f5ustumisel talletatakse teie keeldumise otsust kuniks te seda ise muudate. Teil on seda v\u00f5imalik muuta igal ajahetkel.&nbsp;<\/p>\n\n\n\n<p>Veebileht v\u00f5ib edastada teie isikuandmeid Euroopa Majanduspiirkonna piires t\u00f6\u00f6tlemiseks kolmandast isikust spetsialistidele ja\/v\u00f5i meie partnerile. Kogume andmeid vaid m\u00f5istlikkuse piires, rakendades k\u00f5iki vajalikke meetmeid, et tagada teie isikuandmete turvaline ja privaatsusp\u00f5him\u00f5tete kohane t\u00f6\u00f6tlemine.<\/p>\n\n\n\n<p>Kolmas isik on ettev\u00f5tte lepingupartner ja\/v\u00f5i tulenevalt seadusest esindav isik (n\u00e4iteks PPA), kes t\u00f6\u00f6tleb isikuandmeid. Isikuandmeid avalikustatakse kolmandatele isikutele ainult seaduses v\u00e4lja toodud punkti alusel ja\/v\u00f5i digitaalselt allkirjastatud p\u00e4ringu alusel, millele ettev\u00f5te vastab 30 kalendrip\u00e4eva jooksul. Neid p\u00e4ringuid talletatakse arhiivis 5 aastat.<\/p>\n\n\n\n<p>Veebileht kasutab andmete kogumiseks k\u00fcpsiseid. K\u00fcpsis on v\u00e4ike arvutikoodi l\u00f5ik, mille anname teie veebibrauserile, kui veebisaiti esimest korda k\u00fclastate. Edaspidi v\u00f5ivad k\u00fcpsised aidata meil pakkuda teile ainulaadset sisu v\u00f5i teha reklaami (reklaamik\u00fcpsised) selle p\u00f5hjal, mida olete meile enda kohta avaldanud v\u00f5i millist sisu olete vaadanud.<\/p>\n\n\n\n<p>Veebilehitsejast k\u00fcpsiste kustutamise ja nende seadistamise kohta vt teavet siit (dokument on inglise keeles): <a href=\"https:\/\/support.google.com\/chrome\/answer\/95647?hl=en\">https:\/\/support.google.com\/chrome\/answer\/95647?hl=en<\/a>. Kui k\u00fcpsised interneti veebilehitsejast \u00e4ra kustutate, kaob s\u00fcsteemidest teie unikaalne kood ja seda pole enam v\u00f5imalik teiega siduda ning taaskordsel k\u00fclastusel annab veebilehitseja teile uue unikaalse koodi.<\/p>\n\n\n\n<p>Reklaamik\u00fcpsised \u2013 kasutatakse meie veebilehel, et pakkuda olemasolevatele ja tulevastele klientidele meie teenuste\/toodete kohta informatsiooni erinevatel reklaamiplatvormidel, n\u00e4iteks Google\u2019i otsingumootorites ja sotsiaalmeedias (n\u00e4iteks Facebook v\u00f5i Instagram).<\/p>\n\n\n\n<p>Samuti kasutame t\u00f6\u00f6s k\u00fcpsiste kaudu osalist andmete automaatset edastamist. Ettev\u00f5te ei edasta teie nime, e-posti ega telefoni. Kasutame andmete edastamiseks IP-aadressi. See on vajalik, et saaksime kasutada oma turundust\u00f6\u00f6s vajalikke programme. N\u00e4iteks Google Analytics ja\/v\u00f5i Facebook Pixel.<\/p>\n\n\n\n<p>Google Analytics https:\/\/marketingplatform.google.com\/about\/analytics\/terms\/us\/<\/p>\n\n\n\n<p>Facebook Pixel https:\/\/www.facebook.com\/privacy\/policy\/?entry_point=data_policy_redirect&amp;entry=0<\/p>\n\n\n\n<p><strong>K\u00fcpsiseid on kahte t\u00fc\u00fcpi.<\/strong><\/p>\n\n\n\n<p>P\u00fcsivad k\u00fcpsised j\u00e4\u00e4vad kasutaja arvutis asuvasse k\u00fcpsiste faili p\u00fcsivalt. Neid v\u00f5idakse kasutada n\u00e4iteks kasutaja kui veebilehe korduvk\u00fclastaja \u00e4ratundmiseks, veebilehe sisu kohandamiseks vastavalt kasutaja vajadustele v\u00f5i statistiliste andmete kogumiseks.<\/p>\n\n\n\n<p>Seansik\u00fcpsised on ajutised ja kaovad, kui kasutaja veebilehelt lahkub v\u00f5i oma veebilehitseja sulgeb. Seansik\u00fcpsiseid v\u00f5idakse kasutada veebilehe teatud funktsioonide, n\u00e4iteks teenuse v\u00f5i toote taotlemise jms v\u00f5imaldamiseks.<\/p>\n\n\n\n<p><strong>K\u00fcpsiste informatsioon<\/strong><\/p>\n\n\n\n        <div class=\"ct-ultimate-gdpr-container\">\n            <label for=\"ct-ultimate-gdpr-party-filter\"> First or Third Party Filter<\/label>\n            <select name=\"ct-ultimate-gdpr-party-filter\" id=\"ct-ultimate-gdpr-party-filter\">\n                <option value=\"\">Any<\/option>\n                <option value=\"First party\">First party<\/option>\n                <option value=\"Third party\">Third party<\/option>\n            <\/select>\n        <\/div>\n        <div id=\"ct-ultimate-gdpr-cookies-table\" class=\"ct-ultimate-gdpr-table-responsive table-responsive\">\n            <table>\n                <thead>\n                    <tr>\n                        <th>\n                            Cookie names                        <\/th>\n                        <th>\n                            Type of cookie                        <\/th>\n                        <th>\n                            First or Third party                        <\/th>\n                        <th>\n                            Can be blocked                        <\/th>\n                        <th>\n                            Session or Persistent                        <\/th>\n                        <th>\n                            Expiry Time                        <\/th>\n                        <th>\n                            Purpose                        <\/th>\n                    <\/tr>\n                <\/thead>\n                <tbody><\/tbody>\n            <\/table>\n        <\/div>\n\t\t\n\n\n\n<p>Programmid kasutavad k\u00fclastajate poolt tehtud p\u00e4ringuid v\u00f5i \u00fcksk\u00f5ik mil viisil edastatavat infot, et hinnata veebilehe kasutust kasutajamugavuse parandamiseks. See aitab veebilehte t\u00e4iustada, et see tulevikus veebilehe k\u00fclastajale mugavam oleks.<\/p>\n\n\n\n<p>Kui te ei soovi k\u00fcpsiseid vastu v\u00f5tta, on teil alati v\u00f5imalik see oma veebilehitsejas \u00e4ra m\u00e4rkida. Selle kohta on v\u00f5imalik saada lisateavet teie veebilehitseja loojalt. Kui k\u00fcpsised \u00e4ra keelata, ei pruugi teatud funktsioonid meie kodulehel t\u00f6\u00f6tada v\u00f5i teatud teenused teile k\u00e4ttesaadavad olla.<\/p>\n\n\n\n<p>Veebilehe k\u00fclastaja v\u00f5ib igal ajal keelata oma andmete kogumise Google Analyticsi poolt. Selleks peab veebilehe k\u00fclastaja veebisaidilt vastava veebilehitseja lisamooduli (plugin) alla laadima ja lisama selle oma veebilehitsejale: www.tools.google.com\/dlpage\/gaoptout?hl=en<\/p>\n\n\n\n<p>Kui teil on veel k\u00fcsimusi veebilehitseja k\u00fcpsiste kasutamise kohta saidil veebileht, siis v\u00f5tke meiega k\u00f5hklemata \u00fchendust e-posti vahendusel. Tuletame meelde, et isikuandmeid ei avalikustata kolmandatele osapooltele lihtkirja alusel.<\/p>\n\n\n\n<p>Veebilehe k\u00fclastajate profileerimine<\/p>\n\n\n\n<p>Veebileht v\u00f5ib kasutada veebilehe kasutajate statistilisi andmeid selleks, et anal\u00fc\u00fcsida nendega seotud trende ja demograafiat, kuid veebilehe omanik ei koosta veebilehe k\u00fclastajate kohta individuaalseid profiile. Profileerimine toimub \u00fcldistatult ja grupeerimise printsiibi alusel.<\/p>\n\n\n\n<p>Veebilehe sisesed ja veebilehe v\u00e4lised lingid<\/p>\n\n\n\n<ul class=\"wp-block-list\">\n<li>Veebilehe sisesed lingid on algusega koduleht.ee ning on domeenisisesed, mis t\u00e4hendab, et nende turvalisuse eest vastutame meie.<\/li>\n\n\n\n<li>Veebilehe v\u00e4liste linkide paigutamine veebilehele ei t\u00e4henda selle veebilehe ja\/v\u00f5i selle sisu heakskiitmist. Nende turvalisuse eest me ei vastuta.<\/li>\n<\/ul>\n\n\n\n<p>Need lehed v\u00f5ivad teie kohta koguda andmeid, asendada k\u00fcpsiseid v\u00f5i edastada teie andmeid kolmandatele osapooltele.<\/p>\n\n\n\n<p>Veebilehe sisesed ja v\u00e4lised k\u00fcpsised (cookies)<\/p>\n\n\n\n<ul class=\"wp-block-list\">\n<li>Sisesed k\u00fcpsised \u2013 haldaja kasutatavad veebilehe sisesed k\u00fcpsised on kasutaja seadme jaoks ohutud.<\/li>\n\n\n\n<li>V\u00e4lised k\u00fcpsised \u2013 haldaja ei vastuta veebilehe partnerite k\u00fcpsiste turvalisuse eest. Partnerite nimekirja leiab meie veebilehelt.<\/li>\n<\/ul>\n\n\n\n<p>Need lehed v\u00f5ivad teie kohta koguda andmeid, asendada k\u00fcpsiseid v\u00f5i edastada teie andmeid kolmandatele osapooltele.<\/p>\n\n\n\n<p>Koduleht kasutab HTTPS \u00fchendust. HTTPS ehk kr\u00fcpteeritud \u00fchendusega ligip\u00e4\u00e4s veebilehele on tegelikult \u00fclioluline. Kr\u00fcpteerimata lehel andmete sisestamine on sama ebaturvaline kui kontori ukse lukustamata j\u00e4tmine v\u00f5i PIN-koodi kirjutamine pangakaardile. Kogu info, mis internetis ilma HTTPS (SSL) protokollita liigub on sisuliselt avalik. Seda eriti kasutades avalikku, jagatud v\u00f5i WiFi-v\u00f5rgu\u00fchendust.&nbsp;<\/p>\n\n\n\n<p><strong>Meiliturundus ehk otseturundus<\/strong><\/p>\n\n\n\n<p>Ettev\u00f5te kasutab meiliturunduses j\u00e4rgnevat partnerit: Smaily.com&nbsp;<\/p>\n\n\n\n<p>Liitudes Ettev\u00f5tte otseturundusega veebilehel (siinkohal tuleb t\u00e4hele panna, et kui liitumine on kodulehe v\u00e4line tuleb sellest kliendile teada anda), annan vajutades nupule \u201eprivaatsustingimustega n\u00f5ustumine\u201c enda n\u00f5usoleku ning n\u00f5ustun \u00fchtlasi saama uudiskirju 1-2 korda kuus.<\/p>\n\n\n\n<p>Otseturundusinformatsiooni talletatakse kliendi kohta vastavalt Euroopa Liidu n\u00f5uetele.&nbsp;<\/p>\n\n\n\n<p>E-posti ja telefoninumbrit (vajadusel ka nime) kasutatakse otseturundusteadete saatmiseks, kui kasutaja on andnud vastava n\u00f5usoleku. Kui kasutaja ei soovi saada otseturundusteateid, siis tuleb valida e-kirja jaluses vastav viide ja sellest teada anda.<\/p>\n\n\n\n<p>Kui isikuandmeid t\u00f6\u00f6deldakse otseturunduse eesm\u00e4rgil (profileerimine), on kliendil \u00f5igus oma isikuandmete nii algse kui ka edasise t\u00f6\u00f6tlemise, sealhulgas otseturundusega seotud profiilianal\u00fc\u00fcsi tegemise suhtes igal ajal keelduda ja esitada sooviavaldus (lahku uudiskirjast* v\u00f5i kirjutades e-kirja) sellest ettev\u00f5ttele e-posti teel (vastav teave tuleb esitada selges\u00f5naliselt ja eraldi igasugusest muust informatsioonist).<\/p>\n\n\n\n<p>*Lahkudes otseturunduslistist j\u00f5ustub teie sooviavaldus koheselt ning vastavast kuup\u00e4evast alates ei saada ettev\u00f5te teile enam otseturundusinformatsiooni.<\/p>\n\n\n\n<p>Otseturundusega seotud kliendi andmeid talletatakse kuni seitse aastat meie partnerite juures.<\/p>\n\n\n\n<p>Privaatsuspoliitika on koostatud: 10. juuni 2024<\/p>\n","protected":false},"excerpt":{"rendered":"<p>Veebilehe idaviru.ee vastutav ettev\u00f5tte esindaja on Ida-Viru Ettev\u00f5tluskeskus SA registrikood: 90003367. Juriidiline aadress Keskv\u00e4ljak 4 J\u00f5hvi, J\u00f5hvi vald Ida-Virumaa, e-post info@ivek.ee. Veebilehe registripidaja: Zone Media O\u00dc (www.zone.ee) Veebileht: www.idaviru.ee www.idaviru.ee (edaspidi Veebileht) on ettev\u00f5ttele Ida-Viru Ettev\u00f5tluskeskus SA (edaspidi IVEK) kuuluv veebileht. K\u00e4esoleval kodulehel kuvatud info, tekstid, pildid v\u00f5i mis tahes muu infomaterjali igasugune (mitte)\u00e4rilistel eesm\u00e4rkidel [&hellip;]<\/p>\n","protected":false},"author":39,"featured_media":0,"parent":0,"menu_order":0,"comment_status":"closed","ping_status":"closed","template":"page-templates\/page-fw.php","meta":{"_acf_changed":false,"inline_featured_image":false,"footnotes":""},"class_list":["post-2973778","page","type-page","status-publish","hentry"],"acf":[],"_links":{"self":[{"href":"https:\/\/idaviru.ee\/en\/wp-json\/wp\/v2\/pages\/2973778","targetHints":{"allow":["GET"]}}],"collection":[{"href":"https:\/\/idaviru.ee\/en\/wp-json\/wp\/v2\/pages"}],"about":[{"href":"https:\/\/idaviru.ee\/en\/wp-json\/wp\/v2\/types\/page"}],"author":[{"embeddable":true,"href":"https:\/\/idaviru.ee\/en\/wp-json\/wp\/v2\/users\/39"}],"replies":[{"embeddable":true,"href":"https:\/\/idaviru.ee\/en\/wp-json\/wp\/v2\/comments?post=2973778"}],"version-history":[{"count":0,"href":"https:\/\/idaviru.ee\/en\/wp-json\/wp\/v2\/pages\/2973778\/revisions"}],"wp:attachment":[{"href":"https:\/\/idaviru.ee\/en\/wp-json\/wp\/v2\/media?parent=2973778"}],"curies":[{"name":"wp","href":"https:\/\/api.w.org\/{rel}","templated":true}]}}