{"id":384228,"date":"2020-04-28T10:05:16","date_gmt":"2020-04-28T10:05:16","guid":{"rendered":"https:\/\/idaviru.ee\/kuidas-tulla\/"},"modified":"2024-05-16T11:09:26","modified_gmt":"2024-05-16T08:09:26","slug":"how-to-come","status":"publish","type":"page","link":"https:\/\/idaviru.ee\/en\/how-to-come\/","title":{"rendered":"How to come"},"content":{"rendered":"\t\t<div data-elementor-type=\"wp-page\" data-elementor-id=\"384228\" class=\"elementor elementor-384228 elementor-8128\" data-elementor-post-type=\"page\">\n\t\t\t\t\t\t<section class=\"elementor-section elementor-top-section elementor-element elementor-element-2b74f71 elementor-section-boxed elementor-section-height-default elementor-section-height-default\" data-id=\"2b74f71\" data-element_type=\"section\" data-e-type=\"section\">\n\t\t\t\t\t\t<div class=\"elementor-container elementor-column-gap-default\">\n\t\t\t\t\t<div class=\"elementor-column elementor-col-100 elementor-top-column elementor-element elementor-element-2024026\" data-id=\"2024026\" data-element_type=\"column\" data-e-type=\"column\">\n\t\t\t<div class=\"elementor-widget-wrap elementor-element-populated\">\n\t\t\t\t\t\t<div class=\"elementor-element elementor-element-92742d3 elementor-widget__width-inherit elementor-widget elementor-widget-heading\" data-id=\"92742d3\" data-element_type=\"widget\" data-e-type=\"widget\" data-widget_type=\"heading.default\">\n\t\t\t\t<div class=\"elementor-widget-container\">\n\t\t\t\t\t<h1 class=\"elementor-heading-title elementor-size-default\">HOW TO COME TO IDA-VIRU COUNTY<\/h1>\t\t\t\t<\/div>\n\t\t\t\t<\/div>\n\t\t\t\t<div class=\"elementor-element elementor-element-38af151 elementor-widget elementor-widget-text-editor\" data-id=\"38af151\" data-element_type=\"widget\" data-e-type=\"widget\" data-widget_type=\"text-editor.default\">\n\t\t\t\t<div class=\"elementor-widget-container\">\n\t\t\t\t\t\t\t\t\t<p>Ida-Viru is easily accessible by car, bus, train, bicycle and caravan. The location of Ida-Virumaa is good, because we are 2 hours&#8217; drive from the Estonian capital Tallinn, where the international airport is located, and 1.5 hours&#8217; drive from the university town of Tartu. Estonian cities have a good bus connection with J\u00f5hvi and Narva, as well as a good train connection with Tallinn.<\/p>\t\t\t\t\t\t\t\t<\/div>\n\t\t\t\t<\/div>\n\t\t\t\t\t<\/div>\n\t\t<\/div>\n\t\t\t\t\t<\/div>\n\t\t<\/section>\n\t\t\t\t<section class=\"elementor-section elementor-top-section elementor-element elementor-element-73d5a82 elementor-section-boxed elementor-section-height-default elementor-section-height-default\" data-id=\"73d5a82\" data-element_type=\"section\" data-e-type=\"section\">\n\t\t\t\t\t\t<div class=\"elementor-container elementor-column-gap-default\">\n\t\t\t\t\t<div class=\"elementor-column elementor-col-100 elementor-top-column elementor-element elementor-element-ad6a938\" data-id=\"ad6a938\" data-element_type=\"column\" data-e-type=\"column\">\n\t\t\t<div class=\"elementor-widget-wrap elementor-element-populated\">\n\t\t\t\t\t\t<section class=\"elementor-section elementor-inner-section elementor-element elementor-element-cabeb16 elementor-section-boxed elementor-section-height-default elementor-section-height-default\" data-id=\"cabeb16\" data-element_type=\"section\" data-e-type=\"section\">\n\t\t\t\t\t\t<div class=\"elementor-container elementor-column-gap-default\">\n\t\t\t\t\t<div class=\"elementor-column elementor-col-50 elementor-inner-column elementor-element elementor-element-465f37a\" data-id=\"465f37a\" data-element_type=\"column\" data-e-type=\"column\">\n\t\t\t<div class=\"elementor-widget-wrap elementor-element-populated\">\n\t\t\t\t\t\t<div class=\"elementor-element elementor-element-bccdc65 elementor-widget elementor-widget-image\" data-id=\"bccdc65\" data-element_type=\"widget\" data-e-type=\"widget\" data-widget_type=\"image.default\">\n\t\t\t\t<div class=\"elementor-widget-container\">\n\t\t\t\t\t\t\t\t\t\t\t\t\t\t\t<img fetchpriority=\"high\" decoding=\"async\" width=\"800\" height=\"800\" src=\"https:\/\/idaviru.ee\/wp-content\/uploads\/2020\/04\/logo_tpilet.svg\" class=\"attachment-large size-large wp-image-8136\" alt=\"logo_tpilet\" \/>\t\t\t\t\t\t\t\t\t\t\t\t\t\t\t<\/div>\n\t\t\t\t<\/div>\n\t\t\t\t\t<\/div>\n\t\t<\/div>\n\t\t\t\t<div class=\"elementor-column elementor-col-50 elementor-inner-column elementor-element elementor-element-d61fe0b\" data-id=\"d61fe0b\" data-element_type=\"column\" data-e-type=\"column\">\n\t\t\t<div class=\"elementor-widget-wrap elementor-element-populated\">\n\t\t\t\t\t\t<div class=\"elementor-element elementor-element-fd4e6c7 elementor-widget__width-inherit elementor-widget elementor-widget-heading\" data-id=\"fd4e6c7\" data-element_type=\"widget\" data-e-type=\"widget\" data-widget_type=\"heading.default\">\n\t\t\t\t<div class=\"elementor-widget-container\">\n\t\t\t\t\t<h3 class=\"elementor-heading-title elementor-size-default\">By Bus<\/h3>\t\t\t\t<\/div>\n\t\t\t\t<\/div>\n\t\t\t\t<div class=\"elementor-element elementor-element-aa73f89 elementor-widget elementor-widget-text-editor\" data-id=\"aa73f89\" data-element_type=\"widget\" data-e-type=\"widget\" data-widget_type=\"text-editor.default\">\n\t\t\t\t<div class=\"elementor-widget-container\">\n\t\t\t\t\t\t\t\t\t<p>Convenient coaches from both the Tallinn and Tartu coach stations travel to Ida-Viru County. Most coaches departing from Tallinn and Tartu to Ida-Viru County stop in major towns J\u00f5hvi, Sillam\u00e4e and Narva. Tallinn coaches also stop in Kohtla-J\u00e4rve. You can find bus routes\u00a0<a href=\"http:\/\/www.tpilet.ee\/\">here.<\/a><\/p><p>Particularly comfortable Lux Express coaches operate the route Tallinn &#8211; Ida-Viru County &#8211; St. Petersburg. Pre-book your tickets as early as possible on the Lux Express website\u00a0<a href=\"https:\/\/goo.gl\/QPyxgW\">here<\/a>.<\/p><p>\u00a0Bus lines within the county reach almost all major attractions, for example, Kurem\u00e4e, Toila, M\u00e4etaguse, Sillam\u00e4e, etc. You will find the numbers and times of the county buses\u00a0<a href=\"http:\/\/peatus.ee\/#region;ida-viru\">here.<\/a><\/p>\t\t\t\t\t\t\t\t<\/div>\n\t\t\t\t<\/div>\n\t\t\t\t\t<\/div>\n\t\t<\/div>\n\t\t\t\t\t<\/div>\n\t\t<\/section>\n\t\t\t\t\t<\/div>\n\t\t<\/div>\n\t\t\t\t\t<\/div>\n\t\t<\/section>\n\t\t\t\t<section class=\"elementor-section elementor-top-section elementor-element elementor-element-7193fa2 elementor-section-boxed elementor-section-height-default elementor-section-height-default\" data-id=\"7193fa2\" data-element_type=\"section\" data-e-type=\"section\">\n\t\t\t\t\t\t<div class=\"elementor-container elementor-column-gap-default\">\n\t\t\t\t\t<div class=\"elementor-column elementor-col-100 elementor-top-column elementor-element elementor-element-15db285\" data-id=\"15db285\" data-element_type=\"column\" data-e-type=\"column\">\n\t\t\t<div class=\"elementor-widget-wrap elementor-element-populated\">\n\t\t\t\t\t\t<section class=\"elementor-section elementor-inner-section elementor-element elementor-element-77ee282 elementor-section-boxed elementor-section-height-default elementor-section-height-default\" data-id=\"77ee282\" data-element_type=\"section\" data-e-type=\"section\">\n\t\t\t\t\t\t<div class=\"elementor-container elementor-column-gap-default\">\n\t\t\t\t\t<div class=\"elementor-column elementor-col-50 elementor-inner-column elementor-element elementor-element-e13bf30\" data-id=\"e13bf30\" data-element_type=\"column\" data-e-type=\"column\">\n\t\t\t<div class=\"elementor-widget-wrap elementor-element-populated\">\n\t\t\t\t\t\t<div class=\"elementor-element elementor-element-e63678e elementor-widget elementor-widget-image\" data-id=\"e63678e\" data-element_type=\"widget\" data-e-type=\"widget\" data-widget_type=\"image.default\">\n\t\t\t\t<div class=\"elementor-widget-container\">\n\t\t\t\t\t\t\t\t\t\t\t\t\t\t\t<img decoding=\"async\" width=\"800\" height=\"533\" src=\"https:\/\/idaviru.ee\/wp-content\/uploads\/2024\/05\/SvenZacek_Valaste_21-vahendatud-PS-1024x682.jpg\" class=\"attachment-large size-large wp-image-2966969\" alt=\"\" srcset=\"\/\/idaviru.ee\/wp-content\/uploads\/2024\/05\/SvenZacek_Valaste_21-vahendatud-PS-1024x682.jpg 1024w, \/\/idaviru.ee\/wp-content\/uploads\/2024\/05\/SvenZacek_Valaste_21-vahendatud-PS-300x200.jpg 300w, \/\/idaviru.ee\/wp-content\/uploads\/2024\/05\/SvenZacek_Valaste_21-vahendatud-PS-768x511.jpg 768w, \/\/idaviru.ee\/wp-content\/uploads\/2024\/05\/SvenZacek_Valaste_21-vahendatud-PS-1536x1023.jpg 1536w, \/\/idaviru.ee\/wp-content\/uploads\/2024\/05\/SvenZacek_Valaste_21-vahendatud-PS-600x400.jpg 600w, \/\/idaviru.ee\/wp-content\/uploads\/2024\/05\/SvenZacek_Valaste_21-vahendatud-PS.jpg 2000w\" sizes=\"(max-width: 800px) 100vw, 800px\" \/>\t\t\t\t\t\t\t\t\t\t\t\t\t\t\t<\/div>\n\t\t\t\t<\/div>\n\t\t\t\t\t<\/div>\n\t\t<\/div>\n\t\t\t\t<div class=\"elementor-column elementor-col-50 elementor-inner-column elementor-element elementor-element-c7b9fb8\" data-id=\"c7b9fb8\" data-element_type=\"column\" data-e-type=\"column\">\n\t\t\t<div class=\"elementor-widget-wrap elementor-element-populated\">\n\t\t\t\t\t\t<div class=\"elementor-element elementor-element-2638120 elementor-widget__width-inherit elementor-widget elementor-widget-heading\" data-id=\"2638120\" data-element_type=\"widget\" data-e-type=\"widget\" data-widget_type=\"heading.default\">\n\t\t\t\t<div class=\"elementor-widget-container\">\n\t\t\t\t\t<h3 class=\"elementor-heading-title elementor-size-default\">WITH CAR<\/h3>\t\t\t\t<\/div>\n\t\t\t\t<\/div>\n\t\t\t\t<div class=\"elementor-element elementor-element-e5406bc elementor-widget elementor-widget-text-editor\" data-id=\"e5406bc\" data-element_type=\"widget\" data-e-type=\"widget\" data-widget_type=\"text-editor.default\">\n\t\t\t\t<div class=\"elementor-widget-container\">\n\t\t\t\t\t\t\t\t\t<p>Guests from Tallinn arrive in Ida-Virumaa along Tallinn-Narva highway (E 20)<\/p><p>Guests coming from Tartu arrive in Ida-Virumaa along Valga-Tartu-J\u00f5hvi highway (E 264)<\/p><div style=\"display: none;\">\u00a0<\/div>\t\t\t\t\t\t\t\t<\/div>\n\t\t\t\t<\/div>\n\t\t\t\t\t<\/div>\n\t\t<\/div>\n\t\t\t\t\t<\/div>\n\t\t<\/section>\n\t\t\t\t\t<\/div>\n\t\t<\/div>\n\t\t\t\t\t<\/div>\n\t\t<\/section>\n\t\t\t\t<section class=\"elementor-section elementor-top-section elementor-element elementor-element-7f2208c elementor-section-boxed elementor-section-height-default elementor-section-height-default\" data-id=\"7f2208c\" data-element_type=\"section\" data-e-type=\"section\">\n\t\t\t\t\t\t<div class=\"elementor-container elementor-column-gap-default\">\n\t\t\t\t\t<div class=\"elementor-column elementor-col-100 elementor-top-column elementor-element elementor-element-1727fed\" data-id=\"1727fed\" data-element_type=\"column\" data-e-type=\"column\">\n\t\t\t<div class=\"elementor-widget-wrap elementor-element-populated\">\n\t\t\t\t\t\t<section class=\"elementor-section elementor-inner-section elementor-element elementor-element-2a42c68 elementor-section-boxed elementor-section-height-default elementor-section-height-default\" data-id=\"2a42c68\" data-element_type=\"section\" data-e-type=\"section\">\n\t\t\t\t\t\t<div class=\"elementor-container elementor-column-gap-default\">\n\t\t\t\t\t<div class=\"elementor-column elementor-col-50 elementor-inner-column elementor-element elementor-element-f108639\" data-id=\"f108639\" data-element_type=\"column\" data-e-type=\"column\">\n\t\t\t<div class=\"elementor-widget-wrap elementor-element-populated\">\n\t\t\t\t\t\t<div class=\"elementor-element elementor-element-fbe8e44 elementor-widget elementor-widget-image\" data-id=\"fbe8e44\" data-element_type=\"widget\" data-e-type=\"widget\" data-widget_type=\"image.default\">\n\t\t\t\t<div class=\"elementor-widget-container\">\n\t\t\t\t\t\t\t\t\t\t\t\t\t\t\t<img fetchpriority=\"high\" decoding=\"async\" width=\"800\" height=\"800\" src=\"https:\/\/idaviru.ee\/wp-content\/uploads\/2020\/04\/logo_tpilet.svg\" class=\"attachment-large size-large wp-image-8136\" alt=\"logo_tpilet\" \/>\t\t\t\t\t\t\t\t\t\t\t\t\t\t\t<\/div>\n\t\t\t\t<\/div>\n\t\t\t\t\t<\/div>\n\t\t<\/div>\n\t\t\t\t<div class=\"elementor-column elementor-col-50 elementor-inner-column elementor-element elementor-element-3c7c526\" data-id=\"3c7c526\" data-element_type=\"column\" data-e-type=\"column\">\n\t\t\t<div class=\"elementor-widget-wrap elementor-element-populated\">\n\t\t\t\t\t\t<div class=\"elementor-element elementor-element-2bd519d elementor-widget__width-inherit elementor-widget elementor-widget-heading\" data-id=\"2bd519d\" data-element_type=\"widget\" data-e-type=\"widget\" data-widget_type=\"heading.default\">\n\t\t\t\t<div class=\"elementor-widget-container\">\n\t\t\t\t\t<h3 class=\"elementor-heading-title elementor-size-default\">BY TRAIN<\/h3>\t\t\t\t<\/div>\n\t\t\t\t<\/div>\n\t\t\t\t<div class=\"elementor-element elementor-element-a7f4656 elementor-widget elementor-widget-text-editor\" data-id=\"a7f4656\" data-element_type=\"widget\" data-e-type=\"widget\" data-widget_type=\"text-editor.default\">\n\t\t\t\t<div class=\"elementor-widget-container\">\n\t\t\t\t\t\t\t\t\t<p>The Elron trains from and to Tallinn travel to Ida-Virumaa four times a day. See the timetable here: <a href=\"http:\/\/elron.ee\/\"><strong>http:\/\/elron.ee\/<\/strong><\/a><\/p>\t\t\t\t\t\t\t\t<\/div>\n\t\t\t\t<\/div>\n\t\t\t\t\t<\/div>\n\t\t<\/div>\n\t\t\t\t\t<\/div>\n\t\t<\/section>\n\t\t\t\t\t<\/div>\n\t\t<\/div>\n\t\t\t\t\t<\/div>\n\t\t<\/section>\n\t\t\t\t<section class=\"elementor-section elementor-top-section elementor-element elementor-element-9a2f4be elementor-section-boxed elementor-section-height-default elementor-section-height-default\" data-id=\"9a2f4be\" data-element_type=\"section\" data-e-type=\"section\">\n\t\t\t\t\t\t<div class=\"elementor-container elementor-column-gap-default\">\n\t\t\t\t\t<div class=\"elementor-column elementor-col-100 elementor-top-column elementor-element elementor-element-ce113da\" data-id=\"ce113da\" data-element_type=\"column\" data-e-type=\"column\">\n\t\t\t<div class=\"elementor-widget-wrap elementor-element-populated\">\n\t\t\t\t\t\t<section class=\"elementor-section elementor-inner-section elementor-element elementor-element-e5f1756 elementor-section-boxed elementor-section-height-default elementor-section-height-default\" data-id=\"e5f1756\" data-element_type=\"section\" data-e-type=\"section\">\n\t\t\t\t\t\t<div class=\"elementor-container elementor-column-gap-default\">\n\t\t\t\t\t<div class=\"elementor-column elementor-col-50 elementor-inner-column elementor-element elementor-element-9b3a316\" data-id=\"9b3a316\" data-element_type=\"column\" data-e-type=\"column\">\n\t\t\t<div class=\"elementor-widget-wrap elementor-element-populated\">\n\t\t\t\t\t\t<div class=\"elementor-element elementor-element-5146285 elementor-widget elementor-widget-image\" data-id=\"5146285\" data-element_type=\"widget\" data-e-type=\"widget\" data-widget_type=\"image.default\">\n\t\t\t\t<div class=\"elementor-widget-container\">\n\t\t\t\t\t\t\t\t\t\t\t\t\t\t\t<img decoding=\"async\" width=\"800\" height=\"600\" src=\"https:\/\/idaviru.ee\/wp-content\/uploads\/2020\/10\/Auto_rent_Ida-Virumaal-Johvis-1024x768.jpg\" class=\"attachment-large size-large wp-image-1776082\" alt=\"Auto rent Ida-Virumaal\" srcset=\"\/\/idaviru.ee\/wp-content\/uploads\/2020\/10\/Auto_rent_Ida-Virumaal-Johvis-1024x768.jpg 1024w, \/\/idaviru.ee\/wp-content\/uploads\/2020\/10\/Auto_rent_Ida-Virumaal-Johvis-scaled-600x450.jpg 600w, \/\/idaviru.ee\/wp-content\/uploads\/2020\/10\/Auto_rent_Ida-Virumaal-Johvis-300x225.jpg 300w, \/\/idaviru.ee\/wp-content\/uploads\/2020\/10\/Auto_rent_Ida-Virumaal-Johvis-768x576.jpg 768w, \/\/idaviru.ee\/wp-content\/uploads\/2020\/10\/Auto_rent_Ida-Virumaal-Johvis-1536x1152.jpg 1536w, \/\/idaviru.ee\/wp-content\/uploads\/2020\/10\/Auto_rent_Ida-Virumaal-Johvis-scaled-2048x1536.jpg 2048w\" sizes=\"(max-width: 800px) 100vw, 800px\" \/>\t\t\t\t\t\t\t\t\t\t\t\t\t\t\t<\/div>\n\t\t\t\t<\/div>\n\t\t\t\t\t<\/div>\n\t\t<\/div>\n\t\t\t\t<div class=\"elementor-column elementor-col-50 elementor-inner-column elementor-element elementor-element-677c435\" data-id=\"677c435\" data-element_type=\"column\" data-e-type=\"column\">\n\t\t\t<div class=\"elementor-widget-wrap elementor-element-populated\">\n\t\t\t\t\t\t<div class=\"elementor-element elementor-element-149cd44 elementor-widget__width-inherit elementor-widget elementor-widget-heading\" data-id=\"149cd44\" data-element_type=\"widget\" data-e-type=\"widget\" data-widget_type=\"heading.default\">\n\t\t\t\t<div class=\"elementor-widget-container\">\n\t\t\t\t\t<h3 class=\"elementor-heading-title elementor-size-default\">CAR RENT<\/h3>\t\t\t\t<\/div>\n\t\t\t\t<\/div>\n\t\t\t\t<div class=\"elementor-element elementor-element-a4c94e7 elementor-widget elementor-widget-text-editor\" data-id=\"a4c94e7\" data-element_type=\"widget\" data-e-type=\"widget\" data-widget_type=\"text-editor.default\">\n\t\t\t\t<div class=\"elementor-widget-container\">\n\t\t\t\t\t\t\t\t\t<p><strong>Autoesindus J\u00f5hvis<\/strong><br \/>L\u00e4\u00e4ne 1b, J\u00f5hvi<br \/>Tel: +372 339 6200, e-mail: info@autoesindus.ee<br \/><a href=\"https:\/\/autoesindus.ee\/\" target=\"_blank\" rel=\"noopener\">https:\/\/autoesindus.ee<\/a><\/p><p><strong>Albion Motors O\u00dc Narvas<\/strong><br \/>Kerese 40G, Narva<br \/>Oleg Latt Tel: +372 356 9333, E-mail:\u00a0<span id=\"cloak88e33e427a72ad12318a62b5c7471003\"><a href=\"mailto:info@albionmotors.ee\">info@albionmotors.ee<\/a><\/span><br \/><a href=\"https:\/\/albionmotors.ee\/\" target=\"_blank\" rel=\"noopener\">https:\/\/albionmotors.ee<\/a><\/p>\t\t\t\t\t\t\t\t<\/div>\n\t\t\t\t<\/div>\n\t\t\t\t\t<\/div>\n\t\t<\/div>\n\t\t\t\t\t<\/div>\n\t\t<\/section>\n\t\t\t\t\t<\/div>\n\t\t<\/div>\n\t\t\t\t\t<\/div>\n\t\t<\/section>\n\t\t\t\t<\/div>\n\t\t","protected":false},"excerpt":{"rendered":"<p>HOW TO COME TO IDA-VIRU COUNTY Ida-Viru is easily accessible by car, bus, train, bicycle and caravan. The location of Ida-Virumaa is good, because we are 2 hours&#8217; drive from the Estonian capital Tallinn, where the international airport is located, and 1.5 hours&#8217; drive from the university town of Tartu. Estonian cities have a good [&hellip;]<\/p>\n","protected":false},"author":5,"featured_media":1776074,"parent":0,"menu_order":0,"comment_status":"closed","ping_status":"closed","template":"elementor_header_footer","meta":{"_acf_changed":false,"inline_featured_image":false,"footnotes":""},"class_list":["post-384228","page","type-page","status-publish","has-post-thumbnail","hentry"],"acf":[],"_links":{"self":[{"href":"https:\/\/idaviru.ee\/en\/wp-json\/wp\/v2\/pages\/384228","targetHints":{"allow":["GET"]}}],"collection":[{"href":"https:\/\/idaviru.ee\/en\/wp-json\/wp\/v2\/pages"}],"about":[{"href":"https:\/\/idaviru.ee\/en\/wp-json\/wp\/v2\/types\/page"}],"author":[{"embeddable":true,"href":"https:\/\/idaviru.ee\/en\/wp-json\/wp\/v2\/users\/5"}],"replies":[{"embeddable":true,"href":"https:\/\/idaviru.ee\/en\/wp-json\/wp\/v2\/comments?post=384228"}],"version-history":[{"count":0,"href":"https:\/\/idaviru.ee\/en\/wp-json\/wp\/v2\/pages\/384228\/revisions"}],"wp:featuredmedia":[{"embeddable":true,"href":"https:\/\/idaviru.ee\/en\/wp-json\/wp\/v2\/media\/1776074"}],"wp:attachment":[{"href":"https:\/\/idaviru.ee\/en\/wp-json\/wp\/v2\/media?parent=384228"}],"curies":[{"name":"wp","href":"https:\/\/api.w.org\/{rel}","templated":true}]}}