{"id":1770839,"date":"2020-10-20T08:20:49","date_gmt":"2020-10-20T08:20:49","guid":{"rendered":"https:\/\/idaviru.ee\/?page_id=1770839"},"modified":"2024-11-26T16:27:43","modified_gmt":"2024-11-26T14:27:43","slug":"blogi-ja-uutiset","status":"publish","type":"page","link":"https:\/\/idaviru.ee\/fi\/blogi-ja-uutiset\/","title":{"rendered":"Blogi ja uutiset"},"content":{"rendered":"\t\t<div data-elementor-type=\"wp-page\" data-elementor-id=\"1770839\" class=\"elementor elementor-1770839 elementor-1770834\" data-elementor-post-type=\"page\">\n\t\t\t\t\t\t<section class=\"elementor-section elementor-top-section elementor-element elementor-element-44b8fb5e elementor-section-boxed elementor-section-height-default elementor-section-height-default\" data-id=\"44b8fb5e\" data-element_type=\"section\" data-e-type=\"section\">\n\t\t\t\t\t\t<div class=\"elementor-container elementor-column-gap-default\">\n\t\t\t\t\t<div class=\"elementor-column elementor-col-100 elementor-top-column elementor-element elementor-element-713aae3a\" data-id=\"713aae3a\" data-element_type=\"column\" data-e-type=\"column\">\n\t\t\t<div class=\"elementor-widget-wrap elementor-element-populated\">\n\t\t\t\t\t\t<div class=\"elementor-element elementor-element-471800b9 elementor-widget__width-inherit elementor-widget elementor-widget-heading\" data-id=\"471800b9\" data-element_type=\"widget\" data-e-type=\"widget\" data-widget_type=\"heading.default\">\n\t\t\t\t<div class=\"elementor-widget-container\">\n\t\t\t\t\t<h1 class=\"elementor-heading-title elementor-size-default\">Blogi ja uutiset<\/h1>\t\t\t\t<\/div>\n\t\t\t\t<\/div>\n\t\t\t\t<div class=\"elementor-element elementor-element-9d25f82 elementor-grid-4 homeh elementor-grid-tablet-2 elementor-grid-mobile-1 elementor-posts--thumbnail-top elementor-card-shadow-yes elementor-posts__hover-gradient elementor-widget elementor-widget-posts\" data-id=\"9d25f82\" data-element_type=\"widget\" data-e-type=\"widget\" data-settings=\"{&quot;cards_columns&quot;:&quot;4&quot;,&quot;cards_columns_tablet&quot;:&quot;2&quot;,&quot;cards_columns_mobile&quot;:&quot;1&quot;,&quot;cards_row_gap&quot;:{&quot;unit&quot;:&quot;px&quot;,&quot;size&quot;:35,&quot;sizes&quot;:[]},&quot;cards_row_gap_tablet&quot;:{&quot;unit&quot;:&quot;px&quot;,&quot;size&quot;:&quot;&quot;,&quot;sizes&quot;:[]},&quot;cards_row_gap_mobile&quot;:{&quot;unit&quot;:&quot;px&quot;,&quot;size&quot;:&quot;&quot;,&quot;sizes&quot;:[]}}\" data-widget_type=\"posts.cards\">\n\t\t\t\t<div class=\"elementor-widget-container\">\n\t\t\t\t\t\t\t<div class=\"elementor-posts-container elementor-posts elementor-posts--skin-cards elementor-grid\" role=\"list\">\n\t\t\t\t<article class=\"elementor-post elementor-grid-item post-3005234 post type-post status-publish format-standard has-post-thumbnail hentry category-blog tag-valaste tag-orun-puisto tag-kylpylat tag-narva tag-toila tag-sillamae tag-ita-viro tag-matkailu tag-viro tag-ita-virumaa\" role=\"listitem\">\n\t\t\t<div class=\"elementor-post__card\">\n\t\t\t\t<a class=\"elementor-post__thumbnail__link\" href=\"https:\/\/idaviru.ee\/fi\/parhaat-yksityismajoitukset-ita-virossa\/\" tabindex=\"-1\" ><div class=\"elementor-post__thumbnail\"><img fetchpriority=\"high\" decoding=\"async\" width=\"800\" height=\"534\" src=\"https:\/\/idaviru.ee\/wp-content\/uploads\/2025\/03\/258997-narva-web-version-1920px-1-1024x683.jpg\" class=\"attachment-large size-large wp-image-2991968\" alt=\"\" srcset=\"\/\/idaviru.ee\/wp-content\/uploads\/2025\/03\/258997-narva-web-version-1920px-1-1024x683.jpg 1024w, \/\/idaviru.ee\/wp-content\/uploads\/2025\/03\/258997-narva-web-version-1920px-1-300x200.jpg 300w, \/\/idaviru.ee\/wp-content\/uploads\/2025\/03\/258997-narva-web-version-1920px-1-768x512.jpg 768w, \/\/idaviru.ee\/wp-content\/uploads\/2025\/03\/258997-narva-web-version-1920px-1-1536x1024.jpg 1536w, \/\/idaviru.ee\/wp-content\/uploads\/2025\/03\/258997-narva-web-version-1920px-1-600x400.jpg 600w, \/\/idaviru.ee\/wp-content\/uploads\/2025\/03\/258997-narva-web-version-1920px-1.jpg 1920w\" sizes=\"(max-width: 800px) 100vw, 800px\" \/><\/div><\/a>\n\t\t\t\t<div class=\"elementor-post__badge\">Blog<\/div>\n\t\t\t\t<div class=\"elementor-post__text\">\n\t\t\t\t<div class=\"elementor-post__title\">\n\t\t\t<a href=\"https:\/\/idaviru.ee\/fi\/parhaat-yksityismajoitukset-ita-virossa\/\" >\n\t\t\t\tMiss\u00e4 y\u00f6py\u00e4 It\u00e4-Virossa? Parhaat yksityismajoitukset m\u00f6keist\u00e4 kartanoihin ja linnoihin\t\t\t<\/a>\n\t\t<\/div>\n\t\t\t\t<\/div>\n\t\t\t\t<div class=\"elementor-post__meta-data\">\n\t\t\t\t\t<span class=\"elementor-post-date\">\n\t\t\t13.4.2026\t\t<\/span>\n\t\t\t\t<\/div>\n\t\t\t\t\t<\/div>\n\t\t<\/article>\n\t\t\t\t<article class=\"elementor-post elementor-grid-item post-3004842 post type-post status-publish format-standard has-post-thumbnail hentry category-blog tag-orun-puisto tag-kylpylat tag-narva tag-toila tag-sillamae tag-ita-viro tag-matkailu tag-viro tag-ita-virumaa tag-valaste\" role=\"listitem\">\n\t\t\t<div class=\"elementor-post__card\">\n\t\t\t\t<a class=\"elementor-post__thumbnail__link\" href=\"https:\/\/idaviru.ee\/fi\/pitka-viikonloppu-ita-virossa\/\" tabindex=\"-1\" ><div class=\"elementor-post__thumbnail\"><img decoding=\"async\" width=\"800\" height=\"600\" src=\"https:\/\/idaviru.ee\/wp-content\/uploads\/2024\/07\/Narva-un-robeza.jpg\" class=\"attachment-large size-large wp-image-2973861\" alt=\"\" srcset=\"\/\/idaviru.ee\/wp-content\/uploads\/2024\/07\/Narva-un-robeza.jpg 1024w, \/\/idaviru.ee\/wp-content\/uploads\/2024\/07\/Narva-un-robeza-300x225.jpg 300w, \/\/idaviru.ee\/wp-content\/uploads\/2024\/07\/Narva-un-robeza-768x576.jpg 768w, \/\/idaviru.ee\/wp-content\/uploads\/2024\/07\/Narva-un-robeza-600x450.jpg 600w\" sizes=\"(max-width: 800px) 100vw, 800px\" \/><\/div><\/a>\n\t\t\t\t<div class=\"elementor-post__badge\">Blog<\/div>\n\t\t\t\t<div class=\"elementor-post__text\">\n\t\t\t\t<div class=\"elementor-post__title\">\n\t\t\t<a href=\"https:\/\/idaviru.ee\/fi\/pitka-viikonloppu-ita-virossa\/\" >\n\t\t\t\tPitk\u00e4 viikonloppu It\u00e4-Virossa\t\t\t<\/a>\n\t\t<\/div>\n\t\t\t\t<\/div>\n\t\t\t\t<div class=\"elementor-post__meta-data\">\n\t\t\t\t\t<span class=\"elementor-post-date\">\n\t\t\t23.3.2026\t\t<\/span>\n\t\t\t\t<\/div>\n\t\t\t\t\t<\/div>\n\t\t<\/article>\n\t\t\t\t<article class=\"elementor-post elementor-grid-item post-3004650 post type-post status-publish format-standard has-post-thumbnail hentry category-blog tag-narva tag-sillamae tag-ita-viro tag-matkailu tag-viro tag-ita-virumaa tag-valaste tag-peipsi tag-kohtla-jarve tag-ennatyspaikat\" role=\"listitem\">\n\t\t\t<div class=\"elementor-post__card\">\n\t\t\t\t<a class=\"elementor-post__thumbnail__link\" href=\"https:\/\/idaviru.ee\/fi\/ita-viron-ennatyspaikat\/\" tabindex=\"-1\" ><div class=\"elementor-post__thumbnail\"><img decoding=\"async\" width=\"800\" height=\"533\" src=\"https:\/\/idaviru.ee\/wp-content\/uploads\/2022\/07\/SvenZacek_Valaste_16_vahendatudPS_-1024x682.jpeg\" class=\"attachment-large size-large wp-image-2651700\" alt=\"\" srcset=\"\/\/idaviru.ee\/wp-content\/uploads\/2022\/07\/SvenZacek_Valaste_16_vahendatudPS_-1024x682.jpeg 1024w, \/\/idaviru.ee\/wp-content\/uploads\/2022\/07\/SvenZacek_Valaste_16_vahendatudPS_-300x200.jpeg 300w, \/\/idaviru.ee\/wp-content\/uploads\/2022\/07\/SvenZacek_Valaste_16_vahendatudPS_-768x511.jpeg 768w, \/\/idaviru.ee\/wp-content\/uploads\/2022\/07\/SvenZacek_Valaste_16_vahendatudPS_-1536x1022.jpeg 1536w, \/\/idaviru.ee\/wp-content\/uploads\/2022\/07\/SvenZacek_Valaste_16_vahendatudPS_-600x399.jpeg 600w, \/\/idaviru.ee\/wp-content\/uploads\/2022\/07\/SvenZacek_Valaste_16_vahendatudPS_-90x60.jpeg 90w, \/\/idaviru.ee\/wp-content\/uploads\/2022\/07\/SvenZacek_Valaste_16_vahendatudPS_-135x90.jpeg 135w, \/\/idaviru.ee\/wp-content\/uploads\/2022\/07\/SvenZacek_Valaste_16_vahendatudPS_.jpeg 1600w\" sizes=\"(max-width: 800px) 100vw, 800px\" \/><\/div><\/a>\n\t\t\t\t<div class=\"elementor-post__badge\">Blog<\/div>\n\t\t\t\t<div class=\"elementor-post__text\">\n\t\t\t\t<div class=\"elementor-post__title\">\n\t\t\t<a href=\"https:\/\/idaviru.ee\/fi\/ita-viron-ennatyspaikat\/\" >\n\t\t\t\tIt\u00e4-Viron enn\u00e4tyspaikat\t\t\t<\/a>\n\t\t<\/div>\n\t\t\t\t<\/div>\n\t\t\t\t<div class=\"elementor-post__meta-data\">\n\t\t\t\t\t<span class=\"elementor-post-date\">\n\t\t\t9.3.2026\t\t<\/span>\n\t\t\t\t<\/div>\n\t\t\t\t\t<\/div>\n\t\t<\/article>\n\t\t\t\t<article class=\"elementor-post elementor-grid-item post-3004318 post type-post status-publish format-standard has-post-thumbnail hentry category-blog tag-narva tag-sillamae tag-ita-viro tag-matkailu tag-viro tag-ita-virumaa tag-valaste\" role=\"listitem\">\n\t\t\t<div class=\"elementor-post__card\">\n\t\t\t\t<a class=\"elementor-post__thumbnail__link\" href=\"https:\/\/idaviru.ee\/fi\/matka-ita-viroon-10-upeaa-kohdetta\/\" tabindex=\"-1\" ><div class=\"elementor-post__thumbnail\"><img loading=\"lazy\" decoding=\"async\" width=\"800\" height=\"534\" src=\"https:\/\/idaviru.ee\/wp-content\/uploads\/2026\/02\/Narva_joesuu-1024x683.jpg\" class=\"attachment-large size-large wp-image-3004557\" alt=\"\" srcset=\"\/\/idaviru.ee\/wp-content\/uploads\/2026\/02\/Narva_joesuu-1024x683.jpg 1024w, \/\/idaviru.ee\/wp-content\/uploads\/2026\/02\/Narva_joesuu-300x200.jpg 300w, \/\/idaviru.ee\/wp-content\/uploads\/2026\/02\/Narva_joesuu-768x512.jpg 768w, \/\/idaviru.ee\/wp-content\/uploads\/2026\/02\/Narva_joesuu-600x400.jpg 600w, \/\/idaviru.ee\/wp-content\/uploads\/2026\/02\/Narva_joesuu.jpg 1120w\" sizes=\"(max-width: 800px) 100vw, 800px\" \/><\/div><\/a>\n\t\t\t\t<div class=\"elementor-post__badge\">Blog<\/div>\n\t\t\t\t<div class=\"elementor-post__text\">\n\t\t\t\t<div class=\"elementor-post__title\">\n\t\t\t<a href=\"https:\/\/idaviru.ee\/fi\/matka-ita-viroon-10-upeaa-kohdetta\/\" >\n\t\t\t\tMatka It\u00e4-Viroon: 10 upeaa matkakohdetta\t\t\t<\/a>\n\t\t<\/div>\n\t\t\t\t<\/div>\n\t\t\t\t<div class=\"elementor-post__meta-data\">\n\t\t\t\t\t<span class=\"elementor-post-date\">\n\t\t\t23.2.2026\t\t<\/span>\n\t\t\t\t<\/div>\n\t\t\t\t\t<\/div>\n\t\t<\/article>\n\t\t\t\t<article class=\"elementor-post elementor-grid-item post-3004206 post type-post status-publish format-standard has-post-thumbnail hentry category-blog tag-historia tag-ita-viro tag-museot tag-museot-narvassa tag-narva tag-narvan-kulttuuri tag-narvan-museo tag-sotahistoria tag-teollisuushistoria\" role=\"listitem\">\n\t\t\t<div class=\"elementor-post__card\">\n\t\t\t\t<a class=\"elementor-post__thumbnail__link\" href=\"https:\/\/idaviru.ee\/fi\/narvan-museo-historiaa-idan-ja-lannen-puristuksissa\/\" tabindex=\"-1\" ><div class=\"elementor-post__thumbnail\"><img loading=\"lazy\" decoding=\"async\" width=\"800\" height=\"877\" src=\"https:\/\/idaviru.ee\/wp-content\/uploads\/2026\/02\/narva-Muuseum_talv_1000.jpg\" class=\"attachment-large size-large wp-image-3004267\" alt=\"\" srcset=\"\/\/idaviru.ee\/wp-content\/uploads\/2026\/02\/narva-Muuseum_talv_1000.jpg 912w, \/\/idaviru.ee\/wp-content\/uploads\/2026\/02\/narva-Muuseum_talv_1000-274x300.jpg 274w, \/\/idaviru.ee\/wp-content\/uploads\/2026\/02\/narva-Muuseum_talv_1000-768x842.jpg 768w, \/\/idaviru.ee\/wp-content\/uploads\/2026\/02\/narva-Muuseum_talv_1000-600x658.jpg 600w\" sizes=\"(max-width: 800px) 100vw, 800px\" \/><\/div><\/a>\n\t\t\t\t<div class=\"elementor-post__badge\">Blog<\/div>\n\t\t\t\t<div class=\"elementor-post__text\">\n\t\t\t\t<div class=\"elementor-post__title\">\n\t\t\t<a href=\"https:\/\/idaviru.ee\/fi\/narvan-museo-historiaa-idan-ja-lannen-puristuksissa\/\" >\n\t\t\t\tNarvan museo \u2013 historiaa id\u00e4n ja l\u00e4nnen puristuksissa\t\t\t<\/a>\n\t\t<\/div>\n\t\t\t\t<\/div>\n\t\t\t\t<div class=\"elementor-post__meta-data\">\n\t\t\t\t\t<span class=\"elementor-post-date\">\n\t\t\t18.2.2026\t\t<\/span>\n\t\t\t\t<\/div>\n\t\t\t\t\t<\/div>\n\t\t<\/article>\n\t\t\t\t<article class=\"elementor-post elementor-grid-item post-3003249 post type-post status-publish format-standard has-post-thumbnail hentry category-blog tag-ita-viro tag-museot tag-museot-narvassa tag-narva tag-narvan-kulttuuri tag-narvan-museo tag-narvan-taidegalleria tag-taide tag-taidemuseot tag-virolainen-taide\" role=\"listitem\">\n\t\t\t<div class=\"elementor-post__card\">\n\t\t\t\t<a class=\"elementor-post__thumbnail__link\" href=\"https:\/\/idaviru.ee\/fi\/narvan-taidegalleria\/\" tabindex=\"-1\" ><div class=\"elementor-post__thumbnail\"><img loading=\"lazy\" decoding=\"async\" width=\"800\" height=\"594\" src=\"https:\/\/idaviru.ee\/wp-content\/uploads\/2026\/02\/NTG_ulkoa.jpg\" class=\"attachment-large size-large wp-image-3003650\" alt=\"Narvan taidegalleria\" srcset=\"\/\/idaviru.ee\/wp-content\/uploads\/2026\/02\/NTG_ulkoa.jpg 1000w, \/\/idaviru.ee\/wp-content\/uploads\/2026\/02\/NTG_ulkoa-300x223.jpg 300w, \/\/idaviru.ee\/wp-content\/uploads\/2026\/02\/NTG_ulkoa-768x571.jpg 768w, \/\/idaviru.ee\/wp-content\/uploads\/2026\/02\/NTG_ulkoa-600x446.jpg 600w\" sizes=\"(max-width: 800px) 100vw, 800px\" \/><\/div><\/a>\n\t\t\t\t<div class=\"elementor-post__badge\">Blog<\/div>\n\t\t\t\t<div class=\"elementor-post__text\">\n\t\t\t\t<div class=\"elementor-post__title\">\n\t\t\t<a href=\"https:\/\/idaviru.ee\/fi\/narvan-taidegalleria\/\" >\n\t\t\t\tNarvan taidegalleria kertoo kaupungin monikerroksisen tarinan\t\t\t<\/a>\n\t\t<\/div>\n\t\t\t\t<\/div>\n\t\t\t\t<div class=\"elementor-post__meta-data\">\n\t\t\t\t\t<span class=\"elementor-post-date\">\n\t\t\t3.2.2026\t\t<\/span>\n\t\t\t\t<\/div>\n\t\t\t\t\t<\/div>\n\t\t<\/article>\n\t\t\t\t<article class=\"elementor-post elementor-grid-item post-3001775 post type-post status-publish format-standard has-post-thumbnail hentry category-blog tag-alutaguse tag-hotellit-ita-viro tag-iisaku tag-ita-viro tag-kauksin-ranta tag-kohtla-jarve tag-kreenholm tag-kylpylat-ita-virossa tag-loma-ita-virossa tag-narva tag-narva-joesuu tag-ontika tag-sillamae tag-sinimagi tag-talviloma tag-talviloma-ita-virossa tag-tapahtumat tag-toilan-orun-puisto tag-valaste tag-valasten-putous\" role=\"listitem\">\n\t\t\t<div class=\"elementor-post__card\">\n\t\t\t\t<a class=\"elementor-post__thumbnail__link\" href=\"https:\/\/idaviru.ee\/fi\/edullinen-ja-aito-ita-viro-luontoa-historiaa-ja-kaupunkikohteita\/\" tabindex=\"-1\" ><div class=\"elementor-post__thumbnail\"><img loading=\"lazy\" decoding=\"async\" width=\"800\" height=\"534\" src=\"https:\/\/idaviru.ee\/wp-content\/uploads\/2021\/06\/Kauksis-rusijaa-talvel-idavirumaa-Foto_Maila-Meldre-vahend-PS-e1768127497241.jpg\" class=\"attachment-large size-large wp-image-3001558\" alt=\"\" \/><\/div><\/a>\n\t\t\t\t<div class=\"elementor-post__badge\">Blog<\/div>\n\t\t\t\t<div class=\"elementor-post__text\">\n\t\t\t\t<div class=\"elementor-post__title\">\n\t\t\t<a href=\"https:\/\/idaviru.ee\/fi\/edullinen-ja-aito-ita-viro-luontoa-historiaa-ja-kaupunkikohteita\/\" >\n\t\t\t\tEdullinen ja aito It\u00e4-Viro \u2013 luontoa, historiaa ja kaupunkikohteita\t\t\t<\/a>\n\t\t<\/div>\n\t\t\t\t<\/div>\n\t\t\t\t<div class=\"elementor-post__meta-data\">\n\t\t\t\t\t<span class=\"elementor-post-date\">\n\t\t\t13.1.2026\t\t<\/span>\n\t\t\t\t<\/div>\n\t\t\t\t\t<\/div>\n\t\t<\/article>\n\t\t\t\t<article class=\"elementor-post elementor-grid-item post-3001502 post type-post status-publish format-standard has-post-thumbnail hentry category-blog tag-alutaguse tag-hotellit-ita-viro tag-ita-viro tag-karukella tag-kivioli tag-kylpylat-ita-virossa tag-matkat-ita-viroon tag-ravintolat tag-rosi-puhkemaja tag-talviloma tag-talviloma-ita-virossa tag-tapahtumat tag-valasten-putous tag-viron-kartanot\" role=\"listitem\">\n\t\t\t<div class=\"elementor-post__card\">\n\t\t\t\t<a class=\"elementor-post__thumbnail__link\" href=\"https:\/\/idaviru.ee\/fi\/talviloma-ita-virossa\/\" tabindex=\"-1\" ><div class=\"elementor-post__thumbnail\"><img loading=\"lazy\" decoding=\"async\" width=\"750\" height=\"1000\" src=\"https:\/\/idaviru.ee\/wp-content\/uploads\/2025\/12\/IMG_2002.jpg\" class=\"attachment-large size-large wp-image-3001504\" alt=\"Kivi\u00f5lin laskettelukeskus\" srcset=\"\/\/idaviru.ee\/wp-content\/uploads\/2025\/12\/IMG_2002.jpg 750w, \/\/idaviru.ee\/wp-content\/uploads\/2025\/12\/IMG_2002-225x300.jpg 225w, \/\/idaviru.ee\/wp-content\/uploads\/2025\/12\/IMG_2002-600x800.jpg 600w\" sizes=\"(max-width: 750px) 100vw, 750px\" \/><\/div><\/a>\n\t\t\t\t<div class=\"elementor-post__badge\">Blog<\/div>\n\t\t\t\t<div class=\"elementor-post__text\">\n\t\t\t\t<div class=\"elementor-post__title\">\n\t\t\t<a href=\"https:\/\/idaviru.ee\/fi\/talviloma-ita-virossa\/\" >\n\t\t\t\tTalviloma It\u00e4-Virossa \u2013 parhaat vinkit matkalle\t\t\t<\/a>\n\t\t<\/div>\n\t\t\t\t<\/div>\n\t\t\t\t<div class=\"elementor-post__meta-data\">\n\t\t\t\t\t<span class=\"elementor-post-date\">\n\t\t\t31.12.2025\t\t<\/span>\n\t\t\t\t<\/div>\n\t\t\t\t\t<\/div>\n\t\t<\/article>\n\t\t\t\t<article class=\"elementor-post elementor-grid-item post-3000891 post type-post status-publish format-standard has-post-thumbnail hentry category-blog tag-ita-viro tag-joulu tag-joulu-narvassa tag-joululoma tag-matkat-ita-viroon tag-narva tag-narvan-historia tag-tapahtumat tag-viron-kartanot\" role=\"listitem\">\n\t\t\t<div class=\"elementor-post__card\">\n\t\t\t\t<a class=\"elementor-post__thumbnail__link\" href=\"https:\/\/idaviru.ee\/fi\/joulu-narvassa-kutsuu-nauttimaan\/\" tabindex=\"-1\" ><div class=\"elementor-post__thumbnail\"><img loading=\"lazy\" decoding=\"async\" width=\"700\" height=\"466\" src=\"https:\/\/idaviru.ee\/wp-content\/uploads\/2025\/11\/Narva-jouluturg__Jelizaveta-Gross_700-1.jpg\" class=\"attachment-large size-large wp-image-3001099\" alt=\"\" srcset=\"\/\/idaviru.ee\/wp-content\/uploads\/2025\/11\/Narva-jouluturg__Jelizaveta-Gross_700-1.jpg 700w, \/\/idaviru.ee\/wp-content\/uploads\/2025\/11\/Narva-jouluturg__Jelizaveta-Gross_700-1-300x200.jpg 300w, \/\/idaviru.ee\/wp-content\/uploads\/2025\/11\/Narva-jouluturg__Jelizaveta-Gross_700-1-600x399.jpg 600w\" sizes=\"(max-width: 700px) 100vw, 700px\" \/><\/div><\/a>\n\t\t\t\t<div class=\"elementor-post__badge\">Blog<\/div>\n\t\t\t\t<div class=\"elementor-post__text\">\n\t\t\t\t<div class=\"elementor-post__title\">\n\t\t\t<a href=\"https:\/\/idaviru.ee\/fi\/joulu-narvassa-kutsuu-nauttimaan\/\" >\n\t\t\t\tJoulu Narvassa kutsuu nauttimaan\t\t\t<\/a>\n\t\t<\/div>\n\t\t\t\t<\/div>\n\t\t\t\t<div class=\"elementor-post__meta-data\">\n\t\t\t\t\t<span class=\"elementor-post-date\">\n\t\t\t28.11.2025\t\t<\/span>\n\t\t\t\t<\/div>\n\t\t\t\t\t<\/div>\n\t\t<\/article>\n\t\t\t\t<article class=\"elementor-post elementor-grid-item post-2998180 post type-post status-publish format-standard has-post-thumbnail hentry category-blog\" role=\"listitem\">\n\t\t\t<div class=\"elementor-post__card\">\n\t\t\t\t<a class=\"elementor-post__thumbnail__link\" href=\"https:\/\/idaviru.ee\/fi\/ruskamatka-ita-viroon-kruunaa-syksyn\/\" tabindex=\"-1\" ><div class=\"elementor-post__thumbnail\"><img loading=\"lazy\" decoding=\"async\" width=\"800\" height=\"534\" src=\"https:\/\/idaviru.ee\/wp-content\/uploads\/2025\/09\/Ida-viru_sygis-094-Narva-1024x683.jpg\" class=\"attachment-large size-large wp-image-2998202\" alt=\"\" srcset=\"\/\/idaviru.ee\/wp-content\/uploads\/2025\/09\/Ida-viru_sygis-094-Narva-1024x683.jpg 1024w, \/\/idaviru.ee\/wp-content\/uploads\/2025\/09\/Ida-viru_sygis-094-Narva-300x200.jpg 300w, \/\/idaviru.ee\/wp-content\/uploads\/2025\/09\/Ida-viru_sygis-094-Narva-768x512.jpg 768w, \/\/idaviru.ee\/wp-content\/uploads\/2025\/09\/Ida-viru_sygis-094-Narva-1536x1024.jpg 1536w, \/\/idaviru.ee\/wp-content\/uploads\/2025\/09\/Ida-viru_sygis-094-Narva-600x400.jpg 600w, \/\/idaviru.ee\/wp-content\/uploads\/2025\/09\/Ida-viru_sygis-094-Narva.jpg 2048w\" sizes=\"(max-width: 800px) 100vw, 800px\" \/><\/div><\/a>\n\t\t\t\t<div class=\"elementor-post__badge\">Blog<\/div>\n\t\t\t\t<div class=\"elementor-post__text\">\n\t\t\t\t<div class=\"elementor-post__title\">\n\t\t\t<a href=\"https:\/\/idaviru.ee\/fi\/ruskamatka-ita-viroon-kruunaa-syksyn\/\" >\n\t\t\t\tRuskamatka It\u00e4-Viroon kruunaa syksyn\t\t\t<\/a>\n\t\t<\/div>\n\t\t\t\t<\/div>\n\t\t\t\t<div class=\"elementor-post__meta-data\">\n\t\t\t\t\t<span class=\"elementor-post-date\">\n\t\t\t30.9.2025\t\t<\/span>\n\t\t\t\t<\/div>\n\t\t\t\t\t<\/div>\n\t\t<\/article>\n\t\t\t\t<article class=\"elementor-post elementor-grid-item post-2996516 post type-post status-publish format-standard has-post-thumbnail hentry category-blog category-inspiraatiota tag-ita-viro tag-ita-virumaa tag-matkailu tag-perhematkailu tag-syysloma\" role=\"listitem\">\n\t\t\t<div class=\"elementor-post__card\">\n\t\t\t\t<a class=\"elementor-post__thumbnail__link\" href=\"https:\/\/idaviru.ee\/fi\/syysloma-ita-virossa-kylpyloita-luontoretkia-ja-seikkailuja-koko-perheelle\/\" tabindex=\"-1\" ><div class=\"elementor-post__thumbnail\"><img loading=\"lazy\" decoding=\"async\" width=\"800\" height=\"534\" src=\"https:\/\/idaviru.ee\/wp-content\/uploads\/2020\/10\/Alutaguse-Seikluspark_2_idaviru_Hannes-Arus_vahendatud-1024x683.jpg\" class=\"attachment-large size-large wp-image-1754366\" alt=\"Alutaguse Seikluspark perega ronimine\" srcset=\"\/\/idaviru.ee\/wp-content\/uploads\/2020\/10\/Alutaguse-Seikluspark_2_idaviru_Hannes-Arus_vahendatud-1024x683.jpg 1024w, \/\/idaviru.ee\/wp-content\/uploads\/2020\/10\/Alutaguse-Seikluspark_2_idaviru_Hannes-Arus_vahendatud-scaled-600x400.jpg 600w, \/\/idaviru.ee\/wp-content\/uploads\/2020\/10\/Alutaguse-Seikluspark_2_idaviru_Hannes-Arus_vahendatud-300x200.jpg 300w, \/\/idaviru.ee\/wp-content\/uploads\/2020\/10\/Alutaguse-Seikluspark_2_idaviru_Hannes-Arus_vahendatud-768x512.jpg 768w, \/\/idaviru.ee\/wp-content\/uploads\/2020\/10\/Alutaguse-Seikluspark_2_idaviru_Hannes-Arus_vahendatud-1536x1024.jpg 1536w, \/\/idaviru.ee\/wp-content\/uploads\/2020\/10\/Alutaguse-Seikluspark_2_idaviru_Hannes-Arus_vahendatud-scaled-2048x1366.jpg 2048w\" sizes=\"(max-width: 800px) 100vw, 800px\" \/><\/div><\/a>\n\t\t\t\t<div class=\"elementor-post__badge\">Blog<\/div>\n\t\t\t\t<div class=\"elementor-post__text\">\n\t\t\t\t<div class=\"elementor-post__title\">\n\t\t\t<a href=\"https:\/\/idaviru.ee\/fi\/syysloma-ita-virossa-kylpyloita-luontoretkia-ja-seikkailuja-koko-perheelle\/\" >\n\t\t\t\tSyysloma It\u00e4-Virossa \u2013 Kylpyl\u00f6it\u00e4, luontoretki\u00e4 ja seikkailuja koko perheelle\t\t\t<\/a>\n\t\t<\/div>\n\t\t\t\t<\/div>\n\t\t\t\t<div class=\"elementor-post__meta-data\">\n\t\t\t\t\t<span class=\"elementor-post-date\">\n\t\t\t8.8.2025\t\t<\/span>\n\t\t\t\t<\/div>\n\t\t\t\t\t<\/div>\n\t\t<\/article>\n\t\t\t\t<article class=\"elementor-post elementor-grid-item post-2996362 post type-post status-publish format-standard has-post-thumbnail hentry category-blog tag-festivaali tag-matkailu tag-musiikki tag-narva tag-station-narva tag-viro\" role=\"listitem\">\n\t\t\t<div class=\"elementor-post__card\">\n\t\t\t\t<a class=\"elementor-post__thumbnail__link\" href=\"https:\/\/idaviru.ee\/fi\/station-narva-festivaali-joka-valaisee-koko-kaupungin\/\" tabindex=\"-1\" ><div class=\"elementor-post__thumbnail\"><img loading=\"lazy\" decoding=\"async\" width=\"800\" height=\"534\" src=\"https:\/\/idaviru.ee\/wp-content\/uploads\/2025\/08\/51363390295_bc439b6a28_k-1024x683.jpg\" class=\"attachment-large size-large wp-image-2996440\" alt=\"\" srcset=\"\/\/idaviru.ee\/wp-content\/uploads\/2025\/08\/51363390295_bc439b6a28_k-1024x683.jpg 1024w, \/\/idaviru.ee\/wp-content\/uploads\/2025\/08\/51363390295_bc439b6a28_k-300x200.jpg 300w, \/\/idaviru.ee\/wp-content\/uploads\/2025\/08\/51363390295_bc439b6a28_k-768x512.jpg 768w, \/\/idaviru.ee\/wp-content\/uploads\/2025\/08\/51363390295_bc439b6a28_k-1536x1024.jpg 1536w, \/\/idaviru.ee\/wp-content\/uploads\/2025\/08\/51363390295_bc439b6a28_k-600x400.jpg 600w, \/\/idaviru.ee\/wp-content\/uploads\/2025\/08\/51363390295_bc439b6a28_k.jpg 2048w\" sizes=\"(max-width: 800px) 100vw, 800px\" \/><\/div><\/a>\n\t\t\t\t<div class=\"elementor-post__badge\">Blog<\/div>\n\t\t\t\t<div class=\"elementor-post__text\">\n\t\t\t\t<div class=\"elementor-post__title\">\n\t\t\t<a href=\"https:\/\/idaviru.ee\/fi\/station-narva-festivaali-joka-valaisee-koko-kaupungin\/\" >\n\t\t\t\tStation Narva \u2013 festivaali, joka valaisee koko kaupungin\u00a0\t\t\t<\/a>\n\t\t<\/div>\n\t\t\t\t<\/div>\n\t\t\t\t<div class=\"elementor-post__meta-data\">\n\t\t\t\t\t<span class=\"elementor-post-date\">\n\t\t\t5.8.2025\t\t<\/span>\n\t\t\t\t<\/div>\n\t\t\t\t\t<\/div>\n\t\t<\/article>\n\t\t\t\t<\/div>\n\t\t\n\t\t\t\t<div class=\"e-load-more-anchor\" data-page=\"1\" data-max-page=\"11\" data-next-page=\"https:\/\/idaviru.ee\/fi\/wp-json\/wp\/v2\/pages\/1770839\/page\/2\/\"><\/div>\n\t\t\t\t<nav class=\"elementor-pagination\" aria-label=\"Pagination\">\n\t\t\t<span aria-current=\"page\" class=\"page-numbers current\"><span class=\"elementor-screen-only\">Page<\/span>1<\/span>\n<a class=\"page-numbers\" href=\"https:\/\/idaviru.ee\/fi\/wp-json\/wp\/v2\/pages\/1770839\/page\/2\/\"><span class=\"elementor-screen-only\">Page<\/span>2<\/a>\n<a class=\"page-numbers\" href=\"https:\/\/idaviru.ee\/fi\/wp-json\/wp\/v2\/pages\/1770839\/page\/3\/\"><span class=\"elementor-screen-only\">Page<\/span>3<\/a>\n<span class=\"page-numbers dots\">&hellip;<\/span>\n<a class=\"page-numbers\" href=\"https:\/\/idaviru.ee\/fi\/wp-json\/wp\/v2\/pages\/1770839\/page\/5\/\"><span class=\"elementor-screen-only\">Page<\/span>5<\/a>\t\t<\/nav>\n\t\t\t\t\t\t<\/div>\n\t\t\t\t<\/div>\n\t\t\t\t\t<\/div>\n\t\t<\/div>\n\t\t\t\t\t<\/div>\n\t\t<\/section>\n\t\t\t\t<\/div>\n\t\t","protected":false},"excerpt":{"rendered":"","protected":false},"author":1,"featured_media":0,"parent":0,"menu_order":0,"comment_status":"closed","ping_status":"closed","template":"elementor_header_footer","meta":{"_acf_changed":false,"inline_featured_image":false,"footnotes":""},"class_list":["post-1770839","page","type-page","status-publish","hentry"],"acf":[],"_links":{"self":[{"href":"https:\/\/idaviru.ee\/fi\/wp-json\/wp\/v2\/pages\/1770839","targetHints":{"allow":["GET"]}}],"collection":[{"href":"https:\/\/idaviru.ee\/fi\/wp-json\/wp\/v2\/pages"}],"about":[{"href":"https:\/\/idaviru.ee\/fi\/wp-json\/wp\/v2\/types\/page"}],"author":[{"embeddable":true,"href":"https:\/\/idaviru.ee\/fi\/wp-json\/wp\/v2\/users\/1"}],"replies":[{"embeddable":true,"href":"https:\/\/idaviru.ee\/fi\/wp-json\/wp\/v2\/comments?post=1770839"}],"version-history":[{"count":0,"href":"https:\/\/idaviru.ee\/fi\/wp-json\/wp\/v2\/pages\/1770839\/revisions"}],"wp:attachment":[{"href":"https:\/\/idaviru.ee\/fi\/wp-json\/wp\/v2\/media?parent=1770839"}],"curies":[{"name":"wp","href":"https:\/\/api.w.org\/{rel}","templated":true}]}}