{"id":2246020,"date":"2021-08-18T17:43:16","date_gmt":"2021-08-18T17:43:16","guid":{"rendered":"https:\/\/idaviru.ee\/?page_id=2246020"},"modified":"2021-12-09T15:10:45","modified_gmt":"2021-12-09T15:10:45","slug":"turvallisen-ita-viron-laatumerkki","status":"publish","type":"page","link":"https:\/\/idaviru.ee\/fi\/turvallisen-ita-viron-laatumerkki\/","title":{"rendered":"TURVALLISEN IT\u00c4-VIRON LAATUMERKKI"},"content":{"rendered":"\t\t<div data-elementor-type=\"wp-page\" data-elementor-id=\"2246020\" class=\"elementor elementor-2246020 elementor-1970949\" data-elementor-post-type=\"page\">\n\t\t\t\t\t\t<section class=\"elementor-section elementor-top-section elementor-element elementor-element-211489f5 elementor-section-boxed elementor-section-height-default elementor-section-height-default\" data-id=\"211489f5\" data-element_type=\"section\" data-e-type=\"section\">\n\t\t\t\t\t\t<div class=\"elementor-container elementor-column-gap-default\">\n\t\t\t\t\t<div class=\"elementor-column elementor-col-100 elementor-top-column elementor-element elementor-element-5d506304\" data-id=\"5d506304\" data-element_type=\"column\" data-e-type=\"column\">\n\t\t\t<div class=\"elementor-widget-wrap elementor-element-populated\">\n\t\t\t\t\t\t<div class=\"elementor-element elementor-element-79fb57ac elementor-widget elementor-widget-text-editor\" data-id=\"79fb57ac\" data-element_type=\"widget\" data-e-type=\"widget\" data-widget_type=\"text-editor.default\">\n\t\t\t\t<div class=\"elementor-widget-container\">\n\t\t\t\t\t\t\t\t\t<p><strong>Monien <\/strong><strong>It\u00e4-Virumaan hotellien, ravintoloiden, kylpyl\u00f6iden ja n\u00e4ht\u00e4vyyksien ovella voit kohdata \u201eT\u00e4\u00e4ll\u00e4 on turvallista\u201d (<em>Siin on turvaline<\/em>) -laatumerkin. Se on <\/strong><strong>kaikkein vastuuntuntoisimmille matkailuyritt\u00e4jiille my\u00f6nnett\u00e4v\u00e4 <\/strong><strong>tunnu<\/strong><strong>s, joka kertoo <\/strong><strong>vierailukohteesi kuuluvan <\/strong><strong>maakunnalliseen terveysturvallisuusohjelmaan<\/strong><strong>. <\/strong><\/p><p>Merkki\u00e4 voivat k\u00e4ytt\u00e4\u00e4 vain ne kohteet, jotka vakuuttavat noudattavansa kaikkia Viron terveysviraston, matkailualan keskeisten liittojen sek\u00e4 yritt\u00e4jien yhdess\u00e4 laatimia toimintaohjeita. Ohjelma pyrkii ehk\u00e4isem\u00e4\u00e4n koronaviruksen levi\u00e4mist\u00e4 sek\u00e4 turvaamaan n\u00e4in asiakkaiden vierailukokemukset kuin my\u00f6skin henkil\u00f6kunnankin ty\u00f6olot. Ohjelmaan liittyneet yritt\u00e4j\u00e4t vakuuttavat:<\/p><ol><li>mahdollistavansa asiakkaille riitt\u00e4v\u00e4t turvaet\u00e4isyydet tilojen sallimissa puitteissa;<\/li><li>tarjoavansa k\u00e4sien desinfiointiaineita helposti ja n\u00e4kyv\u00e4sti saatavilla sek\u00e4 useammissa pisteiss\u00e4, kuin mit\u00e4 alan minimivaatimuksiin on kirjattu;<\/li><li>pit\u00e4v\u00e4ns\u00e4 henkil\u00f6kuntaa tarkasti tietoisena siit\u00e4, ett\u00e4 ty\u00f6vuoroon tulo on kielletty\u00e4 nuhan, ysk\u00e4n tai muiden virusoireiden ilmaantuessa;<\/li><li>kielt\u00e4ytyv\u00e4ns\u00e4 myym\u00e4st\u00e4 alkoholia selv\u00e4sti p\u00e4ihtyneille asiakkaille ja pyyt\u00e4v\u00e4ns\u00e4 heit\u00e4 poistumaan tiloista;<\/li><li>henkil\u00f6st\u00f6n tarkkailevan asiakkaiden terveydentilaa ja puuttuvan oireileviin tapauksiin. Oireilevan vieraan my\u00f6t\u00e4 altistuneet pinnat ja tilat desinfioidaan;<\/li><li>tuulettavansa kohteen tiloja tehostetusti ja s\u00e4\u00e4nn\u00f6llisesti, koska normaali ilmanvaihto ei takaa ilmastointij\u00e4rjestelm\u00e4n kaltaista sis\u00e4tilailman kiertoa. Ikkunoita ja tarvittaessa my\u00f6s ovia pyrit\u00e4\u00e4n pit\u00e4m\u00e4\u00e4n auki viile\u00e4mm\u00e4ll\u00e4kin s\u00e4\u00e4ll\u00e4.<\/li><\/ol>\t\t\t\t\t\t\t\t<\/div>\n\t\t\t\t<\/div>\n\t\t\t\t<div class=\"elementor-element elementor-element-16d3700 elementor-widget elementor-widget-image\" data-id=\"16d3700\" data-element_type=\"widget\" data-e-type=\"widget\" data-widget_type=\"image.default\">\n\t\t\t\t<div class=\"elementor-widget-container\">\n\t\t\t\t\t\t\t\t\t\t\t\t\t\t\t\t<a href=\"https:\/\/forms.gle\/xp6HTHBP8923ezex9\">\n\t\t\t\t\t\t\t<img fetchpriority=\"high\" decoding=\"async\" width=\"300\" height=\"300\" src=\"https:\/\/idaviru.ee\/wp-content\/uploads\/2021\/12\/Turvaline-margis_web_LARGE-300x300.png\" class=\"attachment-medium size-medium wp-image-2328547\" alt=\"Siin on COVID-19 turvaline m\u00e4rgis\" srcset=\"\/\/idaviru.ee\/wp-content\/uploads\/2021\/12\/Turvaline-margis_web_LARGE-300x300.png 300w, \/\/idaviru.ee\/wp-content\/uploads\/2021\/12\/Turvaline-margis_web_LARGE-1024x1024.png 1024w, \/\/idaviru.ee\/wp-content\/uploads\/2021\/12\/Turvaline-margis_web_LARGE-215x215.png 215w, \/\/idaviru.ee\/wp-content\/uploads\/2021\/12\/Turvaline-margis_web_LARGE-768x768.png 768w, \/\/idaviru.ee\/wp-content\/uploads\/2021\/12\/Turvaline-margis_web_LARGE-1536x1536.png 1536w, \/\/idaviru.ee\/wp-content\/uploads\/2021\/12\/Turvaline-margis_web_LARGE-600x600.png 600w, \/\/idaviru.ee\/wp-content\/uploads\/2021\/12\/Turvaline-margis_web_LARGE-100x100.png 100w, \/\/idaviru.ee\/wp-content\/uploads\/2021\/12\/Turvaline-margis_web_LARGE.png 1920w\" sizes=\"(max-width: 300px) 100vw, 300px\" \/>\t\t\t\t\t\t\t\t<\/a>\n\t\t\t\t\t\t\t\t\t\t\t\t\t\t\t<\/div>\n\t\t\t\t<\/div>\n\t\t\t\t\t<\/div>\n\t\t<\/div>\n\t\t\t\t\t<\/div>\n\t\t<\/section>\n\t\t\t\t<section class=\"elementor-section elementor-top-section elementor-element elementor-element-a76d3c8 elementor-section-boxed elementor-section-height-default elementor-section-height-default\" data-id=\"a76d3c8\" data-element_type=\"section\" data-e-type=\"section\">\n\t\t\t\t\t\t<div class=\"elementor-container elementor-column-gap-default\">\n\t\t\t\t\t<div class=\"elementor-column elementor-col-100 elementor-top-column elementor-element elementor-element-8b63e5c\" data-id=\"8b63e5c\" data-element_type=\"column\" data-e-type=\"column\">\n\t\t\t<div class=\"elementor-widget-wrap elementor-element-populated\">\n\t\t\t\t\t\t<div class=\"elementor-element elementor-element-6c741e8 elementor-widget elementor-widget-text-editor\" data-id=\"6c741e8\" data-element_type=\"widget\" data-e-type=\"widget\" data-widget_type=\"text-editor.default\">\n\t\t\t\t<div class=\"elementor-widget-container\">\n\t\t\t\t\t\t\t\t\t<p>\u201eT\u00e4\u00e4ll\u00e4 on turvallista\u201d -laatumerkki It\u00e4-Virossa:<\/p><h2><strong>Ravintolat, kahvilat ja baarit<\/strong><\/h2><ul><li><a href=\"https:\/\/idaviru.ee\/fi\/object\/201938\/kahvila-muna\/\">Kahvila<\/a><a href=\"https:\/\/idaviru.ee\/fi\/object\/201938\/kahvila-muna\/\"> Muna<\/a><\/li><li><a href=\"https:\/\/idaviru.ee\/fi\/object\/288254\/restoran-rondeel\/?s=Rondeel&amp;submit=Etsi\">Ravintola <\/a><a href=\"https:\/\/idaviru.ee\/fi\/object\/288254\/restoran-rondeel\/?s=Rondeel&amp;submit=Etsi\">Rondeel<\/a><\/li><li><a href=\"https:\/\/idaviru.ee\/fi\/object\/287717\/m-chagall-restoran\/\">Ravintola M.Chagall<\/a>\u00a0 (hotelli Narva)<br \/><a href=\"https:\/\/idaviru.ee\/fi\/object\/201681\/restoran-meloodia\/\">R<\/a><a href=\"https:\/\/idaviru.ee\/fi\/object\/201681\/restoran-meloodia\/\">avintola Meloodia<\/a>\u00a0 (Meresuun kylpyl\u00e4hotelli)<\/li><li><a href=\"https:\/\/idaviru.ee\/fi\/object\/201676\/toila-spa-hotelli-restoran-mio-mare\/\">Ravintola <\/a><a href=\"https:\/\/idaviru.ee\/fi\/object\/201676\/toila-spa-hotelli-restoran-mio-mare\/\">Mio Mare<\/a>\u00a0 (Toilan kylpyl\u00e4hotelli)<\/li><li><a href=\"https:\/\/idaviru.ee\/fi\/object\/201674\/maetaguse-moisahotelli-restoran-rosen\/\">M\u00e4etaguse<\/a><a href=\"https:\/\/idaviru.ee\/fi\/object\/201674\/maetaguse-moisahotelli-restoran-rosen\/\">n kartanohotellin ravintola Rosen<\/a><br \/><a href=\"https:\/\/idaviru.ee\/fi\/object\/1641902\/saka-mois\/\">Saka<\/a><a href=\"https:\/\/idaviru.ee\/fi\/object\/1641902\/saka-mois\/\">n kartanohotellin<\/a> ravintola<\/li><\/ul><h2>Hotellit ja muut majoituskohteet<\/h2><ul><li><a href=\"https:\/\/idaviru.ee\/fi\/object\/287772\/alutagusen-lomakeskus\/\">Alutaguse<\/a><a href=\"https:\/\/idaviru.ee\/fi\/object\/287772\/alutagusen-lomakeskus\/\">n loma- ja urheilukeskuksen majatalo<\/a><\/li><li><a href=\"https:\/\/idaviru.ee\/fi\/object\/1641902\/saka-mois\/\">Sakan kartanohotelli<\/a><\/li><li><a href=\"https:\/\/idaviru.ee\/fi\/object\/201964\/Maetagusen-kartanohotelli-kylpyla\/\">M\u00e4etaguse<\/a><a href=\"https:\/\/idaviru.ee\/fi\/object\/201964\/Maetagusen-kartanohotelli-kylpyla\/\">n kartanohotelli ja kylpyl\u00e4<\/a><\/li><li><a href=\"https:\/\/idaviru.ee\/fi\/object\/1641555\/toila-spa-hotelli-seminariruumid-2\/\">Toila SPA &#8211;<\/a><a href=\"https:\/\/idaviru.ee\/fi\/object\/1641555\/toila-spa-hotelli-seminariruumid-2\/\">kylpyl\u00e4hotelli<\/a><\/li><li><a href=\"https:\/\/idaviru.ee\/fi\/object\/287690\/meresuu-spa-hotel\/\">Meresuu SPA <\/a><a href=\"https:\/\/idaviru.ee\/fi\/object\/287690\/meresuu-spa-hotel\/\">&amp; Hotel<\/a><\/li><li><a href=\"https:\/\/idaviru.ee\/fi\/object\/287693\/Hotelli-Narva\/\">Hotelli Narva<\/a><\/li><\/ul><h2>N\u00e4ht\u00e4vyydet ja muut vapaa-ajan kohteet<\/h2><ul><li><a href=\"https:\/\/idaviru.ee\/fi\/object\/1641732\/Virom-kaivosmuseo\/\">Viron Kaivosmuseo<\/a><\/li><li><a href=\"https:\/\/idaviru.ee\/fi\/object\/1641738\/Palavan-kiven-museo-Kukruksella\/\">Kohtla-J\u00e4rven P<\/a><a href=\"https:\/\/idaviru.ee\/fi\/object\/1641738\/Palavan-kiven-museo-Kukruksella\/\">alavankiven museo<\/a><\/li><li><a href=\"https:\/\/idaviru.ee\/fi\/object\/1641723\/polevkivimuuseumi-valge-saal-2\/\">Valkoinen sali -taidegalleria<\/a> Kohtla-J\u00e4rvell\u00e4<\/li><li><a href=\"https:\/\/idaviru.ee\/fi\/object\/1641691\/Johvin-Mihklin-kirkko-ja%20museo\/\">J\u00f5hvi<\/a><a href=\"https:\/\/idaviru.ee\/fi\/object\/1641691\/Johvin-Mihklin-kirkko-ja%20museo\/\">n Mihklin kirkko ja museo<\/a><\/li><li><a href=\"https:\/\/idaviru.ee\/fi\/object\/1641726\/Iisakun-museo\/\">Iisaku<\/a><a href=\"https:\/\/idaviru.ee\/fi\/object\/1641726\/Iisakun-museo\/\">n Pit\u00e4j\u00e4nmuseo<\/a><\/li><li><a href=\"https:\/\/idaviru.ee\/fi\/object\/1641834\/narvan-museo\/\">Narva<\/a><a href=\"https:\/\/idaviru.ee\/fi\/object\/1641834\/narvan-museo\/\">n museo<\/a><\/li><li><a href=\"https:\/\/idaviru.ee\/fi\/object\/1642091\/narva-victoria-bastioni-kasematid-2\/\">Narvan <\/a><a href=\"https:\/\/idaviru.ee\/fi\/object\/1642091\/narva-victoria-bastioni-kasematid-2\/\">Victoria<\/a><a href=\"https:\/\/idaviru.ee\/fi\/object\/1642091\/narva-victoria-bastioni-kasematid-2\/\">n linnakkeen kasematit<\/a><\/li><li><a href=\"https:\/\/idaviru.ee\/fi\/object\/1655691\/Virtuaalikierros-VR-Toila-1938\/\">Virtuaalikierros<\/a><a href=\"https:\/\/idaviru.ee\/fi\/object\/1655691\/Virtuaalikierros-VR-Toila-1938\/\"> \u201eVR Toila 1938\u201c<\/a><\/li><li><a href=\"https:\/\/idaviru.ee\/fi\/object\/1642372\/laevasoit-puupurjekaga-tutarsaare-aino-2\/\">Laiva-ajelu puupurjeveneell\u00e4 \u201cT\u00fctarsaare Aino\u201d<\/a><\/li><li><a href=\"https:\/\/idaviru.ee\/fi\/object\/1641792\/kivioli-seikluskeskus-2\/\">Kivi\u00f5li<\/a><a href=\"https:\/\/idaviru.ee\/fi\/object\/1641792\/kivioli-seikluskeskus-2\/\">n Seikkailukeskus<\/a><\/li><li><a href=\"https:\/\/idaviru.ee\/fi\/object\/1641835\/adrenaator-grupi-off-road-safari-aidu-karjaaris\/\">Off-road<\/a>&#8211; ja <a href=\"https:\/\/idaviru.ee\/fi\/object\/1642294\/enduromatk-aidu-karjaaris-2\/\">enduropy\u00f6r\u00e4safarit<\/a> Aidun louhoksella<\/li><li><a href=\"https:\/\/idaviru.ee\/fi\/object\/201528\/Narvan-Astri-keskus\/\">Narvan Astri-keskus<\/a><\/li><li><a href=\"https:\/\/idaviru.ee\/fi\/object\/287748\/Narvan-Fama-keskus\/\">Narvan Fama-keskus<\/a><\/li><\/ul><p>It\u00e4-Viron matkailuyritt\u00e4jien verkosto j\u00e4rjest\u00e4\u00e4 j\u00e4senilleen koulutuksia sek\u00e4 hyvien tapojen levi\u00e4mist\u00e4 edist\u00e4vi\u00e4 keskustelutilaisuuksia aiheen tiimoilta. Laatumerkin k\u00e4ytt\u00f6\u00e4 tahtovien yritt\u00e4jien osallistuminen tilaisuuksiin on pakollista.<\/p><h2>KORONAPASSI JA SEN ESITT\u00c4MINEN<\/h2><p>Museoiden, ravintoloiden, kylpyl\u00f6iden yms. matkailukohteiden henkil\u00f6kuntia Virossa on viranomaisohjeistettu tarkistamaan kaikkien yli 18 v. asiakkaiden koronaturvallisuustodistukset. Sis\u00e4\u00e4np\u00e4\u00e4syn voi varmistaa esitt\u00e4m\u00e4ll\u00e4 rokotustodistus t\u00e4ydest\u00e4 rokotesarjasta, alle 48\/72 tuntia vanha neg. testitulos tai l\u00e4\u00e4k\u00e4rintodistus jo sairastetusta taudista. My\u00f6s hotellit voivat kysy\u00e4 todistusta check-inin yhteydess\u00e4, jotta tarkistuksia esim. aamiaissalissa ja kylpyl\u00e4- tai saunaosastolla ei tarvitsisi toistaa.<br \/><br \/>Suomalaiselle matkailijalle helpoin tapa on ottaa mukaan koronatodistus Omakanta-palvelusta (<a href=\"http:\/\/www.kanta.fi\">www.kanta.fi<\/a>), joko paperille tulostettuna tai puhelimeen tallennettuna. HUOM! Tallenna todistuksen QR-koodi puhelimeesi mahdollisimman suureksi zoomattuna. PDF-muotoon tallennettuna voi QR-kuviota helpoimmin suurentaa my\u00f6s n\u00e4yt\u00f6lt\u00e4 esitett\u00e4ess\u00e4kin.<\/p><p><img decoding=\"async\" class=\"alignnone size-medium wp-image-2245950\" src=\"https:\/\/idaviru.ee\/wp-content\/uploads\/2021\/08\/EU-koroonapass_FIN-300x162.png\" alt=\"TURVALLISEN IT\u00c4-VIRON LAATUMERKKI\" width=\"300\" height=\"162\" srcset=\"\/\/idaviru.ee\/wp-content\/uploads\/2021\/08\/EU-koroonapass_FIN-300x162.png 300w, \/\/idaviru.ee\/wp-content\/uploads\/2021\/08\/EU-koroonapass_FIN.png 588w\" sizes=\"(max-width: 300px) 100vw, 300px\" \/><\/p><p>Osat matkailuyritt\u00e4jist\u00e4 ja tapahtumaj\u00e4rjest\u00e4jist\u00e4 voivat tarjota paikan p\u00e4\u00e4ll\u00e4 teht\u00e4v\u00e4ksi pika-antigeenitesti\u00e4, joka antaa sis\u00e4\u00e4np\u00e4\u00e4syyn oikeuttavan neg. tuloksen 15-30 minuutissa. Testej\u00e4 on eri hintaisia, mutta yleens\u00e4 ne ovat luokkaa 7 \u2013 15 euroa. HUOM! Testin tulos on voimassa vain kyseisen palveluntarjoajan tiloissa, eli sill\u00e4 ei p\u00e4\u00e4se kiert\u00e4m\u00e4\u00e4n eri paikkoja eik\u00e4 se kelpaa ns. rajavalvontatestiksi Suomeen palattaessa.<\/p>\t\t\t\t\t\t\t\t<\/div>\n\t\t\t\t<\/div>\n\t\t\t\t\t<\/div>\n\t\t<\/div>\n\t\t\t\t\t<\/div>\n\t\t<\/section>\n\t\t\t\t<\/div>\n\t\t","protected":false},"excerpt":{"rendered":"<p>Monien It\u00e4-Virumaan hotellien, ravintoloiden, kylpyl\u00f6iden ja n\u00e4ht\u00e4vyyksien ovella voit kohdata \u201eT\u00e4\u00e4ll\u00e4 on turvallista\u201d (Siin on turvaline) -laatumerkin. Se on kaikkein vastuuntuntoisimmille matkailuyritt\u00e4jiille my\u00f6nnett\u00e4v\u00e4 tunnus, joka kertoo vierailukohteesi kuuluvan maakunnalliseen terveysturvallisuusohjelmaan. Merkki\u00e4 voivat k\u00e4ytt\u00e4\u00e4 vain ne kohteet, jotka vakuuttavat noudattavansa kaikkia Viron terveysviraston, matkailualan keskeisten liittojen sek\u00e4 yritt\u00e4jien yhdess\u00e4 laatimia toimintaohjeita. Ohjelma pyrkii ehk\u00e4isem\u00e4\u00e4n koronaviruksen levi\u00e4mist\u00e4 [&hellip;]<\/p>\n","protected":false},"author":37,"featured_media":2328646,"parent":0,"menu_order":0,"comment_status":"closed","ping_status":"closed","template":"","meta":{"_acf_changed":false,"inline_featured_image":false,"footnotes":""},"class_list":["post-2246020","page","type-page","status-publish","has-post-thumbnail","hentry"],"acf":[],"_links":{"self":[{"href":"https:\/\/idaviru.ee\/fi\/wp-json\/wp\/v2\/pages\/2246020","targetHints":{"allow":["GET"]}}],"collection":[{"href":"https:\/\/idaviru.ee\/fi\/wp-json\/wp\/v2\/pages"}],"about":[{"href":"https:\/\/idaviru.ee\/fi\/wp-json\/wp\/v2\/types\/page"}],"author":[{"embeddable":true,"href":"https:\/\/idaviru.ee\/fi\/wp-json\/wp\/v2\/users\/37"}],"replies":[{"embeddable":true,"href":"https:\/\/idaviru.ee\/fi\/wp-json\/wp\/v2\/comments?post=2246020"}],"version-history":[{"count":0,"href":"https:\/\/idaviru.ee\/fi\/wp-json\/wp\/v2\/pages\/2246020\/revisions"}],"wp:featuredmedia":[{"embeddable":true,"href":"https:\/\/idaviru.ee\/fi\/wp-json\/wp\/v2\/media\/2328646"}],"wp:attachment":[{"href":"https:\/\/idaviru.ee\/fi\/wp-json\/wp\/v2\/media?parent=2246020"}],"curies":[{"name":"wp","href":"https:\/\/api.w.org\/{rel}","templated":true}]}}