{"id":2723645,"date":"2022-09-15T11:20:28","date_gmt":"2022-09-15T08:20:28","guid":{"rendered":"https:\/\/idaviru.ee\/?page_id=2723645"},"modified":"2025-11-14T09:19:45","modified_gmt":"2025-11-14T07:19:45","slug":"kiitos","status":"publish","type":"page","link":"https:\/\/idaviru.ee\/fi\/kiitos\/","title":{"rendered":"Kiitos ja onnea arvontaan!"},"content":{"rendered":"\t\t<div data-elementor-type=\"wp-page\" data-elementor-id=\"2723645\" class=\"elementor elementor-2723645\" data-elementor-post-type=\"page\">\n\t\t\t\t\t\t<section class=\"elementor-section elementor-top-section elementor-element elementor-element-415294e elementor-section-boxed elementor-section-height-default elementor-section-height-default\" data-id=\"415294e\" data-element_type=\"section\" data-e-type=\"section\">\n\t\t\t\t\t\t<div class=\"elementor-container elementor-column-gap-default\">\n\t\t\t\t\t<div class=\"elementor-column elementor-col-100 elementor-top-column elementor-element elementor-element-4984612\" data-id=\"4984612\" data-element_type=\"column\" data-e-type=\"column\">\n\t\t\t<div class=\"elementor-widget-wrap elementor-element-populated\">\n\t\t\t\t\t\t<div class=\"elementor-element elementor-element-f797a77 elementor-widget elementor-widget-text-editor\" data-id=\"f797a77\" data-element_type=\"widget\" data-e-type=\"widget\" data-widget_type=\"text-editor.default\">\n\t\t\t\t<div class=\"elementor-widget-container\">\n\t\t\t\t\t\t\t\t\t<p><span style=\"font-weight: 400;\">Teit hyv\u00e4n p\u00e4\u00e4t\u00f6ksen ja liityit It\u00e4-Viron yst\u00e4vien joukkoon, kiitos siit\u00e4! Emme tuputa s\u00e4hk\u00f6postiasi t\u00e4yteen mainoksia vaan l\u00e4het\u00e4mme kerran kuukaudessa uutisista ja matkailuvinkeist\u00e4 koostuvan tietopaketin. Nyt peukut pystyyn, ett\u00e4 onni suosisi arvonnassa juuri sinua! <strong>Arvonta suoritetaan 27.11.2025<\/strong>.<\/span><\/p><p style=\"text-align: center;\"><strong><span style=\"line-height: 19.6px;\" data-teams=\"true\">Palkintoina:\u00a0<\/span><span style=\"font-size: 14px; line-height: 19.6px;\"><span style=\"line-height: 19.6px;\" data-teams=\"true\">Majoituspaketti <a href=\"https:\/\/www.toilaspa.ee\/fi\/\" target=\"_blank\" rel=\"noopener\" data-u-link-value=\"eyJuYW1lIjoid2ViIiwiYXR0cnMiOnsiaHJlZiI6Int7aHJlZn19IiwidGFyZ2V0Ijoie3t0YXJnZXR9fSJ9LCJ2YWx1ZXMiOnsiaHJlZiI6Imh0dHBzOi8vd3d3LnRvaWxhc3BhLmVlL2ZpLyIsInRhcmdldCI6Il9ibGFuayJ9fQ==\">Toila Spa Hotelliin<\/a> yksi y\u00f6 kahdelle<\/span><\/span>\u00a0\u00a0<\/strong><\/p><p><span style=\"font-weight: 400;\">Lis\u00e4ideoita siit\u00e4, mit\u00e4 kaikkea muuta voisit kylpyl\u00e4matkasi aikana n\u00e4hd\u00e4 ja kokea, voit ammentaa It\u00e4-Viron matkailusivustolta <\/span><strong><a href=\"http:\/\/idaviru.ee\/fi\">idaviru.ee\/fi<\/a><\/strong><span style=\"font-weight: 400;\">. Ota seurantaasi my\u00f6s Facebook-sivumme <\/span><strong><a href=\"https:\/\/www.facebook.com\/itaviroystavat\">It\u00e4-Viron yst\u00e4v\u00e4t<\/a><\/strong><span style=\"font-weight: 400;\">, sill\u00e4 n\u00e4iss\u00e4 kahdessa kanavassa kerromme arvonnan ratkettua voittajan nimen. \u00a0Otamme toki onnettaren suosikkiin yhteytt\u00e4 suoraankin s\u00e4hk\u00f6postitse.<\/span><span style=\"font-weight: 400;\">\u00a0<\/span><\/p><p><span style=\"font-weight: 400;\">Meit\u00e4 voit seurata my\u00f6s <a href=\"https:\/\/www.instagram.com\/itaviroystavat\"><strong>Instagramissa<\/strong><\/a>!<\/span><\/p><p><span style=\"font-weight: 400;\">Terveisin,<\/span><span style=\"font-weight: 400;\"><br \/><\/span><span style=\"font-weight: 400;\">It\u00e4-Viron matkailuyritt\u00e4jien verkosto<\/span><\/p>\t\t\t\t\t\t\t\t<\/div>\n\t\t\t\t<\/div>\n\t\t\t\t<div class=\"elementor-element elementor-element-1645ca8 elementor-skin-carousel elementor-arrows-yes elementor-pagination-type-bullets elementor-pagination-position-outside elementor-widget elementor-widget-media-carousel\" data-id=\"1645ca8\" data-element_type=\"widget\" data-e-type=\"widget\" data-settings=\"{&quot;skin&quot;:&quot;carousel&quot;,&quot;effect&quot;:&quot;slide&quot;,&quot;show_arrows&quot;:&quot;yes&quot;,&quot;pagination&quot;:&quot;bullets&quot;,&quot;speed&quot;:500,&quot;autoplay&quot;:&quot;yes&quot;,&quot;autoplay_speed&quot;:5000,&quot;loop&quot;:&quot;yes&quot;,&quot;pause_on_hover&quot;:&quot;yes&quot;,&quot;pause_on_interaction&quot;:&quot;yes&quot;,&quot;space_between&quot;:{&quot;unit&quot;:&quot;px&quot;,&quot;size&quot;:10,&quot;sizes&quot;:[]},&quot;space_between_tablet&quot;:{&quot;unit&quot;:&quot;px&quot;,&quot;size&quot;:10,&quot;sizes&quot;:[]},&quot;space_between_mobile&quot;:{&quot;unit&quot;:&quot;px&quot;,&quot;size&quot;:10,&quot;sizes&quot;:[]}}\" data-widget_type=\"media-carousel.default\">\n\t\t\t\t<div class=\"elementor-widget-container\">\n\t\t\t\t\t\t\t\t\t<div class=\"elementor-swiper\">\n\t\t\t\t\t<div class=\"elementor-main-swiper swiper\" role=\"region\" aria-roledescription=\"carousel\" aria-label=\"Slides\">\n\t\t\t\t<div class=\"swiper-wrapper\">\n\t\t\t\t\t\t\t\t\t\t\t<div class=\"swiper-slide\" role=\"group\" aria-roledescription=\"slide\">\n\t\t\t\t\t\t\t\t\t<div class=\"elementor-carousel-image\" role=\"img\" aria-label=\"Toila Spa Hotell\" style=\"background-image: url(&#039;https:\/\/idaviru.ee\/wp-content\/uploads\/2024\/01\/SvenZacek_230712_564.jpg&#039;)\">\n\n\t\t\t\n\t\t\t\t\t<\/div>\n\t\t\t\t\t\t\t\t<\/div>\n\t\t\t\t\t\t\t\t\t\t\t<div class=\"swiper-slide\" role=\"group\" aria-roledescription=\"slide\">\n\t\t\t\t\t\t\t\t\t<div class=\"elementor-carousel-image\" role=\"img\" aria-label=\"Wellness Orhidee saunas (2)\" style=\"background-image: url(&#039;https:\/\/idaviru.ee\/wp-content\/uploads\/2024\/01\/Wellness-Orhidee-saunas-2.jpg&#039;)\">\n\n\t\t\t\n\t\t\t\t\t<\/div>\n\t\t\t\t\t\t\t\t<\/div>\n\t\t\t\t\t\t\t\t\t\t\t<div class=\"swiper-slide\" role=\"group\" aria-roledescription=\"slide\">\n\t\t\t\t\t\t\t\t\t<div class=\"elementor-carousel-image\" role=\"img\" aria-label=\"OLYMPUS DIGITAL CAMERA\" style=\"background-image: url(&#039;https:\/\/idaviru.ee\/wp-content\/uploads\/2021\/05\/Ida-Virumaa_toila_spa_Wellness-Orhidee1.jpg&#039;)\">\n\n\t\t\t\n\t\t\t\t\t<\/div>\n\t\t\t\t\t\t\t\t<\/div>\n\t\t\t\t\t\t\t\t\t<\/div>\n\t\t\t\t\t\t\t\t\t\t\t\t\t\t\t<div class=\"elementor-swiper-button elementor-swiper-button-prev\" role=\"button\" tabindex=\"0\" aria-label=\"Previous\">\n\t\t\t\t\t\t\t<i aria-hidden=\"true\" class=\"eicon-chevron-left\"><\/i>\t\t\t\t\t\t<\/div>\n\t\t\t\t\t\t<div class=\"elementor-swiper-button elementor-swiper-button-next\" role=\"button\" tabindex=\"0\" aria-label=\"Next\">\n\t\t\t\t\t\t\t<i aria-hidden=\"true\" class=\"eicon-chevron-right\"><\/i>\t\t\t\t\t\t<\/div>\n\t\t\t\t\t\t\t\t\t\t\t\t\t\t\t\t<div class=\"swiper-pagination\"><\/div>\n\t\t\t\t\t\t\t\t\t\t\t\t<\/div>\n\t\t\t\t<\/div>\n\t\t\t\t\t\t\t\t<\/div>\n\t\t\t\t<\/div>\n\t\t\t\t<div class=\"elementor-element elementor-element-d2dcb11 elementor-widget elementor-widget-button\" data-id=\"d2dcb11\" data-element_type=\"widget\" data-e-type=\"widget\" data-widget_type=\"button.default\">\n\t\t\t\t<div class=\"elementor-widget-container\">\n\t\t\t\t\t\t\t\t\t<div class=\"elementor-button-wrapper\">\n\t\t\t\t\t<a class=\"elementor-button elementor-button-link elementor-size-sm\" href=\"https:\/\/seiklusmaa.sendsmaily.net\/landing-pages\/6914340f-1940-4130-9f89-5e05fa872917\/html\/\">\n\t\t\t\t\t\t<span class=\"elementor-button-content-wrapper\">\n\t\t\t\t\t\t\t\t\t<span class=\"elementor-button-text\">Tilaa uutiskirje<\/span>\n\t\t\t\t\t<\/span>\n\t\t\t\t\t<\/a>\n\t\t\t\t<\/div>\n\t\t\t\t\t\t\t\t<\/div>\n\t\t\t\t<\/div>\n\t\t\t\t\t<\/div>\n\t\t<\/div>\n\t\t\t\t\t<\/div>\n\t\t<\/section>\n\t\t\t\t<\/div>\n\t\t","protected":false},"excerpt":{"rendered":"<p>Teit hyv\u00e4n p\u00e4\u00e4t\u00f6ksen ja liityit It\u00e4-Viron yst\u00e4vien joukkoon, kiitos siit\u00e4! Emme tuputa s\u00e4hk\u00f6postiasi t\u00e4yteen mainoksia vaan l\u00e4het\u00e4mme kerran kuukaudessa uutisista ja matkailuvinkeist\u00e4 koostuvan tietopaketin. Nyt peukut pystyyn, ett\u00e4 onni suosisi arvonnassa juuri sinua! Arvonta suoritetaan 27.11.2025. Palkintoina:\u00a0Majoituspaketti Toila Spa Hotelliin yksi y\u00f6 kahdelle\u00a0\u00a0 Lis\u00e4ideoita siit\u00e4, mit\u00e4 kaikkea muuta voisit kylpyl\u00e4matkasi aikana n\u00e4hd\u00e4 ja kokea, voit [&hellip;]<\/p>\n","protected":false},"author":37,"featured_media":2949195,"parent":0,"menu_order":0,"comment_status":"closed","ping_status":"closed","template":"page-templates\/page-fw.php","meta":{"_acf_changed":false,"inline_featured_image":false,"footnotes":""},"class_list":["post-2723645","page","type-page","status-publish","has-post-thumbnail","hentry"],"acf":[],"_links":{"self":[{"href":"https:\/\/idaviru.ee\/fi\/wp-json\/wp\/v2\/pages\/2723645","targetHints":{"allow":["GET"]}}],"collection":[{"href":"https:\/\/idaviru.ee\/fi\/wp-json\/wp\/v2\/pages"}],"about":[{"href":"https:\/\/idaviru.ee\/fi\/wp-json\/wp\/v2\/types\/page"}],"author":[{"embeddable":true,"href":"https:\/\/idaviru.ee\/fi\/wp-json\/wp\/v2\/users\/37"}],"replies":[{"embeddable":true,"href":"https:\/\/idaviru.ee\/fi\/wp-json\/wp\/v2\/comments?post=2723645"}],"version-history":[{"count":0,"href":"https:\/\/idaviru.ee\/fi\/wp-json\/wp\/v2\/pages\/2723645\/revisions"}],"wp:featuredmedia":[{"embeddable":true,"href":"https:\/\/idaviru.ee\/fi\/wp-json\/wp\/v2\/media\/2949195"}],"wp:attachment":[{"href":"https:\/\/idaviru.ee\/fi\/wp-json\/wp\/v2\/media?parent=2723645"}],"curies":[{"name":"wp","href":"https:\/\/api.w.org\/{rel}","templated":true}]}}