{"id":2800943,"date":"2022-11-09T20:25:45","date_gmt":"2022-11-09T18:25:45","guid":{"rendered":"https:\/\/idaviru.ee\/?page_id=2800943"},"modified":"2023-05-23T14:38:03","modified_gmt":"2023-05-23T11:38:03","slug":"kiitos-uutiskirjeen-tilaamisesta","status":"publish","type":"page","link":"https:\/\/idaviru.ee\/fi\/kiitos-uutiskirjeen-tilaamisesta\/","title":{"rendered":"Kiitos uutiskirjeen tilaamisesta"},"content":{"rendered":"\t\t<div data-elementor-type=\"wp-page\" data-elementor-id=\"2800943\" class=\"elementor elementor-2800943\" data-elementor-post-type=\"page\">\n\t\t\t\t\t\t<section class=\"elementor-section elementor-top-section elementor-element elementor-element-8f9fd7a elementor-section-boxed elementor-section-height-default elementor-section-height-default\" data-id=\"8f9fd7a\" data-element_type=\"section\" data-e-type=\"section\">\n\t\t\t\t\t\t<div class=\"elementor-container elementor-column-gap-default\">\n\t\t\t\t\t<div class=\"elementor-column elementor-col-100 elementor-top-column elementor-element elementor-element-dd26c8e\" data-id=\"dd26c8e\" data-element_type=\"column\" data-e-type=\"column\">\n\t\t\t<div class=\"elementor-widget-wrap elementor-element-populated\">\n\t\t\t\t\t\t<div class=\"elementor-element elementor-element-7cd2b85 elementor-widget elementor-widget-text-editor\" data-id=\"7cd2b85\" data-element_type=\"widget\" data-e-type=\"widget\" data-widget_type=\"text-editor.default\">\n\t\t\t\t<div class=\"elementor-widget-container\">\n\t\t\t\t\t\t\t\t\t<p>KIITOS!<\/p>\n<p>Olet uutiskirjeen tilaamalla liittynyt It\u00e4-Viron yst\u00e4vien joukkoon. Nyt sormet kyyn\u00e4rp\u00e4it\u00e4 my\u00f6ten ristiin, jotta onnetar suosisi ja arpoisi 20.11. juuri Sinut t\u00e4m\u00e4n matkapaketin voittajaksi:<\/p>\n<p><a href=\"https:\/\/www.toilaspa.ee\/fi\/\">Toila SPA kylpyl\u00e4hotellin<\/a> 2 y\u00f6n kylpyl\u00e4paketti kahdelle, sis\u00e4lt\u00e4en:<br>&#8211; majoitus kahden hengen standard-luokan huoneessa, jossa kylpytakit<br>&nbsp;&nbsp; (check-in tulop\u00e4iv\u00e4n\u00e4 klo 16.00, check-out l\u00e4ht\u00f6p\u00e4iv\u00e4n\u00e4 klo 12.00<br>&#8211; illalliset ja aamiaiset buffet-ruokailuina <br>&#8211; <a href=\"https:\/\/www.toilaspa.ee\/fi\/saunakeskukset\/saunat\/\">saunakeskus Termitin<\/a>, <a href=\"https:\/\/www.toilaspa.ee\/fi\/galleria\/termid-ja-uimahalli\/\">allasosaston<\/a>, aromi-rentoutushuoneen ja uimahallin rajaton k\u00e4ytt\u00f6<br>&#8211; halukkaille aamuinen ohjattu vesijumppa (klo 8.00 ja 9.00)<br>&#8211; yksi valinnanmukainen <a href=\"https:\/\/www.toilaspa.ee\/fi\/laakinnalliset-ja-spa-hoidot\/\">wellness-hoito<\/a> seuraavista<\/p>\n<ul>\n<li>30 min greippi- tai jasmiinihieronta<\/li>\n<li>30 min rentouttava kasvohoito<\/li>\n<li>40 min hieronta (klassinen, aromi- tai \u00f6ljyliuske-)<\/li>\n<li>55 min rullahieronta<\/li>\n<li>3h <a href=\"https:\/\/www.toilaspa.ee\/fi\/galleria\/wellnesskeskus-orhidee\/\">Orhidee 18+ -kylpyl\u00e4osaston<\/a> k\u00e4ytt\u00f6<\/li>\n<li>kryosauna eli -140\u00baC kylm\u00e4kapseli ja 15 min jalkahieronta Marutaka-laitteella<\/li>\n<\/ul>\n<p>&#8230;sek\u00e4 l<span style=\"color: var( --e-global-color-text ); font-size: 1rem;\">aivamatkat kahdelle<\/span><span style=\"color: var( --e-global-color-text ); font-size: 1rem;\">&nbsp;<\/span><a style=\"font-size: 1rem; background-color: #ffffff;\" href=\"https:\/\/www.eckeroline.fi\/laivalla\/msfinlandia\">Ecker\u00f6 Linen M\/S Finlandialla<\/a><span style=\"color: var( --e-global-color-text ); font-size: 1rem;\">&nbsp;<\/span><span style=\"color: var( --e-global-color-text ); font-size: 1rem;\">v\u00e4lill\u00e4 Helsinki-Tallinna-Helsinki.<\/span><\/p>\t\t\t\t\t\t\t\t<\/div>\n\t\t\t\t<\/div>\n\t\t\t\t\t<\/div>\n\t\t<\/div>\n\t\t\t\t\t<\/div>\n\t\t<\/section>\n\t\t\t\t<section class=\"elementor-section elementor-top-section elementor-element elementor-element-b898dea elementor-section-boxed elementor-section-height-default elementor-section-height-default\" data-id=\"b898dea\" data-element_type=\"section\" data-e-type=\"section\">\n\t\t\t\t\t\t<div class=\"elementor-container elementor-column-gap-default\">\n\t\t\t\t\t<div class=\"elementor-column elementor-col-100 elementor-top-column elementor-element elementor-element-63ddeef\" data-id=\"63ddeef\" data-element_type=\"column\" data-e-type=\"column\">\n\t\t\t<div class=\"elementor-widget-wrap elementor-element-populated\">\n\t\t\t\t\t\t<div class=\"elementor-element elementor-element-3c02a7c elementor-widget elementor-widget-image\" data-id=\"3c02a7c\" data-element_type=\"widget\" data-e-type=\"widget\" data-widget_type=\"image.default\">\n\t\t\t\t<div class=\"elementor-widget-container\">\n\t\t\t\t\t\t\t\t\t\t\t\t\t\t\t<img fetchpriority=\"high\" decoding=\"async\" width=\"800\" height=\"466\" src=\"https:\/\/idaviru.ee\/wp-content\/uploads\/2022\/04\/Meresuu-FB-1-e1684841212376-1024x597.jpeg\" class=\"attachment-large size-large wp-image-2498349\" alt=\"meresuu spa\" srcset=\"\/\/idaviru.ee\/wp-content\/uploads\/2022\/04\/Meresuu-FB-1-e1684841212376-1024x597.jpeg 1024w, \/\/idaviru.ee\/wp-content\/uploads\/2022\/04\/Meresuu-FB-1-e1684841212376-300x175.jpeg 300w, \/\/idaviru.ee\/wp-content\/uploads\/2022\/04\/Meresuu-FB-1-e1684841212376-768x448.jpeg 768w, \/\/idaviru.ee\/wp-content\/uploads\/2022\/04\/Meresuu-FB-1-e1684841212376-600x350.jpeg 600w, \/\/idaviru.ee\/wp-content\/uploads\/2022\/04\/Meresuu-FB-1-e1684841212376.jpeg 1364w\" sizes=\"(max-width: 800px) 100vw, 800px\" \/>\t\t\t\t\t\t\t\t\t\t\t\t\t\t\t<\/div>\n\t\t\t\t<\/div>\n\t\t\t\t\t<\/div>\n\t\t<\/div>\n\t\t\t\t\t<\/div>\n\t\t<\/section>\n\t\t\t\t<section class=\"elementor-section elementor-top-section elementor-element elementor-element-7dc946b elementor-section-boxed elementor-section-height-default elementor-section-height-default\" data-id=\"7dc946b\" data-element_type=\"section\" data-e-type=\"section\">\n\t\t\t\t\t\t<div class=\"elementor-container elementor-column-gap-default\">\n\t\t\t\t\t<div class=\"elementor-column elementor-col-100 elementor-top-column elementor-element elementor-element-3d0ffce\" data-id=\"3d0ffce\" data-element_type=\"column\" data-e-type=\"column\">\n\t\t\t<div class=\"elementor-widget-wrap elementor-element-populated\">\n\t\t\t\t\t\t<div class=\"elementor-element elementor-element-d59c3d2 elementor-widget elementor-widget-text-editor\" data-id=\"d59c3d2\" data-element_type=\"widget\" data-e-type=\"widget\" data-widget_type=\"text-editor.default\">\n\t\t\t\t<div class=\"elementor-widget-container\">\n\t\t\t\t\t\t\t\t\t<p><span style=\"color: var( --e-global-color-text );\">Palkintomatkan voi toteuttaa voittajan valitsemana ajankohtana (vapaiden huoneiden olemassaolon varauksin) 31.5.2023 menness\u00e4. L\u00e4het\u00e4mme voittajalle postitse lahjakortit, joiden avulla laivamatkan ja kylpyl\u00e4paketin voi varata suoraan laivayhti\u00f6lt\u00e4 ja hotellista.<\/span><span style=\"color: var( --e-global-color-text ); font-size: 1rem;\"><br><\/span><\/p><p>Palkintoloman aikana kannattaa tutustua my\u00f6s kylpyl\u00e4hotellia ymp\u00e4r\u00f6iv\u00e4\u00e4n Suomenlahden rantat\u00f6rm\u00e4n luontoon. Vain vartin k\u00e4velymatkan p\u00e4\u00e4ss\u00e4 sijaitsee esim.&nbsp;<a href=\"https:\/\/idaviru.ee\/fi\/object\/1641714\/toilan-oru-puisto\/\">Toila-Orun puisto<\/a>, joka on hyvin viitoitettu ja jossa sijaitsi II maailmansodassa tuhoutunut&nbsp;<a href=\"https:\/\/idaviru.ee\/fi\/object\/2177365\/2177365\/\">Viron presidentin kes\u00e4palatsi<\/a>. Nyt uhkean palatsin sijaintipaikkaa merkkaa ja kaunistaa hyvin hoidettu puutarha terassitasanteineen ja suihkul\u00e4hteineen sek\u00e4 l\u00e4heinen H\u00f5beallikan eli hopeisen l\u00e4hteen luola. Merin\u00e4k\u00f6ala Suomenlahdelle on upeimmillaan \u201dP\u00e4\u00e4skysenpes\u00e4\u201d-paviljongista. Alhaalla uimarannan vierell\u00e4 on my\u00f6s Toilan vierasvenesatama ja kes\u00e4ravintola.<\/p><p>Toilasta 9 km et\u00e4isyydell\u00e4 sijaitsevan J\u00f5hvin kaupungin sek\u00e4 It\u00e4-Viron muiden keskusten n\u00e4ht\u00e4vyyksiin ja tapahtumiin tutustut parhaiten suomenkielisell\u00e4 nettisivulla&nbsp;<a href=\"http:\/\/www.idaviru.ee\/fi\">www.idaviru.ee\/fi<\/a>&nbsp;sek\u00e4 seuraamalla Facebook-sivuamme&nbsp;<a href=\"https:\/\/www.facebook.com\/itaviroystavat\">It\u00e4-Viron yst\u00e4v\u00e4t<\/a>, jossa kerromme my\u00f6s voittajan nimen arvonnan ratkettua. Otamme onnettaren suosikkiin luonnollisesti yhteytt\u00e4 my\u00f6s suoraan s\u00e4hk\u00f6postitse.<\/p><p>Onnea viel\u00e4 kerran arvontaan ja tapaamisiin ensimm\u00e4isen, 21.11. alkavalla viikolla s\u00e4hk\u00f6postiisi saapuvan uutiskirjeen merkeiss\u00e4.<\/p><p>Terveisin,<br>It\u00e4-Viron matkailuyritt\u00e4jien verkosto<\/p>\t\t\t\t\t\t\t\t<\/div>\n\t\t\t\t<\/div>\n\t\t\t\t\t<\/div>\n\t\t<\/div>\n\t\t\t\t\t<\/div>\n\t\t<\/section>\n\t\t\t\t<section class=\"elementor-section elementor-top-section elementor-element elementor-element-b7b8bac elementor-section-boxed elementor-section-height-default elementor-section-height-default\" data-id=\"b7b8bac\" data-element_type=\"section\" data-e-type=\"section\">\n\t\t\t\t\t\t<div class=\"elementor-container elementor-column-gap-default\">\n\t\t\t\t\t<div class=\"elementor-column elementor-col-100 elementor-top-column elementor-element elementor-element-64db1e0\" data-id=\"64db1e0\" data-element_type=\"column\" data-e-type=\"column\">\n\t\t\t<div class=\"elementor-widget-wrap elementor-element-populated\">\n\t\t\t\t\t\t<div class=\"elementor-element elementor-element-aa732e1 elementor-widget elementor-widget-image\" data-id=\"aa732e1\" data-element_type=\"widget\" data-e-type=\"widget\" data-widget_type=\"image.default\">\n\t\t\t\t<div class=\"elementor-widget-container\">\n\t\t\t\t\t\t\t\t\t\t\t\t\t\t\t\t<a href=\"https:\/\/idaviru.ee\/fi\/kiitos\/\">\n\t\t\t\t\t\t\t<img decoding=\"async\" width=\"800\" height=\"400\" src=\"https:\/\/idaviru.ee\/wp-content\/uploads\/2022\/11\/FI_IV_maitse_1440x720-1024x512.jpg\" class=\"attachment-large size-large wp-image-2800898\" alt=\"\" srcset=\"\/\/idaviru.ee\/wp-content\/uploads\/2022\/11\/FI_IV_maitse_1440x720-1024x512.jpg 1024w, \/\/idaviru.ee\/wp-content\/uploads\/2022\/11\/FI_IV_maitse_1440x720-300x150.jpg 300w, \/\/idaviru.ee\/wp-content\/uploads\/2022\/11\/FI_IV_maitse_1440x720-768x384.jpg 768w, \/\/idaviru.ee\/wp-content\/uploads\/2022\/11\/FI_IV_maitse_1440x720-600x300.jpg 600w, \/\/idaviru.ee\/wp-content\/uploads\/2022\/11\/FI_IV_maitse_1440x720-120x60.jpg 120w, \/\/idaviru.ee\/wp-content\/uploads\/2022\/11\/FI_IV_maitse_1440x720-180x90.jpg 180w, \/\/idaviru.ee\/wp-content\/uploads\/2022\/11\/FI_IV_maitse_1440x720.jpg 1440w\" sizes=\"(max-width: 800px) 100vw, 800px\" \/>\t\t\t\t\t\t\t\t<\/a>\n\t\t\t\t\t\t\t\t\t\t\t\t\t\t\t<\/div>\n\t\t\t\t<\/div>\n\t\t\t\t\t<\/div>\n\t\t<\/div>\n\t\t\t\t\t<\/div>\n\t\t<\/section>\n\t\t\t\t<section class=\"elementor-section elementor-top-section elementor-element elementor-element-d88d303 elementor-section-boxed elementor-section-height-default elementor-section-height-default\" data-id=\"d88d303\" data-element_type=\"section\" data-e-type=\"section\">\n\t\t\t\t\t\t<div class=\"elementor-container elementor-column-gap-default\">\n\t\t\t\t\t<div class=\"elementor-column elementor-col-100 elementor-top-column elementor-element elementor-element-825da13\" data-id=\"825da13\" data-element_type=\"column\" data-e-type=\"column\">\n\t\t\t<div class=\"elementor-widget-wrap elementor-element-populated\">\n\t\t\t\t\t\t<div class=\"elementor-element elementor-element-4620440 elementor-widget elementor-widget-image\" data-id=\"4620440\" data-element_type=\"widget\" data-e-type=\"widget\" data-widget_type=\"image.default\">\n\t\t\t\t<div class=\"elementor-widget-container\">\n\t\t\t\t\t\t\t\t\t\t\t\t\t\t\t\t<a href=\"https:\/\/www.eckeroline.ee\/\">\n\t\t\t\t\t\t\t<img decoding=\"async\" width=\"470\" height=\"73\" src=\"https:\/\/idaviru.ee\/wp-content\/uploads\/2022\/11\/eckeroline_logo_470x73px.webp\" class=\"attachment-large size-large wp-image-2812878\" alt=\"\" srcset=\"\/\/idaviru.ee\/wp-content\/uploads\/2022\/11\/eckeroline_logo_470x73px.webp 470w, \/\/idaviru.ee\/wp-content\/uploads\/2022\/11\/eckeroline_logo_470x73px-300x47.webp 300w, \/\/idaviru.ee\/wp-content\/uploads\/2022\/11\/eckeroline_logo_470x73px-190x30.webp 190w\" sizes=\"(max-width: 470px) 100vw, 470px\" \/>\t\t\t\t\t\t\t\t<\/a>\n\t\t\t\t\t\t\t\t\t\t\t\t\t\t\t<\/div>\n\t\t\t\t<\/div>\n\t\t\t\t\t<\/div>\n\t\t<\/div>\n\t\t\t\t\t<\/div>\n\t\t<\/section>\n\t\t\t\t<\/div>\n\t\t","protected":false},"excerpt":{"rendered":"<p>KIITOS! Olet uutiskirjeen tilaamalla liittynyt It\u00e4-Viron yst\u00e4vien joukkoon. Nyt sormet kyyn\u00e4rp\u00e4it\u00e4 my\u00f6ten ristiin, jotta onnetar suosisi ja arpoisi 20.11. juuri Sinut t\u00e4m\u00e4n matkapaketin voittajaksi: Toila SPA kylpyl\u00e4hotellin 2 y\u00f6n kylpyl\u00e4paketti kahdelle, sis\u00e4lt\u00e4en:&#8211; majoitus kahden hengen standard-luokan huoneessa, jossa kylpytakit&nbsp;&nbsp; (check-in tulop\u00e4iv\u00e4n\u00e4 klo 16.00, check-out l\u00e4ht\u00f6p\u00e4iv\u00e4n\u00e4 klo 12.00&#8211; illalliset ja aamiaiset buffet-ruokailuina &#8211; saunakeskus Termitin, allasosaston, [&hellip;]<\/p>\n","protected":false},"author":31,"featured_media":2800911,"parent":0,"menu_order":0,"comment_status":"closed","ping_status":"closed","template":"page-templates\/page-fw.php","meta":{"_acf_changed":false,"inline_featured_image":false,"footnotes":""},"class_list":["post-2800943","page","type-page","status-publish","has-post-thumbnail","hentry"],"acf":[],"_links":{"self":[{"href":"https:\/\/idaviru.ee\/fi\/wp-json\/wp\/v2\/pages\/2800943","targetHints":{"allow":["GET"]}}],"collection":[{"href":"https:\/\/idaviru.ee\/fi\/wp-json\/wp\/v2\/pages"}],"about":[{"href":"https:\/\/idaviru.ee\/fi\/wp-json\/wp\/v2\/types\/page"}],"author":[{"embeddable":true,"href":"https:\/\/idaviru.ee\/fi\/wp-json\/wp\/v2\/users\/31"}],"replies":[{"embeddable":true,"href":"https:\/\/idaviru.ee\/fi\/wp-json\/wp\/v2\/comments?post=2800943"}],"version-history":[{"count":0,"href":"https:\/\/idaviru.ee\/fi\/wp-json\/wp\/v2\/pages\/2800943\/revisions"}],"wp:featuredmedia":[{"embeddable":true,"href":"https:\/\/idaviru.ee\/fi\/wp-json\/wp\/v2\/media\/2800911"}],"wp:attachment":[{"href":"https:\/\/idaviru.ee\/fi\/wp-json\/wp\/v2\/media?parent=2800943"}],"curies":[{"name":"wp","href":"https:\/\/api.w.org\/{rel}","templated":true}]}}