{"id":2942495,"date":"2023-09-08T14:36:29","date_gmt":"2023-09-08T11:36:29","guid":{"rendered":"https:\/\/idaviru.ee\/?page_id=2942495"},"modified":"2023-09-08T16:30:02","modified_gmt":"2023-09-08T13:30:02","slug":"audio-oppaat","status":"publish","type":"page","link":"https:\/\/idaviru.ee\/fi\/audio-oppaat\/","title":{"rendered":"Audio-oppaat"},"content":{"rendered":"\t\t<div data-elementor-type=\"wp-page\" data-elementor-id=\"2942495\" class=\"elementor elementor-2942495\" data-elementor-post-type=\"page\">\n\t\t\t\t\t\t<section class=\"elementor-section elementor-top-section elementor-element elementor-element-33a5413 elementor-section-full_width elementor-section-height-default elementor-section-height-default\" data-id=\"33a5413\" data-element_type=\"section\" data-e-type=\"section\">\n\t\t\t\t\t\t<div class=\"elementor-container elementor-column-gap-default\">\n\t\t\t\t\t<div class=\"elementor-column elementor-col-100 elementor-top-column elementor-element elementor-element-5376c06\" data-id=\"5376c06\" data-element_type=\"column\" data-e-type=\"column\">\n\t\t\t<div class=\"elementor-widget-wrap elementor-element-populated\">\n\t\t\t\t\t\t<div class=\"elementor-element elementor-element-8931151 elementor--h-position-center elementor--v-position-middle elementor-arrows-position-inside elementor-pagination-position-inside elementor-widget elementor-widget-slides\" data-id=\"8931151\" data-element_type=\"widget\" data-e-type=\"widget\" data-settings=\"{&quot;navigation&quot;:&quot;both&quot;,&quot;autoplay&quot;:&quot;yes&quot;,&quot;pause_on_hover&quot;:&quot;yes&quot;,&quot;pause_on_interaction&quot;:&quot;yes&quot;,&quot;autoplay_speed&quot;:5000,&quot;infinite&quot;:&quot;yes&quot;,&quot;transition&quot;:&quot;slide&quot;,&quot;transition_speed&quot;:500}\" data-widget_type=\"slides.default\">\n\t\t\t\t<div class=\"elementor-widget-container\">\n\t\t\t\t\t\t\t\t\t<div class=\"elementor-swiper\">\n\t\t\t\t\t<div class=\"elementor-slides-wrapper elementor-main-swiper swiper\" role=\"region\" aria-roledescription=\"carousel\" aria-label=\"Slides\" dir=\"ltr\" data-animation=\"fadeInUp\">\n\t\t\t\t<div class=\"swiper-wrapper elementor-slides\">\n\t\t\t\t\t\t\t\t\t\t<div class=\"elementor-repeater-item-df4f231 swiper-slide\" role=\"group\" aria-roledescription=\"slide\"><div class=\"swiper-slide-bg\" role=\"img\" aria-label=\"single-earth-CdslYn5ZNBc-unsplash-2\"><\/div><div class=\"swiper-slide-inner\" ><div class=\"swiper-slide-contents\"><div class=\"elementor-slide-heading\">Audio-oppaat<\/div><\/div><\/div><\/div>\t\t\t\t<\/div>\n\t\t\t\t\t\t\t<\/div>\n\t\t\t\t<\/div>\n\t\t\t\t\t\t\t\t<\/div>\n\t\t\t\t<\/div>\n\t\t\t\t\t<\/div>\n\t\t<\/div>\n\t\t\t\t\t<\/div>\n\t\t<\/section>\n\t\t\t\t<section class=\"elementor-section elementor-top-section elementor-element elementor-element-90507da elementor-section-boxed elementor-section-height-default elementor-section-height-default\" data-id=\"90507da\" data-element_type=\"section\" data-e-type=\"section\">\n\t\t\t\t\t\t<div class=\"elementor-container elementor-column-gap-default\">\n\t\t\t\t\t<div class=\"elementor-column elementor-col-100 elementor-top-column elementor-element elementor-element-39aa961\" data-id=\"39aa961\" data-element_type=\"column\" data-e-type=\"column\">\n\t\t\t<div class=\"elementor-widget-wrap elementor-element-populated\">\n\t\t\t\t\t\t<div class=\"elementor-element elementor-element-030ac03 elementor-widget__width-initial elementor-widget elementor-widget-heading\" data-id=\"030ac03\" data-element_type=\"widget\" data-e-type=\"widget\" data-widget_type=\"heading.default\">\n\t\t\t\t<div class=\"elementor-widget-container\">\n\t\t\t\t\t<h2 class=\"elementor-heading-title elementor-size-default\"> Virumaan eri paikkoihin liittyy paljon tarinoita ja historiatietoa - t\u00e4ss\u00e4 valikoima kuunneltavaksesi<\/h2>\t\t\t\t<\/div>\n\t\t\t\t<\/div>\n\t\t\t\t<div class=\"elementor-element elementor-element-e5354f9 elementor-widget__width-initial elementor-widget elementor-widget-text-editor\" data-id=\"e5354f9\" data-element_type=\"widget\" data-e-type=\"widget\" data-widget_type=\"text-editor.default\">\n\t\t\t\t<div class=\"elementor-widget-container\">\n\t\t\t\t\t\t\t\t\t<p>Klikkaa alta mieleist\u00e4si aihetta, niin p\u00e4\u00e4set karttasivulle, jolla on kyseisen seudun tarinapisteet. Voit kuunnella niihin liittyvi\u00e4 \u00e4\u00e4nitteit\u00e4 kotioloissakin, mutta paikan p\u00e4\u00e4lle kulkien koet enemm\u00e4n \u2013 olet kuin tapahtumien keskipisteess\u00e4.<\/p><p>Kuunteluhetken sijaintisi n\u00e4et, kun klikkaat puhelimessa kartan \u201dOma sijaintini\u201d-painiketta. Pisteest\u00e4 toiseen liikkumisen reitti\u00e4 tai j\u00e4rjestyst\u00e4 emme ole puolestasi valinneet, eli hy\u00f6dynn\u00e4th\u00e4n siirtymiseen puhelimen navigointia ja kartan paikannimi\u00e4. Esitt\u00e4m\u00e4mme j\u00e4rjestys on l\u00e4hinn\u00e4 suositus.<\/p>\t\t\t\t\t\t\t\t<\/div>\n\t\t\t\t<\/div>\n\t\t\t\t<div class=\"elementor-element elementor-element-c0911b4 elementor-widget elementor-widget-image\" data-id=\"c0911b4\" data-element_type=\"widget\" data-e-type=\"widget\" data-widget_type=\"image.default\">\n\t\t\t\t<div class=\"elementor-widget-container\">\n\t\t\t\t\t\t\t\t\t\t\t\t\t\t\t<img fetchpriority=\"high\" decoding=\"async\" width=\"800\" height=\"469\" src=\"https:\/\/idaviru.ee\/wp-content\/uploads\/2023\/09\/Virumaa_kaart_lk2_tekstideta-1024x600.png\" class=\"attachment-large size-large wp-image-2942512\" alt=\"\" srcset=\"\/\/idaviru.ee\/wp-content\/uploads\/2023\/09\/Virumaa_kaart_lk2_tekstideta-1024x600.png 1024w, \/\/idaviru.ee\/wp-content\/uploads\/2023\/09\/Virumaa_kaart_lk2_tekstideta-300x176.png 300w, \/\/idaviru.ee\/wp-content\/uploads\/2023\/09\/Virumaa_kaart_lk2_tekstideta-768x450.png 768w, \/\/idaviru.ee\/wp-content\/uploads\/2023\/09\/Virumaa_kaart_lk2_tekstideta-600x352.png 600w, \/\/idaviru.ee\/wp-content\/uploads\/2023\/09\/Virumaa_kaart_lk2_tekstideta-102x60.png 102w, \/\/idaviru.ee\/wp-content\/uploads\/2023\/09\/Virumaa_kaart_lk2_tekstideta-154x90.png 154w, \/\/idaviru.ee\/wp-content\/uploads\/2023\/09\/Virumaa_kaart_lk2_tekstideta.png 1520w\" sizes=\"(max-width: 800px) 100vw, 800px\" \/>\t\t\t\t\t\t\t\t\t\t\t\t\t\t\t<\/div>\n\t\t\t\t<\/div>\n\t\t\t\t\t<\/div>\n\t\t<\/div>\n\t\t\t\t\t<\/div>\n\t\t<\/section>\n\t\t\t\t<section class=\"elementor-section elementor-top-section elementor-element elementor-element-1fc3640 elementor-section-boxed elementor-section-height-default elementor-section-height-default\" data-id=\"1fc3640\" data-element_type=\"section\" data-e-type=\"section\">\n\t\t\t\t\t\t<div class=\"elementor-container elementor-column-gap-default\">\n\t\t\t\t\t<div class=\"elementor-column elementor-col-100 elementor-top-column elementor-element elementor-element-d897e8f\" data-id=\"d897e8f\" data-element_type=\"column\" data-e-type=\"column\">\n\t\t\t<div class=\"elementor-widget-wrap elementor-element-populated\">\n\t\t\t\t\t\t<div class=\"elementor-element elementor-element-1ccbaf2 elementor-widget__width-initial elementor-widget elementor-widget-heading\" data-id=\"1ccbaf2\" data-element_type=\"widget\" data-e-type=\"widget\" data-widget_type=\"heading.default\">\n\t\t\t\t<div class=\"elementor-widget-container\">\n\t\t\t\t\t<h3 class=\"elementor-heading-title elementor-size-default\">Audio-oppaat<\/h3>\t\t\t\t<\/div>\n\t\t\t\t<\/div>\n\t\t\t\t<div class=\"elementor-element elementor-element-2cc58ae elementor-widget elementor-widget-shortcode\" data-id=\"2cc58ae\" data-element_type=\"widget\" data-e-type=\"widget\" data-widget_type=\"shortcode.default\">\n\t\t\t\t<div class=\"elementor-widget-container\">\n\t\t\t\t\t\t\t<div class=\"elementor-shortcode\"><div class=\"routes_section\"><div class=\"container-wide\"><div class=\"row\"><div class=\"col-12 col-md-6 col-lg-4 route-single\"><a href=\"https:\/\/idaviru.ee\/fi\/routes\/\"><div class=\"picture\"><img decoding=\"async\" src=\"https:\/\/idaviru.ee\/wp-content\/themes\/ida-viru\/assets\/images\/emptypic.jpg\" alt=\"\"><\/div><div class=\"title\"><\/div><div class=\"route-meta\"><\/div><\/a><\/div><div class=\"col-12 col-md-6 col-lg-4 route-single\"><a href=\"https:\/\/idaviru.ee\/fi\/routes\/\"><div class=\"picture\"><img decoding=\"async\" src=\"https:\/\/idaviru.ee\/wp-content\/themes\/ida-viru\/assets\/images\/emptypic.jpg\" alt=\"\"><\/div><div class=\"title\"><\/div><div class=\"route-meta\"><\/div><\/a><\/div><\/div><\/div><\/div><\/div>\n\t\t\t\t\t\t<\/div>\n\t\t\t\t<\/div>\n\t\t\t\t\t<\/div>\n\t\t<\/div>\n\t\t\t\t\t<\/div>\n\t\t<\/section>\n\t\t\t\t<\/div>\n\t\t","protected":false},"excerpt":{"rendered":"<p>Virumaan eri paikkoihin liittyy paljon tarinoita ja historiatietoa &#8211; t\u00e4ss\u00e4 valikoima kuunneltavaksesi Klikkaa alta mieleist\u00e4si aihetta, niin p\u00e4\u00e4set karttasivulle, jolla on kyseisen seudun tarinapisteet. Voit kuunnella niihin liittyvi\u00e4 \u00e4\u00e4nitteit\u00e4 kotioloissakin, mutta paikan p\u00e4\u00e4lle kulkien koet enemm\u00e4n \u2013 olet kuin tapahtumien keskipisteess\u00e4. Kuunteluhetken sijaintisi n\u00e4et, kun klikkaat puhelimessa kartan \u201dOma sijaintini\u201d-painiketta. Pisteest\u00e4 toiseen liikkumisen reitti\u00e4 tai [&hellip;]<\/p>\n","protected":false},"author":1,"featured_media":0,"parent":0,"menu_order":0,"comment_status":"closed","ping_status":"closed","template":"elementor_header_footer","meta":{"_acf_changed":false,"inline_featured_image":false,"footnotes":""},"class_list":["post-2942495","page","type-page","status-publish","hentry"],"acf":[],"_links":{"self":[{"href":"https:\/\/idaviru.ee\/fi\/wp-json\/wp\/v2\/pages\/2942495","targetHints":{"allow":["GET"]}}],"collection":[{"href":"https:\/\/idaviru.ee\/fi\/wp-json\/wp\/v2\/pages"}],"about":[{"href":"https:\/\/idaviru.ee\/fi\/wp-json\/wp\/v2\/types\/page"}],"author":[{"embeddable":true,"href":"https:\/\/idaviru.ee\/fi\/wp-json\/wp\/v2\/users\/1"}],"replies":[{"embeddable":true,"href":"https:\/\/idaviru.ee\/fi\/wp-json\/wp\/v2\/comments?post=2942495"}],"version-history":[{"count":0,"href":"https:\/\/idaviru.ee\/fi\/wp-json\/wp\/v2\/pages\/2942495\/revisions"}],"wp:attachment":[{"href":"https:\/\/idaviru.ee\/fi\/wp-json\/wp\/v2\/media?parent=2942495"}],"curies":[{"name":"wp","href":"https:\/\/api.w.org\/{rel}","templated":true}]}}