{"id":2967945,"date":"2024-06-20T17:19:26","date_gmt":"2024-06-20T14:19:26","guid":{"rendered":"https:\/\/idaviru.ee\/?page_id=2967945"},"modified":"2025-08-25T12:26:50","modified_gmt":"2025-08-25T09:26:50","slug":"ida-virumaa-oppaat","status":"publish","type":"page","link":"https:\/\/idaviru.ee\/fi\/ida-virumaa-oppaat\/","title":{"rendered":"Ida-Virumaa oppaat\u00a0"},"content":{"rendered":"\t\t<div data-elementor-type=\"wp-page\" data-elementor-id=\"2967945\" class=\"elementor elementor-2967945 elementor-353124\" data-elementor-post-type=\"page\">\n\t\t\t\t\t\t<section class=\"elementor-section elementor-top-section elementor-element elementor-element-4808baea elementor-section-boxed elementor-section-height-default elementor-section-height-default\" data-id=\"4808baea\" data-element_type=\"section\" data-e-type=\"section\">\n\t\t\t\t\t\t<div class=\"elementor-container elementor-column-gap-default\">\n\t\t\t\t\t<div class=\"elementor-column elementor-col-100 elementor-top-column elementor-element elementor-element-7c73075f\" data-id=\"7c73075f\" data-element_type=\"column\" data-e-type=\"column\">\n\t\t\t<div class=\"elementor-widget-wrap elementor-element-populated\">\n\t\t\t\t\t\t<div class=\"elementor-element elementor-element-412f91 elementor-widget elementor-widget-text-editor\" data-id=\"412f91\" data-element_type=\"widget\" data-e-type=\"widget\" data-widget_type=\"text-editor.default\">\n\t\t\t\t<div class=\"elementor-widget-container\">\n\t\t\t\t\t\t\t\t\t<h1 data-start=\"100\" data-end=\"121\">Ida-Virumaan oppaat<\/h1>\n<p data-start=\"123\" data-end=\"244\">Ida-Virumaa on monipuolinen alue t\u00e4ynn\u00e4 seikkailuja, ja maakuntaa esittelev\u00e4t sek\u00e4 tarinoita kertovat erilaiset oppaat.<\/p>\n<p data-start=\"246\" data-end=\"487\">Meill\u00e4 on Ida-Virumaalla oppaita, joiden ty\u00f6alue kattaa koko maakunnan, toisia jotka tuntevat erityisesti jonkin tietyn alueen, sek\u00e4 oppaita, joille syd\u00e4nt\u00e4 l\u00e4hell\u00e4 on yksi teema tai paikka ja jotka ovat sitoneet kierroksensa juuri siihen.<\/p>\n<p data-start=\"489\" data-end=\"614\">Oppaat ja heid\u00e4n yhteystietonsa on esitetty alla olevassa taulukossa, lis\u00e4ksi my\u00f6s ty\u00f6skentelykielet ja erikoistumisteemat.<\/p>\n<h2 data-start=\"621\" data-end=\"648\">Koko Ida-Virumaan oppaat<\/h2>\n<div class=\"_tableContainer_sk2ct_1\">\n<div class=\"_tableWrapper_sk2ct_13 group flex w-fit flex-col-reverse\" tabindex=\"-1\">\n<table class=\"w-fit min-w-(--thread-content-width)\" data-start=\"650\" data-end=\"1908\">\n<thead data-start=\"650\" data-end=\"709\">\n<tr data-start=\"650\" data-end=\"709\">\n<th data-start=\"650\" data-end=\"673\" data-col-size=\"md\">Nimi ja yhteystiedot<\/th>\n<th data-start=\"673\" data-end=\"684\" data-col-size=\"sm\">Ty\u00f6kieli<\/th>\n<th data-start=\"684\" data-end=\"709\" data-col-size=\"lg\">P\u00e4\u00e4aiheet ja\/tai alue<\/th>\n<\/tr>\n<\/thead>\n<tbody data-start=\"772\" data-end=\"1908\">\n<tr data-start=\"772\" data-end=\"967\">\n<td data-start=\"772\" data-end=\"846\" data-col-size=\"md\"><strong data-start=\"774\" data-end=\"793\">Ingrid Kuligina<\/strong> <br \/>email: <a class=\"decorated-link cursor-pointer\" rel=\"noopener\" data-start=\"807\" data-end=\"827\">ingrid@matkaklubi.ee<\/a> <br \/>mob. 5141692<\/td>\n<td data-col-size=\"sm\" data-start=\"846\" data-end=\"860\">\n<ul>\n<li data-start=\"46\" data-end=\"70\">\n<p data-start=\"48\" data-end=\"70\">viro<\/p>\n<\/li>\n<li data-start=\"71\" data-end=\"96\">\n<p data-start=\"73\" data-end=\"96\">ven\u00e4j\u00e4<\/p>\n<\/li>\n<\/ul>\n<\/td>\n<td data-col-size=\"lg\" data-start=\"860\" data-end=\"967\">Luonto, muinaishistoria, etel\u00e4alueen pienkulttuurit, puistot, sota-ajan historia Sinim\u00e4ill\u00e4 ja metsiss\u00e4<\/td>\n<\/tr>\n<tr data-start=\"968\" data-end=\"1176\">\n<td data-start=\"968\" data-end=\"1043\" data-col-size=\"md\"><strong data-start=\"970\" data-end=\"986\">Ivika Maidre<\/strong> <br \/>email: <a class=\"decorated-link cursor-pointer\" rel=\"noopener\" data-start=\"1000\" data-end=\"1023\">ivika.maidre@vaivara.ee<\/a> <br \/>mob. 56474552<\/td>\n<td data-col-size=\"sm\" data-start=\"1043\" data-end=\"1074\">\n<ul>\n<li data-start=\"46\" data-end=\"70\">\n<p data-start=\"48\" data-end=\"70\">viro<\/p>\n<\/li>\n<li data-start=\"71\" data-end=\"96\">\n<p data-start=\"73\" data-end=\"96\">ven\u00e4j\u00e4<\/p>\n<\/li>\n<li data-start=\"71\" data-end=\"96\"><span style=\"font-family: inherit; font-size: inherit;\">suomi<\/span><\/li>\n<li data-start=\"71\" data-end=\"96\"><span style=\"font-family: inherit; font-size: inherit;\"> englanti<\/span><\/li>\n<\/ul>\n<\/td>\n<td data-col-size=\"lg\" data-start=\"1074\" data-end=\"1176\">Sota-historia, historia + kulttuuri, p\u00e4\u00e4osin pohjois- ja it\u00e4alue, mutta hallitsee my\u00f6s etel\u00e4alueen<\/td>\n<\/tr>\n<tr data-start=\"1177\" data-end=\"1338\">\n<td data-start=\"1177\" data-end=\"1252\" data-col-size=\"md\"><strong data-start=\"1179\" data-end=\"1196\">Anne Nurgamaa<\/strong> <br \/>email: <a class=\"decorated-link cursor-pointer\" rel=\"noopener\" data-start=\"1210\" data-end=\"1232\">annenurgamaa@gmail.com<\/a> <br \/>mob. 56643602<\/td>\n<td data-col-size=\"sm\" data-start=\"1252\" data-end=\"1266\">\n<ul>\n<li data-start=\"46\" data-end=\"70\">\n<p data-start=\"48\" data-end=\"70\">viro<\/p>\n<\/li>\n<li data-start=\"71\" data-end=\"96\">\n<p data-start=\"73\" data-end=\"96\">ven\u00e4j\u00e4<\/p>\n<\/li>\n<\/ul>\n<\/td>\n<td data-col-size=\"lg\" data-start=\"1266\" data-end=\"1338\">Alutagusen etel\u00e4alue, pienkulttuurit, tarinat ja kertomukset, luonto<\/td>\n<\/tr>\n<tr data-start=\"1339\" data-end=\"1462\">\n<td data-start=\"1339\" data-end=\"1412\" data-col-size=\"md\"><strong data-start=\"1341\" data-end=\"1361\">Nikolai Pavlenko<\/strong> <br \/>email: <a class=\"decorated-link cursor-pointer\" rel=\"noopener\" data-start=\"1375\" data-end=\"1393\">estorada@gmail.com<\/a> <br \/>mob. 5101837<\/td>\n<td data-col-size=\"sm\" data-start=\"1412\" data-end=\"1419\">\n<p data-start=\"73\" data-end=\"96\">ven\u00e4j\u00e4<\/p>\n<\/td>\n<td data-col-size=\"lg\" data-start=\"1419\" data-end=\"1462\">Yleiskatsaukset, kulttuurihenkil\u00f6t jne.<\/td>\n<\/tr>\n<tr data-start=\"1463\" data-end=\"1658\">\n<td data-start=\"1463\" data-end=\"1566\" data-col-size=\"md\"><strong data-start=\"1465\" data-end=\"1480\">Ingo Valgma<\/strong> <br \/>email: <a class=\"decorated-link cursor-pointer\" rel=\"noopener\" data-start=\"1494\" data-end=\"1514\">ingo.valgma@eesti.ee<\/a> <br \/>mob. 55622318 <br \/><a class=\"decorated-link\" href=\"http:\/\/www.minest.ee\/polevkivimaa\" target=\"_new\" rel=\"noopener\" data-start=\"1539\" data-end=\"1565\">www.minest.ee\/polevkivimaa<\/a><\/td>\n<td data-col-size=\"sm\" data-start=\"1566\" data-end=\"1584\">\n<ul>\n<li data-start=\"46\" data-end=\"70\">\n<p data-start=\"48\" data-end=\"70\">viro<\/p>\n<\/li>\n<li data-start=\"71\" data-end=\"96\">\n<p data-start=\"73\" data-end=\"96\"><span style=\"font-family: inherit; font-size: inherit;\">englanti<\/span><\/p>\n<\/li>\n<\/ul>\n<\/td>\n<td data-col-size=\"lg\" data-start=\"1584\" data-end=\"1658\">Muinainen ja geologinen historia, siihen liittyv\u00e4 asutus ja \u00f6ljyliuske<\/td>\n<\/tr>\n<tr data-start=\"1659\" data-end=\"1803\">\n<td data-start=\"1659\" data-end=\"1732\" data-col-size=\"md\"><strong data-start=\"1661\" data-end=\"1677\">Indar Zeinet<\/strong> <br \/>email: <a class=\"decorated-link cursor-pointer\" rel=\"noopener\" data-start=\"1691\" data-end=\"1713\">indar.zeinet@gmail.com<\/a> <br \/>mob. 5245428<\/td>\n<td data-col-size=\"sm\" data-start=\"1732\" data-end=\"1746\">\n<ul>\n<li data-start=\"46\" data-end=\"70\">\n<p data-start=\"48\" data-end=\"70\">viro<\/p>\n<\/li>\n<li data-start=\"71\" data-end=\"96\">\n<p data-start=\"73\" data-end=\"96\">ven\u00e4j\u00e4<\/p>\n<\/li>\n<\/ul>\n<\/td>\n<td data-col-size=\"lg\" data-start=\"1746\" data-end=\"1803\">Luonto, linnut (yleiskatsaus historiasta + kulttuuri)<\/td>\n<\/tr>\n<tr data-start=\"1804\" data-end=\"1908\">\n<td data-start=\"1804\" data-end=\"1891\" data-col-size=\"md\"><strong data-start=\"1806\" data-end=\"1830\">Gradislava Ju\u0161manova<\/strong> <br \/>email: <a class=\"decorated-link cursor-pointer\" rel=\"noopener\" data-start=\"1844\" data-end=\"1871\">gradislava.jushma@gmail.com<\/a> <br \/>mob. 58007993<\/td>\n<td data-col-size=\"sm\" data-start=\"1891\" data-end=\"1898\">ven\u00e4j\u00e4<\/td>\n<td data-col-size=\"lg\" data-start=\"1898\" data-end=\"1908\">Luonto<\/td>\n<\/tr>\n<\/tbody>\n<\/table>\n<\/div>\n<\/div>\n<hr data-start=\"1910\" data-end=\"1913\" \/>\n<h2 data-start=\"1915\" data-end=\"1976\">Oppaat tiettyihin alueisiin tai kierroksiin Ida-Virumaalla<\/h2>\n<div class=\"_tableContainer_sk2ct_1\">\n<div class=\"_tableWrapper_sk2ct_13 group flex w-fit flex-col-reverse\" tabindex=\"-1\">\n<table class=\"w-fit min-w-(--thread-content-width)\" data-start=\"1978\" data-end=\"2724\">\n<thead data-start=\"1978\" data-end=\"2041\">\n<tr data-start=\"1978\" data-end=\"2041\">\n<th data-start=\"1978\" data-end=\"2001\" data-col-size=\"md\">Nimi ja yhteystiedot<\/th>\n<th data-start=\"2001\" data-end=\"2012\" data-col-size=\"sm\">Ty\u00f6kieli<\/th>\n<th data-start=\"2012\" data-end=\"2041\" data-col-size=\"md\">Alue ja teema tai kierros<\/th>\n<\/tr>\n<\/thead>\n<tbody data-start=\"2107\" data-end=\"2724\">\n<tr data-start=\"2107\" data-end=\"2224\">\n<td data-start=\"2107\" data-end=\"2180\" data-col-size=\"md\"><strong data-start=\"2109\" data-end=\"2128\">Denis Bjorkland<\/strong> <br \/>email: <a class=\"decorated-link cursor-pointer\" rel=\"noopener\" data-start=\"2142\" data-end=\"2160\">dbjorkland@mail.ru<\/a> <br \/>mob. 56044481<\/td>\n<td data-col-size=\"sm\" data-start=\"2180\" data-end=\"2194\">\n<ul>\n<li data-start=\"46\" data-end=\"70\">\n<p data-start=\"48\" data-end=\"70\">viro<\/p>\n<\/li>\n<li data-start=\"71\" data-end=\"96\">\n<p data-start=\"73\" data-end=\"96\">ven\u00e4j\u00e4<\/p>\n<\/li>\n<li data-start=\"71\" data-end=\"96\">englanti<\/li>\n<\/ul>\n<\/td>\n<td data-col-size=\"md\" data-start=\"2194\" data-end=\"2224\">It\u00e4alue, erityisesti Narva<\/td>\n<\/tr>\n<tr data-start=\"2225\" data-end=\"2348\">\n<td data-start=\"2225\" data-end=\"2272\" data-col-size=\"md\"><strong data-start=\"2227\" data-end=\"2251\">Jekaterina Muravjova<\/strong> <br \/>mob. 55587274<\/td>\n<td data-col-size=\"sm\" data-start=\"2272\" data-end=\"2296\">\n<ul>\n<li data-start=\"46\" data-end=\"70\">\n<p data-start=\"48\" data-end=\"70\">viro<\/p>\n<\/li>\n<li data-start=\"71\" data-end=\"96\">\n<p data-start=\"73\" data-end=\"96\">ven\u00e4j\u00e4<\/p>\n<\/li>\n<li data-start=\"71\" data-end=\"96\">\n<p data-start=\"73\" data-end=\"96\"><span style=\"font-family: inherit; font-size: inherit;\">englanti<\/span><\/p>\n<\/li>\n<\/ul>\n<\/td>\n<td data-col-size=\"md\" data-start=\"2296\" data-end=\"2348\">It\u00e4alue: Narva, Narva-J\u00f5esuu, Sillam\u00e4e, Sinim\u00e4et<\/td>\n<\/tr>\n<tr data-start=\"2349\" data-end=\"2459\">\n<td data-start=\"2349\" data-end=\"2409\" data-col-size=\"md\"><strong data-start=\"2351\" data-end=\"2370\">Jelena Antu\u015beva<\/strong> <br \/>email: <a class=\"decorated-link cursor-pointer\" rel=\"noopener\" data-start=\"2384\" data-end=\"2408\">info@sillamae-muuseum.ee<\/a><\/td>\n<td data-col-size=\"sm\" data-start=\"2409\" data-end=\"2423\">\n<ul>\n<li data-start=\"46\" data-end=\"70\">\n<p data-start=\"48\" data-end=\"70\">viro<\/p>\n<\/li>\n<li data-start=\"71\" data-end=\"96\">\n<p data-start=\"73\" data-end=\"96\">ven\u00e4j\u00e4<\/p>\n<\/li>\n<\/ul>\n<\/td>\n<td data-col-size=\"md\" data-start=\"2423\" data-end=\"2459\">Sillam\u00e4en kaupunki ja promenadit<\/td>\n<\/tr>\n<tr data-start=\"2460\" data-end=\"2592\">\n<td data-start=\"2460\" data-end=\"2528\" data-col-size=\"md\"><strong data-start=\"2462\" data-end=\"2476\">Pille P\u00e4rs<\/strong> <br \/>email: <a class=\"decorated-link cursor-pointer\" rel=\"noopener\" data-start=\"2490\" data-end=\"2509\">pillepars@gmail.com<\/a> <br \/>mob. 5535997<\/td>\n<td data-col-size=\"sm\" data-start=\"2528\" data-end=\"2549\">\n<ul>\n<li data-start=\"46\" data-end=\"70\">\n<p data-start=\"48\" data-end=\"70\">viro<\/p>\n<\/li>\n<li data-start=\"71\" data-end=\"96\">\n<p data-start=\"73\" data-end=\"96\">ven\u00e4j\u00e4<\/p>\n<\/li>\n<li data-start=\"71\" data-end=\"96\">\n<p data-start=\"73\" data-end=\"96\"><span style=\"font-family: inherit; font-size: inherit;\">suomi<\/span><\/p>\n<\/li>\n<\/ul>\n<\/td>\n<td data-col-size=\"md\" data-start=\"2549\" data-end=\"2592\">Teemakierros: pyh\u00e4 paikka, ennen ja nyt<\/td>\n<\/tr>\n<tr data-start=\"2593\" data-end=\"2724\">\n<td data-start=\"2593\" data-end=\"2667\" data-col-size=\"md\">\u00a0<\/td>\n<\/tr>\n<\/tbody>\n<\/table>\n<\/div>\n<\/div>\n<p>\u00a0<\/p>\t\t\t\t\t\t\t\t<\/div>\n\t\t\t\t<\/div>\n\t\t\t\t\t<\/div>\n\t\t<\/div>\n\t\t\t\t\t<\/div>\n\t\t<\/section>\n\t\t\t\t<\/div>\n\t\t","protected":false},"excerpt":{"rendered":"<p>Ida-Virumaan oppaat Ida-Virumaa on monipuolinen alue t\u00e4ynn\u00e4 seikkailuja, ja maakuntaa esittelev\u00e4t sek\u00e4 tarinoita kertovat erilaiset oppaat. Meill\u00e4 on Ida-Virumaalla oppaita, joiden ty\u00f6alue kattaa koko maakunnan, toisia jotka tuntevat erityisesti jonkin tietyn alueen, sek\u00e4 oppaita, joille syd\u00e4nt\u00e4 l\u00e4hell\u00e4 on yksi teema tai paikka ja jotka ovat sitoneet kierroksensa juuri siihen. Oppaat ja heid\u00e4n yhteystietonsa on esitetty [&hellip;]<\/p>\n","protected":false},"author":10,"featured_media":7924,"parent":0,"menu_order":0,"comment_status":"closed","ping_status":"closed","template":"","meta":{"_acf_changed":false,"inline_featured_image":false,"footnotes":""},"class_list":["post-2967945","page","type-page","status-publish","has-post-thumbnail","hentry"],"acf":[],"_links":{"self":[{"href":"https:\/\/idaviru.ee\/fi\/wp-json\/wp\/v2\/pages\/2967945","targetHints":{"allow":["GET"]}}],"collection":[{"href":"https:\/\/idaviru.ee\/fi\/wp-json\/wp\/v2\/pages"}],"about":[{"href":"https:\/\/idaviru.ee\/fi\/wp-json\/wp\/v2\/types\/page"}],"author":[{"embeddable":true,"href":"https:\/\/idaviru.ee\/fi\/wp-json\/wp\/v2\/users\/10"}],"replies":[{"embeddable":true,"href":"https:\/\/idaviru.ee\/fi\/wp-json\/wp\/v2\/comments?post=2967945"}],"version-history":[{"count":0,"href":"https:\/\/idaviru.ee\/fi\/wp-json\/wp\/v2\/pages\/2967945\/revisions"}],"wp:featuredmedia":[{"embeddable":true,"href":"https:\/\/idaviru.ee\/fi\/wp-json\/wp\/v2\/media\/7924"}],"wp:attachment":[{"href":"https:\/\/idaviru.ee\/fi\/wp-json\/wp\/v2\/media?parent=2967945"}],"curies":[{"name":"wp","href":"https:\/\/api.w.org\/{rel}","templated":true}]}}