{"id":2979912,"date":"2024-11-09T09:51:06","date_gmt":"2024-11-09T07:51:06","guid":{"rendered":"https:\/\/idaviru.ee\/?page_id=2979912"},"modified":"2024-11-26T10:04:57","modified_gmt":"2024-11-26T08:04:57","slug":"tilaa-uutiskirje-ja-voita-romanttinen-kylpylapaketti-sakan-kartanoon","status":"publish","type":"page","link":"https:\/\/idaviru.ee\/fi\/tilaa-uutiskirje-ja-voita-romanttinen-kylpylapaketti-sakan-kartanoon\/","title":{"rendered":"Tilaa uutiskirje ja voita romanttinen kylpyl\u00e4paketti Sakan kartanoon"},"content":{"rendered":"<h2>Romantiikkaa kahdelle It\u00e4-Virossa?<\/h2>\n<p>It\u00e4-Viro on mainio matkakohde kulttuurin, luonnon, historian ja hyv\u00e4n ruoan yst\u00e4ville. Tutustu kerran kuussa l\u00e4hetett\u00e4v\u00e4\u00e4n uutiskirjeeseen ja irtaudu arjesta l\u00f6yt\u00f6retkelle luoksemme.<\/p>\n<p><strong>\ud83c\udf81 Arvomme uutiskirjeen uusien tilaajien kesken 19.11. romanttisen kylpyl\u00e4hotellipaketin kahdelle ihanassa Sakan kartanossa! Paketti sis\u00e4lt\u00e4\u00e4: <\/strong><\/p>\n<ul>\n<li>majoitus kahdelle Herraskartanon kattoikkunallisessa Superior Double -huoneessa<\/li>\n<li>aamutakkien k\u00e4ytt\u00f6<\/li>\n<li>runsas buffetaamiainen<\/li>\n<li>hedelm\u00e4lautanen ja kuohuviini huoneessa<\/li>\n<li>rentouttava vaahtokylpy (yll\u00e4tys altaan reunassa) 20 min<\/li>\n<li>suolakammiosessio kahdelle 30 min<\/li>\n<li>l\u00e4mpim\u00e4t parafiinik\u00e4sineet kahdelle 25 min<\/li>\n<li>sauna- ja allasalueen k\u00e4ytt\u00f6 1,5 h<\/li>\n<li>ilmainen wifi ja pys\u00e4k\u00f6inti<\/li>\n<\/ul>\n<figure><\/figure>\n\n\n<p>Tilaa uutiskirje ja osallistu arvontaan:<\/p>\n\n\n\n\n\n<p>Lue blogistamme, mit\u00e4 kaikkea muuta It\u00e4-Virossa tapahtuu loppuvuoden aikana:<\/p>\n\n\n<ul class=\"wp-block-latest-posts__list wp-block-latest-posts\"><li><a class=\"wp-block-latest-posts__post-title\" href=\"https:\/\/idaviru.ee\/fi\/parhaat-yksityismajoitukset-ita-virossa\/\">Miss\u00e4 y\u00f6py\u00e4 It\u00e4-Virossa? Parhaat yksityismajoitukset m\u00f6keist\u00e4 kartanoihin ja linnoihin<\/a><\/li>\n<li><a class=\"wp-block-latest-posts__post-title\" href=\"https:\/\/idaviru.ee\/fi\/pitka-viikonloppu-ita-virossa\/\">Pitk\u00e4 viikonloppu It\u00e4-Virossa<\/a><\/li>\n<li><a class=\"wp-block-latest-posts__post-title\" href=\"https:\/\/idaviru.ee\/fi\/ita-viron-ennatyspaikat\/\">It\u00e4-Viron enn\u00e4tyspaikat<\/a><\/li>\n<li><a class=\"wp-block-latest-posts__post-title\" href=\"https:\/\/idaviru.ee\/fi\/matka-ita-viroon-10-upeaa-kohdetta\/\">Matka It\u00e4-Viroon: 10 upeaa matkakohdetta<\/a><\/li>\n<li><a class=\"wp-block-latest-posts__post-title\" href=\"https:\/\/idaviru.ee\/fi\/narvan-museo-historiaa-idan-ja-lannen-puristuksissa\/\">Narvan museo \u2013 historiaa id\u00e4n ja l\u00e4nnen puristuksissa<\/a><\/li>\n<\/ul>\n\n\n<figure class=\"wp-block-image size-full is-style-rounded\"><img fetchpriority=\"high\" decoding=\"async\" width=\"1024\" height=\"683\" src=\"https:\/\/idaviru.ee\/wp-content\/uploads\/2021\/02\/Saka-Manor-2_idaviru_visit_estonia_iv-turismiklaster.jpg\" alt=\"Sakan kartano\" class=\"wp-image-2104089\" srcset=\"\/\/idaviru.ee\/wp-content\/uploads\/2021\/02\/Saka-Manor-2_idaviru_visit_estonia_iv-turismiklaster.jpg 1024w, \/\/idaviru.ee\/wp-content\/uploads\/2021\/02\/Saka-Manor-2_idaviru_visit_estonia_iv-turismiklaster-300x200.jpg 300w, \/\/idaviru.ee\/wp-content\/uploads\/2021\/02\/Saka-Manor-2_idaviru_visit_estonia_iv-turismiklaster-768x512.jpg 768w, \/\/idaviru.ee\/wp-content\/uploads\/2021\/02\/Saka-Manor-2_idaviru_visit_estonia_iv-turismiklaster-600x400.jpg 600w, \/\/idaviru.ee\/wp-content\/uploads\/2021\/02\/Saka-Manor-2_idaviru_visit_estonia_iv-turismiklaster-90x60.jpg 90w, \/\/idaviru.ee\/wp-content\/uploads\/2021\/02\/Saka-Manor-2_idaviru_visit_estonia_iv-turismiklaster-135x90.jpg 135w\" sizes=\"(max-width: 1024px) 100vw, 1024px\" \/><\/figure>\n\n\n<div class=\"wp-block-image\">\n<figure class=\"aligncenter size-full is-resized\"><img decoding=\"async\" width=\"1022\" height=\"594\" src=\"https:\/\/idaviru.ee\/wp-content\/uploads\/2024\/11\/Kaasrahastanud_EL_kaksiklogod_ENG_hor_color_RGB-1.jpg\" alt=\"\" class=\"wp-image-2980708\" style=\"width:245px;height:auto\" srcset=\"\/\/idaviru.ee\/wp-content\/uploads\/2024\/11\/Kaasrahastanud_EL_kaksiklogod_ENG_hor_color_RGB-1.jpg 1022w, \/\/idaviru.ee\/wp-content\/uploads\/2024\/11\/Kaasrahastanud_EL_kaksiklogod_ENG_hor_color_RGB-1-300x174.jpg 300w, \/\/idaviru.ee\/wp-content\/uploads\/2024\/11\/Kaasrahastanud_EL_kaksiklogod_ENG_hor_color_RGB-1-768x446.jpg 768w, \/\/idaviru.ee\/wp-content\/uploads\/2024\/11\/Kaasrahastanud_EL_kaksiklogod_ENG_hor_color_RGB-1-600x349.jpg 600w\" sizes=\"(max-width: 1022px) 100vw, 1022px\" \/><\/figure>\n<\/div>","protected":false},"excerpt":{"rendered":"<p>Romantiikkaa kahdelle It\u00e4-Virossa? It\u00e4-Viro on mainio matkakohde kulttuurin, luonnon, historian ja hyv\u00e4n ruoan yst\u00e4ville. Tutustu kerran kuussa l\u00e4hetett\u00e4v\u00e4\u00e4n uutiskirjeeseen ja irtaudu arjesta l\u00f6yt\u00f6retkelle luoksemme. \ud83c\udf81 Arvomme uutiskirjeen uusien tilaajien kesken 19.11. romanttisen kylpyl\u00e4hotellipaketin kahdelle ihanassa Sakan kartanossa! Paketti sis\u00e4lt\u00e4\u00e4: majoitus kahdelle Herraskartanon kattoikkunallisessa Superior Double -huoneessa aamutakkien k\u00e4ytt\u00f6 runsas buffetaamiainen hedelm\u00e4lautanen ja kuohuviini huoneessa rentouttava [&hellip;]<\/p>\n","protected":false},"author":46,"featured_media":2980173,"parent":0,"menu_order":0,"comment_status":"closed","ping_status":"closed","template":"page-templates\/page-fw.php","meta":{"_acf_changed":false,"inline_featured_image":false,"footnotes":""},"class_list":["post-2979912","page","type-page","status-publish","has-post-thumbnail","hentry"],"acf":[],"_links":{"self":[{"href":"https:\/\/idaviru.ee\/fi\/wp-json\/wp\/v2\/pages\/2979912","targetHints":{"allow":["GET"]}}],"collection":[{"href":"https:\/\/idaviru.ee\/fi\/wp-json\/wp\/v2\/pages"}],"about":[{"href":"https:\/\/idaviru.ee\/fi\/wp-json\/wp\/v2\/types\/page"}],"author":[{"embeddable":true,"href":"https:\/\/idaviru.ee\/fi\/wp-json\/wp\/v2\/users\/46"}],"replies":[{"embeddable":true,"href":"https:\/\/idaviru.ee\/fi\/wp-json\/wp\/v2\/comments?post=2979912"}],"version-history":[{"count":0,"href":"https:\/\/idaviru.ee\/fi\/wp-json\/wp\/v2\/pages\/2979912\/revisions"}],"wp:featuredmedia":[{"embeddable":true,"href":"https:\/\/idaviru.ee\/fi\/wp-json\/wp\/v2\/media\/2980173"}],"wp:attachment":[{"href":"https:\/\/idaviru.ee\/fi\/wp-json\/wp\/v2\/media?parent=2979912"}],"curies":[{"name":"wp","href":"https:\/\/api.w.org\/{rel}","templated":true}]}}