{"id":400736,"date":"2020-03-25T09:13:32","date_gmt":"2020-03-25T09:13:32","guid":{"rendered":"https:\/\/idaviru.ee\/reisiplaneeria\/"},"modified":"2021-09-14T13:36:59","modified_gmt":"2021-09-14T13:36:59","slug":"matkasuunnittelija","status":"publish","type":"page","link":"https:\/\/idaviru.ee\/fi\/matkasuunnittelija\/","title":{"rendered":"Matkasuunnitelma"},"content":{"rendered":"\n<p>Matkasuunnittelijan avulla voit suunnitella ja tallentaa matkan, jonka haluat tehd\u00e4 tulevaisuudessa. N\u00e4in on helppo suunnitella seuraava seikkailu, loma tai automatka. Voit muokata tallennettuja matkatietoja my\u00f6hemmin, kuten j\u00e4rjest\u00e4\u00e4 sijainteja uudelleen, optimoida pys\u00e4hdysten j\u00e4rjestyksen ja lis\u00e4t\u00e4 ehdotettuja n\u00e4ht\u00e4vyyksi\u00e4 ja tapahtumia.<\/p>\n\n\n\n<p>Matkasuunnittelun avulla voit my\u00f6s lis\u00e4t\u00e4 kommentteja ja tallentaa ne PDF -muodossa.<\/p>\n","protected":false},"excerpt":{"rendered":"<p>Matkasuunnittelijan avulla voit suunnitella ja tallentaa matkan, jonka haluat tehd\u00e4 tulevaisuudessa. N\u00e4in on helppo suunnitella seuraava seikkailu, loma tai automatka. Voit muokata tallennettuja matkatietoja my\u00f6hemmin, kuten j\u00e4rjest\u00e4\u00e4 sijainteja uudelleen, optimoida pys\u00e4hdysten j\u00e4rjestyksen ja lis\u00e4t\u00e4 ehdotettuja n\u00e4ht\u00e4vyyksi\u00e4 ja tapahtumia. Matkasuunnittelun avulla voit my\u00f6s lis\u00e4t\u00e4 kommentteja ja tallentaa ne PDF -muodossa.<\/p>\n","protected":false},"author":1,"featured_media":0,"parent":0,"menu_order":0,"comment_status":"closed","ping_status":"closed","template":"page-templates\/favorites.php","meta":{"_acf_changed":false,"inline_featured_image":false,"footnotes":""},"class_list":["post-400736","page","type-page","status-publish","hentry"],"acf":[],"_links":{"self":[{"href":"https:\/\/idaviru.ee\/fi\/wp-json\/wp\/v2\/pages\/400736","targetHints":{"allow":["GET"]}}],"collection":[{"href":"https:\/\/idaviru.ee\/fi\/wp-json\/wp\/v2\/pages"}],"about":[{"href":"https:\/\/idaviru.ee\/fi\/wp-json\/wp\/v2\/types\/page"}],"author":[{"embeddable":true,"href":"https:\/\/idaviru.ee\/fi\/wp-json\/wp\/v2\/users\/1"}],"replies":[{"embeddable":true,"href":"https:\/\/idaviru.ee\/fi\/wp-json\/wp\/v2\/comments?post=400736"}],"version-history":[{"count":0,"href":"https:\/\/idaviru.ee\/fi\/wp-json\/wp\/v2\/pages\/400736\/revisions"}],"wp:attachment":[{"href":"https:\/\/idaviru.ee\/fi\/wp-json\/wp\/v2\/media?parent=400736"}],"curies":[{"name":"wp","href":"https:\/\/api.w.org\/{rel}","templated":true}]}}