{"id":2819831,"date":"2022-11-22T13:56:11","date_gmt":"2022-11-22T11:56:11","guid":{"rendered":"https:\/\/idaviru.ee\/?page_id=2819831"},"modified":"2022-11-22T13:56:17","modified_gmt":"2022-11-22T11:56:17","slug":"ka-noklut-ida-viruma-2","status":"publish","type":"page","link":"https:\/\/idaviru.ee\/lv\/ka-noklut-ida-viruma-2\/","title":{"rendered":"K\u0100 NOK\u013b\u016aT IDA-VIRUM\u0100"},"content":{"rendered":"\t\t<div data-elementor-type=\"wp-page\" data-elementor-id=\"2819831\" class=\"elementor elementor-2819831\" data-elementor-post-type=\"page\">\n\t\t\t\t\t\t<section class=\"elementor-section elementor-top-section elementor-element elementor-element-2b74f71 elementor-section-boxed elementor-section-height-default elementor-section-height-default\" data-id=\"2b74f71\" data-element_type=\"section\" data-e-type=\"section\">\n\t\t\t\t\t\t<div class=\"elementor-container elementor-column-gap-default\">\n\t\t\t\t\t<div class=\"elementor-column elementor-col-100 elementor-top-column elementor-element elementor-element-2024026\" data-id=\"2024026\" data-element_type=\"column\" data-e-type=\"column\">\n\t\t\t<div class=\"elementor-widget-wrap elementor-element-populated\">\n\t\t\t\t\t\t<div class=\"elementor-element elementor-element-92742d3 elementor-widget__width-inherit elementor-widget elementor-widget-heading\" data-id=\"92742d3\" data-element_type=\"widget\" data-e-type=\"widget\" data-widget_type=\"heading.default\">\n\t\t\t\t<div class=\"elementor-widget-container\">\n\t\t\t\t\t<h1 class=\"elementor-heading-title elementor-size-default\">K\u0100 NOK\u013b\u016aT IDA-VIRUM\u0100<\/h1>\t\t\t\t<\/div>\n\t\t\t\t<\/div>\n\t\t\t\t<div class=\"elementor-element elementor-element-38af151 elementor-widget elementor-widget-text-editor\" data-id=\"38af151\" data-element_type=\"widget\" data-e-type=\"widget\" data-widget_type=\"text-editor.default\">\n\t\t\t\t<div class=\"elementor-widget-container\">\n\t\t\t\t\t\t\t\t\t<p>Ida-Viru ir viegli sasniedzama ar automa\u0161\u012bnu, autobusu, vilcienu, velosip\u0113du un treileru. Ida-Viru atra\u0161an\u0101s vieta ir laba, jo esam 2 stundu brauciena att\u0101lum\u0101 no Igaunijas galvaspils\u0113tas Tallinas, kur atrodas starptautisk\u0101 lidosta, un 1,5 stundas brauciena att\u0101lum\u0101 no universit\u0101tes pils\u0113tas Tartu. Igaunijas pils\u0113t\u0101m ir laba autobusu satiksme ar Jehvi un Narvu. Ida-Virumaa ierodas ar\u012b autobusi un vilcieni no Krievijas.<\/p>\t\t\t\t\t\t\t\t<\/div>\n\t\t\t\t<\/div>\n\t\t\t\t\t<\/div>\n\t\t<\/div>\n\t\t\t\t\t<\/div>\n\t\t<\/section>\n\t\t\t\t<section class=\"elementor-section elementor-top-section elementor-element elementor-element-73d5a82 elementor-section-boxed elementor-section-height-default elementor-section-height-default\" data-id=\"73d5a82\" data-element_type=\"section\" data-e-type=\"section\">\n\t\t\t\t\t\t<div class=\"elementor-container elementor-column-gap-default\">\n\t\t\t\t\t<div class=\"elementor-column elementor-col-100 elementor-top-column elementor-element elementor-element-ad6a938\" data-id=\"ad6a938\" data-element_type=\"column\" data-e-type=\"column\">\n\t\t\t<div class=\"elementor-widget-wrap elementor-element-populated\">\n\t\t\t\t\t\t<section class=\"elementor-section elementor-inner-section elementor-element elementor-element-cabeb16 elementor-section-boxed elementor-section-height-default elementor-section-height-default\" data-id=\"cabeb16\" data-element_type=\"section\" data-e-type=\"section\">\n\t\t\t\t\t\t<div class=\"elementor-container elementor-column-gap-default\">\n\t\t\t\t\t<div class=\"elementor-column elementor-col-50 elementor-inner-column elementor-element elementor-element-465f37a\" data-id=\"465f37a\" data-element_type=\"column\" data-e-type=\"column\">\n\t\t\t<div class=\"elementor-widget-wrap elementor-element-populated\">\n\t\t\t\t\t\t<div class=\"elementor-element elementor-element-bccdc65 elementor-widget elementor-widget-image\" data-id=\"bccdc65\" data-element_type=\"widget\" data-e-type=\"widget\" data-widget_type=\"image.default\">\n\t\t\t\t<div class=\"elementor-widget-container\">\n\t\t\t\t\t\t\t\t\t\t\t\t\t\t\t<img fetchpriority=\"high\" decoding=\"async\" width=\"800\" height=\"480\" src=\"https:\/\/idaviru.ee\/wp-content\/uploads\/2020\/11\/Lux_Express_Ida-Virumaa_Tallinn-Narva-buss-kuidas_tulla_bussiga-1024x614.jpg\" class=\"attachment-large size-large wp-image-2616869\" alt=\"Tallinna Narva bussi LuxExpress\" srcset=\"\/\/idaviru.ee\/wp-content\/uploads\/2020\/11\/Lux_Express_Ida-Virumaa_Tallinn-Narva-buss-kuidas_tulla_bussiga-1024x614.jpg 1024w, \/\/idaviru.ee\/wp-content\/uploads\/2020\/11\/Lux_Express_Ida-Virumaa_Tallinn-Narva-buss-kuidas_tulla_bussiga-600x360.jpg 600w, \/\/idaviru.ee\/wp-content\/uploads\/2020\/11\/Lux_Express_Ida-Virumaa_Tallinn-Narva-buss-kuidas_tulla_bussiga-300x180.jpg 300w, \/\/idaviru.ee\/wp-content\/uploads\/2020\/11\/Lux_Express_Ida-Virumaa_Tallinn-Narva-buss-kuidas_tulla_bussiga-768x461.jpg 768w, \/\/idaviru.ee\/wp-content\/uploads\/2020\/11\/Lux_Express_Ida-Virumaa_Tallinn-Narva-buss-kuidas_tulla_bussiga.jpg 1200w\" sizes=\"(max-width: 800px) 100vw, 800px\" \/>\t\t\t\t\t\t\t\t\t\t\t\t\t\t\t<\/div>\n\t\t\t\t<\/div>\n\t\t\t\t\t<\/div>\n\t\t<\/div>\n\t\t\t\t<div class=\"elementor-column elementor-col-50 elementor-inner-column elementor-element elementor-element-d61fe0b\" data-id=\"d61fe0b\" data-element_type=\"column\" data-e-type=\"column\">\n\t\t\t<div class=\"elementor-widget-wrap elementor-element-populated\">\n\t\t\t\t\t\t<div class=\"elementor-element elementor-element-fd4e6c7 elementor-widget__width-inherit elementor-widget elementor-widget-heading\" data-id=\"fd4e6c7\" data-element_type=\"widget\" data-e-type=\"widget\" data-widget_type=\"heading.default\">\n\t\t\t\t<div class=\"elementor-widget-container\">\n\t\t\t\t\t<h3 class=\"elementor-heading-title elementor-size-default\">AR AUTOBUSU<\/h3>\t\t\t\t<\/div>\n\t\t\t\t<\/div>\n\t\t\t\t<div class=\"elementor-element elementor-element-9ffb13b elementor-widget elementor-widget-text-editor\" data-id=\"9ffb13b\" data-element_type=\"widget\" data-e-type=\"widget\" data-widget_type=\"text-editor.default\">\n\t\t\t\t<div class=\"elementor-widget-container\">\n\t\t\t\t\t\t\t\t\t<p><span style=\"font-weight: 400;\">No Tallinas un Tartu autoostas uz Ida-Virum\u0101 kurs\u0113 \u0113rti autobusi, regul\u0101rajos reisos uz\u00a0 Ida-Virum\u0101. Liel\u0101k\u0101 da\u013ca autobusu uz Ida-Virum\u0101 no Tallinas un Tartu, apst\u0101jas liel\u0101ko pils\u0113tu, piem\u0113ram, Jehvi, Sillam\u0113 un Narvas, autoost\u0101s. Tallinas autobusi pietur ar\u012b Kohtla-Jerv\u0113. T\u0101lsatiksmes autobusu sarakstu skat\u012bt <a href=\"https:\/\/www.tpilet.ee\/\">\u0161eit.<\/a><\/span><\/p><p><span style=\"font-weight: 400;\">Mar\u0161rutu Tallina\u2013Ida-Virum\u0101\u2013Sanktp\u0113terburga apkalpo labiek\u0101rtotie un \u0113rtie Lux Express autobusi. Vislab\u0101k ir ieg\u0101d\u0101ties bi\u013cetes p\u0113c iesp\u0113jas agr\u0101k, izmantojot Lux Express vietni <a href=\"https:\/\/luxexpress.eu\/\">\u0160EIT.<\/a><\/span><\/p><p><span style=\"font-weight: 400;\">Ar starppils\u0113tu autobusiem var nok\u013c\u016bt gandr\u012bz vis\u0101s liel\u0101kaj\u0101s apskates viet\u0101s, piem\u0113ram, Kurem\u0113, Toil\u0101, M\u00e4etaguse, Sillam\u00e4e uc. Starppils\u0113tu autobusu mar\u0161rutus un laika grafiku var atrast \u0161eit.<\/span><\/p>\t\t\t\t\t\t\t\t<\/div>\n\t\t\t\t<\/div>\n\t\t\t\t\t<\/div>\n\t\t<\/div>\n\t\t\t\t\t<\/div>\n\t\t<\/section>\n\t\t\t\t\t<\/div>\n\t\t<\/div>\n\t\t\t\t\t<\/div>\n\t\t<\/section>\n\t\t\t\t<section class=\"elementor-section elementor-top-section elementor-element elementor-element-7193fa2 elementor-section-boxed elementor-section-height-default elementor-section-height-default\" data-id=\"7193fa2\" data-element_type=\"section\" data-e-type=\"section\">\n\t\t\t\t\t\t<div class=\"elementor-container elementor-column-gap-default\">\n\t\t\t\t\t<div class=\"elementor-column elementor-col-100 elementor-top-column elementor-element elementor-element-15db285\" data-id=\"15db285\" data-element_type=\"column\" data-e-type=\"column\">\n\t\t\t<div class=\"elementor-widget-wrap elementor-element-populated\">\n\t\t\t\t\t\t<section class=\"elementor-section elementor-inner-section elementor-element elementor-element-77ee282 elementor-section-boxed elementor-section-height-default elementor-section-height-default\" data-id=\"77ee282\" data-element_type=\"section\" data-e-type=\"section\">\n\t\t\t\t\t\t<div class=\"elementor-container elementor-column-gap-default\">\n\t\t\t\t\t<div class=\"elementor-column elementor-col-50 elementor-inner-column elementor-element elementor-element-e13bf30\" data-id=\"e13bf30\" data-element_type=\"column\" data-e-type=\"column\">\n\t\t\t<div class=\"elementor-widget-wrap elementor-element-populated\">\n\t\t\t\t\t\t<div class=\"elementor-element elementor-element-e63678e elementor-widget elementor-widget-image\" data-id=\"e63678e\" data-element_type=\"widget\" data-e-type=\"widget\" data-widget_type=\"image.default\">\n\t\t\t\t<div class=\"elementor-widget-container\">\n\t\t\t\t\t\t\t\t\t\t\t\t\t\t\t<img decoding=\"async\" width=\"800\" height=\"400\" src=\"https:\/\/idaviru.ee\/wp-content\/uploads\/2020\/10\/Kuidas_tulla_pere_autoga_Ida-Virumaale-1024x512.jpg\" class=\"attachment-large size-large wp-image-2616865\" alt=\"Perhe autossa\" srcset=\"\/\/idaviru.ee\/wp-content\/uploads\/2020\/10\/Kuidas_tulla_pere_autoga_Ida-Virumaale-1024x512.jpg 1024w, \/\/idaviru.ee\/wp-content\/uploads\/2020\/10\/Kuidas_tulla_pere_autoga_Ida-Virumaale-600x300.jpg 600w, \/\/idaviru.ee\/wp-content\/uploads\/2020\/10\/Kuidas_tulla_pere_autoga_Ida-Virumaale-300x150.jpg 300w, \/\/idaviru.ee\/wp-content\/uploads\/2020\/10\/Kuidas_tulla_pere_autoga_Ida-Virumaale-768x384.jpg 768w, \/\/idaviru.ee\/wp-content\/uploads\/2020\/10\/Kuidas_tulla_pere_autoga_Ida-Virumaale.jpg 1200w\" sizes=\"(max-width: 800px) 100vw, 800px\" \/>\t\t\t\t\t\t\t\t\t\t\t\t\t\t\t<\/div>\n\t\t\t\t<\/div>\n\t\t\t\t\t<\/div>\n\t\t<\/div>\n\t\t\t\t<div class=\"elementor-column elementor-col-50 elementor-inner-column elementor-element elementor-element-c7b9fb8\" data-id=\"c7b9fb8\" data-element_type=\"column\" data-e-type=\"column\">\n\t\t\t<div class=\"elementor-widget-wrap elementor-element-populated\">\n\t\t\t\t\t\t<div class=\"elementor-element elementor-element-2638120 elementor-widget__width-inherit elementor-widget elementor-widget-heading\" data-id=\"2638120\" data-element_type=\"widget\" data-e-type=\"widget\" data-widget_type=\"heading.default\">\n\t\t\t\t<div class=\"elementor-widget-container\">\n\t\t\t\t\t<h3 class=\"elementor-heading-title elementor-size-default\">AR AUTO<\/h3>\t\t\t\t<\/div>\n\t\t\t\t<\/div>\n\t\t\t\t<div class=\"elementor-element elementor-element-aa73f89 elementor-widget elementor-widget-text-editor\" data-id=\"aa73f89\" data-element_type=\"widget\" data-e-type=\"widget\" data-widget_type=\"text-editor.default\">\n\t\t\t\t<div class=\"elementor-widget-container\">\n\t\t\t\t\t\t\t\t\t<p><span style=\"font-weight: 400;\">Apmekl\u0113t\u0101ji no Tallinas Ida-Virum\u0101 var sasniegt pa Tallinas-Narvas \u0161oseju (E 20)<\/span><\/p><p><span style=\"font-weight: 400;\">Apmekl\u0113t\u0101ji no Tartu var sasniegt Ida-Virum\u0101, braucot pa Valga-Tartu-J\u00f5hvi \u0161oseju(E 264)<\/span><\/p><div style=\"display: none;\">\u00a0<\/div><div style=\"display: none;\">\u00a0<\/div>\t\t\t\t\t\t\t\t<\/div>\n\t\t\t\t<\/div>\n\t\t\t\t\t<\/div>\n\t\t<\/div>\n\t\t\t\t\t<\/div>\n\t\t<\/section>\n\t\t\t\t\t<\/div>\n\t\t<\/div>\n\t\t\t\t\t<\/div>\n\t\t<\/section>\n\t\t\t\t<section class=\"elementor-section elementor-top-section elementor-element elementor-element-7f2208c elementor-section-boxed elementor-section-height-default elementor-section-height-default\" data-id=\"7f2208c\" data-element_type=\"section\" data-e-type=\"section\">\n\t\t\t\t\t\t<div class=\"elementor-container elementor-column-gap-default\">\n\t\t\t\t\t<div class=\"elementor-column elementor-col-100 elementor-top-column elementor-element elementor-element-1727fed\" data-id=\"1727fed\" data-element_type=\"column\" data-e-type=\"column\">\n\t\t\t<div class=\"elementor-widget-wrap elementor-element-populated\">\n\t\t\t\t\t\t<section class=\"elementor-section elementor-inner-section elementor-element elementor-element-2a42c68 elementor-section-boxed elementor-section-height-default elementor-section-height-default\" data-id=\"2a42c68\" data-element_type=\"section\" data-e-type=\"section\">\n\t\t\t\t\t\t<div class=\"elementor-container elementor-column-gap-default\">\n\t\t\t\t\t<div class=\"elementor-column elementor-col-50 elementor-inner-column elementor-element elementor-element-f108639\" data-id=\"f108639\" data-element_type=\"column\" data-e-type=\"column\">\n\t\t\t<div class=\"elementor-widget-wrap elementor-element-populated\">\n\t\t\t\t\t\t<div class=\"elementor-element elementor-element-fbe8e44 elementor-widget elementor-widget-image\" data-id=\"fbe8e44\" data-element_type=\"widget\" data-e-type=\"widget\" data-widget_type=\"image.default\">\n\t\t\t\t<div class=\"elementor-widget-container\">\n\t\t\t\t\t\t\t\t\t\t\t\t\t\t\t<img decoding=\"async\" width=\"800\" height=\"534\" src=\"https:\/\/idaviru.ee\/wp-content\/uploads\/2020\/10\/Kuidas_tulla_Ida-Virumaale_rongiga-1024x683.jpg\" class=\"attachment-large size-large wp-image-2616866\" alt=\"Viron juna ja sen sis\u00e4tilat\" srcset=\"\/\/idaviru.ee\/wp-content\/uploads\/2020\/10\/Kuidas_tulla_Ida-Virumaale_rongiga-1024x683.jpg 1024w, \/\/idaviru.ee\/wp-content\/uploads\/2020\/10\/Kuidas_tulla_Ida-Virumaale_rongiga-600x400.jpg 600w, \/\/idaviru.ee\/wp-content\/uploads\/2020\/10\/Kuidas_tulla_Ida-Virumaale_rongiga-300x200.jpg 300w, \/\/idaviru.ee\/wp-content\/uploads\/2020\/10\/Kuidas_tulla_Ida-Virumaale_rongiga-768x512.jpg 768w, \/\/idaviru.ee\/wp-content\/uploads\/2020\/10\/Kuidas_tulla_Ida-Virumaale_rongiga-1536x1024.jpg 1536w, \/\/idaviru.ee\/wp-content\/uploads\/2020\/10\/Kuidas_tulla_Ida-Virumaale_rongiga.jpg 1620w\" sizes=\"(max-width: 800px) 100vw, 800px\" \/>\t\t\t\t\t\t\t\t\t\t\t\t\t\t\t<\/div>\n\t\t\t\t<\/div>\n\t\t\t\t\t<\/div>\n\t\t<\/div>\n\t\t\t\t<div class=\"elementor-column elementor-col-50 elementor-inner-column elementor-element elementor-element-3c7c526\" data-id=\"3c7c526\" data-element_type=\"column\" data-e-type=\"column\">\n\t\t\t<div class=\"elementor-widget-wrap elementor-element-populated\">\n\t\t\t\t\t\t<div class=\"elementor-element elementor-element-2bd519d elementor-widget__width-inherit elementor-widget elementor-widget-heading\" data-id=\"2bd519d\" data-element_type=\"widget\" data-e-type=\"widget\" data-widget_type=\"heading.default\">\n\t\t\t\t<div class=\"elementor-widget-container\">\n\t\t\t\t\t<h3 class=\"elementor-heading-title elementor-size-default\">AR VILCIENU<\/h3>\t\t\t\t<\/div>\n\t\t\t\t<\/div>\n\t\t\t\t<div class=\"elementor-element elementor-element-a7f4656 elementor-widget elementor-widget-text-editor\" data-id=\"a7f4656\" data-element_type=\"widget\" data-e-type=\"widget\" data-widget_type=\"text-editor.default\">\n\t\t\t\t<div class=\"elementor-widget-container\">\n\t\t\t\t\t\t\t\t\t<p><span style=\"font-weight: 400;\">Ida-Virum\u0101 var nok\u013c\u016bt ar vilcienu no Sanktp\u0113terburgas un Maskavas. Vilcieni apst\u0101jas Narv\u0101 un Jehvi. Vilcienu kust\u012bbas saraksts pieejams <a href=\"https:\/\/www.gorail.ee\/\">\u0161eit<\/a><\/span><\/p><p><span style=\"font-weight: 400;\">Elron vilcieni no\/uz Tallinu uz Ida-Virum\u0101 dodas tr\u012bs reizes dien\u0101. Vilcienu kust\u012bbas saraksts pieejams <a href=\"https:\/\/elron.ee\/\">\u0161eit<\/a><\/span><\/p>\t\t\t\t\t\t\t\t<\/div>\n\t\t\t\t<\/div>\n\t\t\t\t\t<\/div>\n\t\t<\/div>\n\t\t\t\t\t<\/div>\n\t\t<\/section>\n\t\t\t\t\t<\/div>\n\t\t<\/div>\n\t\t\t\t\t<\/div>\n\t\t<\/section>\n\t\t\t\t<section class=\"elementor-section elementor-top-section elementor-element elementor-element-9a2f4be elementor-section-boxed elementor-section-height-default elementor-section-height-default\" data-id=\"9a2f4be\" data-element_type=\"section\" data-e-type=\"section\">\n\t\t\t\t\t\t<div class=\"elementor-container elementor-column-gap-default\">\n\t\t\t\t\t<div class=\"elementor-column elementor-col-100 elementor-top-column elementor-element elementor-element-ce113da\" data-id=\"ce113da\" data-element_type=\"column\" data-e-type=\"column\">\n\t\t\t<div class=\"elementor-widget-wrap elementor-element-populated\">\n\t\t\t\t\t\t<section class=\"elementor-section elementor-inner-section elementor-element elementor-element-e5f1756 elementor-section-boxed elementor-section-height-default elementor-section-height-default\" data-id=\"e5f1756\" data-element_type=\"section\" data-e-type=\"section\">\n\t\t\t\t\t\t<div class=\"elementor-container elementor-column-gap-default\">\n\t\t\t\t\t<div class=\"elementor-column elementor-col-50 elementor-inner-column elementor-element elementor-element-9b3a316\" data-id=\"9b3a316\" data-element_type=\"column\" data-e-type=\"column\">\n\t\t\t<div class=\"elementor-widget-wrap elementor-element-populated\">\n\t\t\t\t\t\t<div class=\"elementor-element elementor-element-5146285 elementor-widget elementor-widget-image\" data-id=\"5146285\" data-element_type=\"widget\" data-e-type=\"widget\" data-widget_type=\"image.default\">\n\t\t\t\t<div class=\"elementor-widget-container\">\n\t\t\t\t\t\t\t\t\t\t\t\t\t\t\t<img loading=\"lazy\" decoding=\"async\" width=\"800\" height=\"600\" src=\"https:\/\/idaviru.ee\/wp-content\/uploads\/2020\/10\/Auto_rent_Ida-Virumaal-Johvis-1024x768.jpg\" class=\"attachment-large size-large wp-image-2616867\" alt=\"\" srcset=\"\/\/idaviru.ee\/wp-content\/uploads\/2020\/10\/Auto_rent_Ida-Virumaal-Johvis-1024x768.jpg 1024w, \/\/idaviru.ee\/wp-content\/uploads\/2020\/10\/Auto_rent_Ida-Virumaal-Johvis-scaled-600x450.jpg 600w, \/\/idaviru.ee\/wp-content\/uploads\/2020\/10\/Auto_rent_Ida-Virumaal-Johvis-300x225.jpg 300w, \/\/idaviru.ee\/wp-content\/uploads\/2020\/10\/Auto_rent_Ida-Virumaal-Johvis-768x576.jpg 768w, \/\/idaviru.ee\/wp-content\/uploads\/2020\/10\/Auto_rent_Ida-Virumaal-Johvis-1536x1152.jpg 1536w, \/\/idaviru.ee\/wp-content\/uploads\/2020\/10\/Auto_rent_Ida-Virumaal-Johvis-2048x1536.jpg 2048w\" sizes=\"(max-width: 800px) 100vw, 800px\" \/>\t\t\t\t\t\t\t\t\t\t\t\t\t\t\t<\/div>\n\t\t\t\t<\/div>\n\t\t\t\t\t<\/div>\n\t\t<\/div>\n\t\t\t\t<div class=\"elementor-column elementor-col-50 elementor-inner-column elementor-element elementor-element-677c435\" data-id=\"677c435\" data-element_type=\"column\" data-e-type=\"column\">\n\t\t\t<div class=\"elementor-widget-wrap elementor-element-populated\">\n\t\t\t\t\t\t<div class=\"elementor-element elementor-element-149cd44 elementor-widget__width-inherit elementor-widget elementor-widget-heading\" data-id=\"149cd44\" data-element_type=\"widget\" data-e-type=\"widget\" data-widget_type=\"heading.default\">\n\t\t\t\t<div class=\"elementor-widget-container\">\n\t\t\t\t\t<h3 class=\"elementor-heading-title elementor-size-default\">AUTONOMA<\/h3>\t\t\t\t<\/div>\n\t\t\t\t<\/div>\n\t\t\t\t<div class=\"elementor-element elementor-element-7ae48f4 elementor-widget elementor-widget-text-editor\" data-id=\"7ae48f4\" data-element_type=\"widget\" data-e-type=\"widget\" data-widget_type=\"text-editor.default\">\n\t\t\t\t<div class=\"elementor-widget-container\">\n\t\t\t\t\t\t\t\t\t<p dir=\"ltr\" style=\"line-height:1.38;margin-top:0pt;margin-bottom:0pt;\"><span style=\"font-size:11pt;font-family:Arial;color:#000000;background-color:transparent;font-weight:400;font-style:normal;font-variant:normal;text-decoration:none;vertical-align:baseline;white-space:pre;white-space:pre-wrap;\">Ja j\u016bs ierodaties Ida-Virumaa ar sabiedrisko transportu, bet v\u0113laties doties pa novadu ar automa\u0161\u012bnu, to ir iesp\u0113jams iznom\u0101t Jehvi un Narv\u0101.<\/span><\/p><p dir=\"ltr\" style=\"line-height:1.38;margin-top:0pt;margin-bottom:0pt;\"><span style=\"font-size:11pt;font-family:Arial;color:#000000;background-color:transparent;font-weight:400;font-style:normal;font-variant:normal;text-decoration:none;vertical-align:baseline;white-space:pre;white-space:pre-wrap;\"><br><\/span><\/p><p dir=\"ltr\" style=\"line-height:1.38;margin-top:0pt;margin-bottom:0pt;\"><span style=\"font-size:11pt;font-family:Arial;color:#000000;background-color:transparent;font-weight:400;font-style:normal;font-variant:normal;text-decoration:none;vertical-align:baseline;white-space:pre;white-space:pre-wrap;\">Autoesindus Jehvi<\/span><\/p><p dir=\"ltr\" style=\"line-height:1.38;margin-top:0pt;margin-bottom:0pt;\"><span style=\"font-size:11pt;font-family:Arial;color:#000000;background-color:transparent;font-weight:400;font-style:normal;font-variant:normal;text-decoration:none;vertical-align:baseline;white-space:pre;white-space:pre-wrap;\">L\u00e4\u00e4ne 1b, Jehvi<\/span><\/p><p dir=\"ltr\" style=\"line-height:1.38;margin-top:0pt;margin-bottom:0pt;\"><span style=\"font-size:11pt;font-family:Arial;color:#000000;background-color:transparent;font-weight:400;font-style:normal;font-variant:normal;text-decoration:none;vertical-align:baseline;white-space:pre;white-space:pre-wrap;\">T\u0101lr.: +372 339 6200, E-pasts: info@autoesindus.ee<\/span><\/p><p dir=\"ltr\" style=\"line-height:1.38;margin-top:0pt;margin-bottom:0pt;\"><span style=\"font-size:11pt;font-family:Arial;color:#000000;background-color:transparent;font-weight:400;font-style:normal;font-variant:normal;text-decoration:none;vertical-align:baseline;white-space:pre;white-space:pre-wrap;\">https:\/\/autoesindus.ee<\/span><\/p><p><b style=\"font-weight:normal;\"><br><\/b><\/p><p dir=\"ltr\" style=\"line-height:1.38;margin-top:0pt;margin-bottom:0pt;\"><span style=\"font-size:11pt;font-family:Arial;color:#000000;background-color:transparent;font-weight:400;font-style:normal;font-variant:normal;text-decoration:none;vertical-align:baseline;white-space:pre;white-space:pre-wrap;\">Albion Motors O\u00dc Narv\u0101<\/span><\/p><p dir=\"ltr\" style=\"line-height:1.38;margin-top:0pt;margin-bottom:0pt;\"><span style=\"font-size:11pt;font-family:Arial;color:#000000;background-color:transparent;font-weight:400;font-style:normal;font-variant:normal;text-decoration:none;vertical-align:baseline;white-space:pre;white-space:pre-wrap;\">Kerese 40G, Narva<\/span><\/p><p dir=\"ltr\" style=\"line-height:1.38;margin-top:0pt;margin-bottom:0pt;\"><span style=\"font-size:11pt;font-family:Arial;color:#000000;background-color:transparent;font-weight:400;font-style:normal;font-variant:normal;text-decoration:none;vertical-align:baseline;white-space:pre;white-space:pre-wrap;\">O\u013cegs Lats T\u0101lr.: +372 356 9333, E-pasts: info@albionmotors.ee<\/span><\/p><p><\/p><p dir=\"ltr\" style=\"line-height:1.38;margin-top:0pt;margin-bottom:0pt;\"><span style=\"font-size:11pt;font-family:Arial;color:#000000;background-color:transparent;font-weight:400;font-style:normal;font-variant:normal;text-decoration:none;vertical-align:baseline;white-space:pre;white-space:pre-wrap;\">https:\/\/albionmotors.ee<\/span><\/p><div><span style=\"font-size:11pt;font-family:Arial;color:#000000;background-color:transparent;font-weight:400;font-style:normal;font-variant:normal;text-decoration:none;vertical-align:baseline;white-space:pre;white-space:pre-wrap;\"><br><\/span><\/div>\t\t\t\t\t\t\t\t<\/div>\n\t\t\t\t<\/div>\n\t\t\t\t\t<\/div>\n\t\t<\/div>\n\t\t\t\t\t<\/div>\n\t\t<\/section>\n\t\t\t\t\t<\/div>\n\t\t<\/div>\n\t\t\t\t\t<\/div>\n\t\t<\/section>\n\t\t\t\t<section class=\"elementor-section elementor-top-section elementor-element elementor-element-fd506dc elementor-section-boxed elementor-section-height-default elementor-section-height-default\" data-id=\"fd506dc\" data-element_type=\"section\" data-e-type=\"section\">\n\t\t\t\t\t\t<div class=\"elementor-container elementor-column-gap-default\">\n\t\t\t\t\t<div class=\"elementor-column elementor-col-50 elementor-top-column elementor-element elementor-element-96d5dd7\" data-id=\"96d5dd7\" data-element_type=\"column\" data-e-type=\"column\">\n\t\t\t<div class=\"elementor-widget-wrap\">\n\t\t\t\t\t\t\t<\/div>\n\t\t<\/div>\n\t\t\t\t<div class=\"elementor-column elementor-col-50 elementor-top-column elementor-element elementor-element-4a21604\" data-id=\"4a21604\" data-element_type=\"column\" data-e-type=\"column\">\n\t\t\t<div class=\"elementor-widget-wrap elementor-element-populated\">\n\t\t\t\t\t\t<div class=\"elementor-element elementor-element-a6a6f7b elementor-widget elementor-widget-image\" data-id=\"a6a6f7b\" data-element_type=\"widget\" data-e-type=\"widget\" data-widget_type=\"image.default\">\n\t\t\t\t<div class=\"elementor-widget-container\">\n\t\t\t\t\t\t\t\t\t\t\t\t\t\t\t<img loading=\"lazy\" decoding=\"async\" width=\"550\" height=\"388\" src=\"https:\/\/idaviru.ee\/wp-content\/uploads\/2022\/07\/RM_Reg_logo_sm.jpg\" class=\"attachment-large size-large wp-image-2819801\" alt=\"\" srcset=\"\/\/idaviru.ee\/wp-content\/uploads\/2022\/07\/RM_Reg_logo_sm.jpg 550w, \/\/idaviru.ee\/wp-content\/uploads\/2022\/07\/RM_Reg_logo_sm-300x212.jpg 300w, \/\/idaviru.ee\/wp-content\/uploads\/2022\/07\/RM_Reg_logo_sm-85x60.jpg 85w, \/\/idaviru.ee\/wp-content\/uploads\/2022\/07\/RM_Reg_logo_sm-128x90.jpg 128w\" sizes=\"(max-width: 550px) 100vw, 550px\" \/>\t\t\t\t\t\t\t\t\t\t\t\t\t\t\t<\/div>\n\t\t\t\t<\/div>\n\t\t\t\t\t<\/div>\n\t\t<\/div>\n\t\t\t\t\t<\/div>\n\t\t<\/section>\n\t\t\t\t<\/div>\n\t\t","protected":false},"excerpt":{"rendered":"<p>K\u0100 NOK\u013b\u016aT IDA-VIRUM\u0100 Ida-Viru ir viegli sasniedzama ar automa\u0161\u012bnu, autobusu, vilcienu, velosip\u0113du un treileru. Ida-Viru atra\u0161an\u0101s vieta ir laba, jo esam 2 stundu brauciena att\u0101lum\u0101 no Igaunijas galvaspils\u0113tas Tallinas, kur atrodas starptautisk\u0101 lidosta, un 1,5 stundas brauciena att\u0101lum\u0101 no universit\u0101tes pils\u0113tas Tartu. Igaunijas pils\u0113t\u0101m ir laba autobusu satiksme ar Jehvi un Narvu. Ida-Virumaa ierodas ar\u012b [&hellip;]<\/p>\n","protected":false},"author":31,"featured_media":2616865,"parent":0,"menu_order":0,"comment_status":"closed","ping_status":"closed","template":"elementor_header_footer","meta":{"_acf_changed":false,"inline_featured_image":false,"footnotes":""},"class_list":["post-2819831","page","type-page","status-publish","has-post-thumbnail","hentry"],"acf":[],"_links":{"self":[{"href":"https:\/\/idaviru.ee\/lv\/wp-json\/wp\/v2\/pages\/2819831","targetHints":{"allow":["GET"]}}],"collection":[{"href":"https:\/\/idaviru.ee\/lv\/wp-json\/wp\/v2\/pages"}],"about":[{"href":"https:\/\/idaviru.ee\/lv\/wp-json\/wp\/v2\/types\/page"}],"author":[{"embeddable":true,"href":"https:\/\/idaviru.ee\/lv\/wp-json\/wp\/v2\/users\/31"}],"replies":[{"embeddable":true,"href":"https:\/\/idaviru.ee\/lv\/wp-json\/wp\/v2\/comments?post=2819831"}],"version-history":[{"count":0,"href":"https:\/\/idaviru.ee\/lv\/wp-json\/wp\/v2\/pages\/2819831\/revisions"}],"wp:featuredmedia":[{"embeddable":true,"href":"https:\/\/idaviru.ee\/lv\/wp-json\/wp\/v2\/media\/2616865"}],"wp:attachment":[{"href":"https:\/\/idaviru.ee\/lv\/wp-json\/wp\/v2\/media?parent=2819831"}],"curies":[{"name":"wp","href":"https:\/\/api.w.org\/{rel}","templated":true}]}}