{"id":2950785,"date":"2024-01-30T16:06:44","date_gmt":"2024-01-30T14:06:44","guid":{"rendered":"https:\/\/idaviru.ee\/?page_id=2950785"},"modified":"2025-02-07T10:12:48","modified_gmt":"2025-02-07T08:12:48","slug":"paldies","status":"publish","type":"page","link":"https:\/\/idaviru.ee\/lv\/paldies\/","title":{"rendered":"Paldies"},"content":{"rendered":"\t\t<div data-elementor-type=\"wp-page\" data-elementor-id=\"2950785\" class=\"elementor elementor-2950785\" data-elementor-post-type=\"page\">\n\t\t\t\t\t\t<section class=\"elementor-section elementor-inner-section elementor-element elementor-element-41c3446 header-fixed-inner elementor-section-boxed elementor-section-height-default elementor-section-height-default\" data-id=\"41c3446\" data-element_type=\"section\" data-e-type=\"section\" data-settings=\"{&quot;background_background&quot;:&quot;classic&quot;}\">\n\t\t\t\t\t\t<div class=\"elementor-container elementor-column-gap-default\">\n\t\t\t\t\t<div class=\"elementor-column elementor-col-100 elementor-inner-column elementor-element elementor-element-b6a4d7a\" data-id=\"b6a4d7a\" data-element_type=\"column\" data-e-type=\"column\">\n\t\t\t<div class=\"elementor-widget-wrap elementor-element-populated\">\n\t\t\t\t\t\t<div class=\"elementor-element elementor-element-6365572 elementor-widget__width-auto header_logo elementor-widget elementor-widget-image\" data-id=\"6365572\" data-element_type=\"widget\" data-e-type=\"widget\" data-widget_type=\"image.default\">\n\t\t\t\t<div class=\"elementor-widget-container\">\n\t\t\t\t\t\t\t\t\t\t\t\t\t\t\t\t<a href=\"https:\/\/idaviru.ee\/lv\/\">\n\t\t\t\t\t\t\t<img decoding=\"async\" width=\"226\" height=\"92\" src=\"https:\/\/idaviru.ee\/wp-content\/uploads\/2020\/11\/logo_white.svg\" class=\"attachment-full size-full wp-image-2955050\" alt=\"\" \/>\t\t\t\t\t\t\t\t<\/a>\n\t\t\t\t\t\t\t\t\t\t\t\t\t\t\t<\/div>\n\t\t\t\t<\/div>\n\t\t\t\t<div class=\"elementor-element elementor-element-72c578c elementor-widget__width-auto lang-mob elementor-widget elementor-widget-shortcode\" data-id=\"72c578c\" data-element_type=\"widget\" data-e-type=\"widget\" data-settings=\"{&quot;sticky&quot;:&quot;top&quot;,&quot;sticky_on&quot;:[&quot;desktop&quot;,&quot;tablet&quot;,&quot;mobile&quot;],&quot;sticky_offset&quot;:0,&quot;sticky_effects_offset&quot;:0,&quot;sticky_anchor_link_offset&quot;:0}\" data-widget_type=\"shortcode.default\">\n\t\t\t\t<div class=\"elementor-widget-container\">\n\t\t\t\t\t\t\t<div class=\"elementor-shortcode\"><ul id=\"header-nav-lang\" class=\"nav\"><li id=\"menu-item-999\" class=\"menu-item-language menu-item menu-item-type-custom menu-item-object-custom menu-item-has-children menu-item-999\"><a href=\"#\" class=\"current-site-language\">lv<\/a><ul class=\"sub-menu\"><li id=\"menu-item-999-1\" class=\"menu-item menu-item-type-custom menu-item-object-custom menu-item-999-1\"><a href=\"https:\/\/idaviru.ee\/\">Eesti<\/a><\/li><li id=\"menu-item-999-2\" class=\"menu-item menu-item-type-custom menu-item-object-custom menu-item-999-2\"><a href=\"https:\/\/idaviru.ee\/ru\/\">\u0420\u0443\u0441\u0441\u043a\u0438\u0439<\/a><\/li><li id=\"menu-item-999-3\" class=\"menu-item menu-item-type-custom menu-item-object-custom menu-item-999-3\"><a href=\"https:\/\/idaviru.ee\/fi\/\">Suomi<\/a><\/li><li id=\"menu-item-999-4\" class=\"menu-item menu-item-type-custom menu-item-object-custom menu-item-999-4\"><a href=\"https:\/\/idaviru.ee\/en\/\">English<\/a><\/li><\/ul><\/li><\/ul><\/div>\n\t\t\t\t\t\t<\/div>\n\t\t\t\t<\/div>\n\t\t\t\t<div class=\"elementor-element elementor-element-55957fe elementor-hidden-desktop elementor-widget elementor-widget-html\" data-id=\"55957fe\" data-element_type=\"widget\" data-e-type=\"widget\" data-widget_type=\"html.default\">\n\t\t\t\t<div class=\"elementor-widget-container\">\n\t\t\t\t\t<div class=\"off_canvas\"><div class=\"off_trigger\"><\/div><\/div>\t\t\t\t<\/div>\n\t\t\t\t<\/div>\n\t\t\t\t\t<\/div>\n\t\t<\/div>\n\t\t\t\t\t<\/div>\n\t\t<\/section>\n\t\t\t\t<section class=\"elementor-section elementor-top-section elementor-element elementor-element-44f4a33 elementor-section-full_width elementor-section-stretched elementor-section-height-default elementor-section-height-default\" data-id=\"44f4a33\" data-element_type=\"section\" data-e-type=\"section\" data-settings=\"{&quot;stretch_section&quot;:&quot;section-stretched&quot;}\">\n\t\t\t\t\t\t<div class=\"elementor-container elementor-column-gap-default\">\n\t\t\t\t\t<header class=\"elementor-column elementor-col-100 elementor-top-column elementor-element elementor-element-13c7d2b\" data-id=\"13c7d2b\" data-element_type=\"column\" data-e-type=\"column\">\n\t\t\t<div class=\"elementor-widget-wrap elementor-element-populated\">\n\t\t\t\t\t\t<div class=\"elementor-element elementor-element-421b9c0 elementor--h-position-center elementor--v-position-middle elementor-arrows-position-inside elementor-pagination-position-inside elementor-widget elementor-widget-slides\" data-id=\"421b9c0\" data-element_type=\"widget\" data-e-type=\"widget\" data-settings=\"{&quot;navigation&quot;:&quot;both&quot;,&quot;autoplay&quot;:&quot;yes&quot;,&quot;pause_on_hover&quot;:&quot;yes&quot;,&quot;pause_on_interaction&quot;:&quot;yes&quot;,&quot;autoplay_speed&quot;:5000,&quot;infinite&quot;:&quot;yes&quot;,&quot;transition&quot;:&quot;slide&quot;,&quot;transition_speed&quot;:500}\" data-widget_type=\"slides.default\">\n\t\t\t\t<div class=\"elementor-widget-container\">\n\t\t\t\t\t\t\t\t\t<div class=\"elementor-swiper\">\n\t\t\t\t\t<div class=\"elementor-slides-wrapper elementor-main-swiper swiper\" role=\"region\" aria-roledescription=\"carousel\" aria-label=\"Slides\" dir=\"ltr\" data-animation=\"fadeInUp\">\n\t\t\t\t<div class=\"swiper-wrapper elementor-slides\">\n\t\t\t\t\t\t\t\t\t\t<div class=\"elementor-repeater-item-688693e swiper-slide\" role=\"group\" aria-roledescription=\"slide\"><div class=\"swiper-slide-bg\" role=\"img\" aria-label=\"AMK raatsamatk+talv3+idaviru+K+Ernits\"><\/div><div class=\"swiper-slide-inner\" ><div class=\"swiper-slide-contents\"><\/div><\/div><\/div>\t\t\t\t<\/div>\n\t\t\t\t\t\t\t<\/div>\n\t\t\t\t<\/div>\n\t\t\t\t\t\t\t\t<\/div>\n\t\t\t\t<\/div>\n\t\t\t\t\t<\/div>\n\t\t<\/header>\n\t\t\t\t\t<\/div>\n\t\t<\/section>\n\t\t\t\t<section class=\"elementor-section elementor-top-section elementor-element elementor-element-11a71a7 elementor-section-boxed elementor-section-height-default elementor-section-height-default\" data-id=\"11a71a7\" data-element_type=\"section\" data-e-type=\"section\">\n\t\t\t\t\t\t<div class=\"elementor-container elementor-column-gap-default\">\n\t\t\t\t\t<div class=\"elementor-column elementor-col-33 elementor-top-column elementor-element elementor-element-7c9dc6a\" data-id=\"7c9dc6a\" data-element_type=\"column\" data-e-type=\"column\">\n\t\t\t<div class=\"elementor-widget-wrap\">\n\t\t\t\t\t\t\t<\/div>\n\t\t<\/div>\n\t\t\t\t<div class=\"elementor-column elementor-col-33 elementor-top-column elementor-element elementor-element-7032bc3\" data-id=\"7032bc3\" data-element_type=\"column\" data-e-type=\"column\">\n\t\t\t<div class=\"elementor-widget-wrap elementor-element-populated\">\n\t\t\t\t\t\t<div class=\"elementor-element elementor-element-57e5c13 elementor-widget elementor-widget-text-editor\" data-id=\"57e5c13\" data-element_type=\"widget\" data-e-type=\"widget\" data-widget_type=\"text-editor.default\">\n\t\t\t\t<div class=\"elementor-widget-container\">\n\t\t\t\t\t\t\t\t\t<p><span style=\"font-weight: 400;\">Paldies, ka abon\u0113j\u0101t m\u016bsu Zi\u0146u lapu.<\/span><\/p><p><strong><a href=\"https:\/\/www.google.com\/url?q=https:\/\/www.google.com\/url?q%3Dhttps:\/\/www.facebook.com\/profile.php?id%253D61555715998897%26amp;sa%3DD%26amp;source%3Deditors%26amp;ust%3D1706627110006736%26amp;usg%3DAOvVaw2tG0Km5Gr19GTVyt-UPPTW&amp;sa=D&amp;source=docs&amp;ust=1706627110015084&amp;usg=AOvVaw2xQP1xkW_Z7NkfRgJzSi3D\">Sekojiet mums Facebook Ida- Viru draugi<\/a><\/strong><\/p><p><span style=\"font-weight: 400;\">Laim\u0113jiet lieliskas br\u012bvdienas vien\u0101 no Igaunijas piedz\u012bvojumiem bag\u0101t\u0101kajiem un p\u0101rsteidzo\u0161\u0101kajiem re\u0123ioniem \u2013 Idaviru apri\u0146\u0137\u012b!<\/span><\/p><p><span style=\"font-weight: 400;\">Akcijas laik\u0101, 2024. gada 14. febru\u0101r\u012b, starp visiem v\u0113stkopas abonentiem tiks izloz\u0113ts viens uzvar\u0113t\u0101js. Uzvar\u0113t\u0101ja v\u0101rds tiks public\u0113ts t\u016brisma klastera \u201cIda-Virumaa Turismiklaster\u201d m\u0101jaslap\u0101 un soci\u0101lo mediju kan\u0101los. Izlozes organizatori sazin\u0101sies ar uzvar\u0113t\u0101ju pa e-pastu un\/vai soci\u0101lo mediju kan\u0101liem. Ja uzvar\u0113t\u0101js neatbild vienas ned\u0113\u013cas laik\u0101 p\u0113c izlozes datuma, organizators patur ties\u012bbas izloz\u0113t jaunu uzvar\u0113t\u0101ju.<\/span><\/p><p><strong><a href=\"https:\/\/idaviru.ee\/lv\/kampana2025\/\">Atpaka\u013c<\/a><\/strong><\/p>\t\t\t\t\t\t\t\t<\/div>\n\t\t\t\t<\/div>\n\t\t\t\t\t<\/div>\n\t\t<\/div>\n\t\t\t\t<div class=\"elementor-column elementor-col-33 elementor-top-column elementor-element elementor-element-79ab370\" data-id=\"79ab370\" data-element_type=\"column\" data-e-type=\"column\">\n\t\t\t<div class=\"elementor-widget-wrap\">\n\t\t\t\t\t\t\t<\/div>\n\t\t<\/div>\n\t\t\t\t\t<\/div>\n\t\t<\/section>\n\t\t\t\t<section class=\"elementor-section elementor-top-section elementor-element elementor-element-b5e5fe0 elementor-section-boxed elementor-section-height-default elementor-section-height-default\" data-id=\"b5e5fe0\" data-element_type=\"section\" data-e-type=\"section\">\n\t\t\t\t\t\t<div class=\"elementor-container elementor-column-gap-default\">\n\t\t\t\t\t<div class=\"elementor-column elementor-col-100 elementor-top-column elementor-element elementor-element-df5c6a6\" data-id=\"df5c6a6\" data-element_type=\"column\" data-e-type=\"column\">\n\t\t\t<div class=\"elementor-widget-wrap elementor-element-populated\">\n\t\t\t\t\t\t<div class=\"elementor-element elementor-element-77f2d99 elementor-widget elementor-widget-heading\" data-id=\"77f2d99\" data-element_type=\"widget\" data-e-type=\"widget\" data-widget_type=\"heading.default\">\n\t\t\t\t<div class=\"elementor-widget-container\">\n\t\t\t\t\t<h2 class=\"elementor-heading-title elementor-size-default\"><a href=\"https:\/\/idaviru.ee\/lv\/adventure25\/\">Iepaz\u012bstieties ar\u012b ar m\u016bsu ziemas piedz\u012bvojumu kampa\u0146u!<\/a><\/h2>\t\t\t\t<\/div>\n\t\t\t\t<\/div>\n\t\t\t\t\t<\/div>\n\t\t<\/div>\n\t\t\t\t\t<\/div>\n\t\t<\/section>\n\t\t\t\t<section class=\"elementor-section elementor-top-section elementor-element elementor-element-dfd7e90 elementor-section-boxed elementor-section-height-default elementor-section-height-default\" data-id=\"dfd7e90\" data-element_type=\"section\" data-e-type=\"section\">\n\t\t\t\t\t\t<div class=\"elementor-container elementor-column-gap-default\">\n\t\t\t\t\t<div class=\"elementor-column elementor-col-100 elementor-top-column elementor-element elementor-element-e079dc2\" data-id=\"e079dc2\" data-element_type=\"column\" data-e-type=\"column\">\n\t\t\t<div class=\"elementor-widget-wrap elementor-element-populated\">\n\t\t\t\t\t\t<div class=\"elementor-element elementor-element-a3c52f5 elementor-widget elementor-widget-image\" data-id=\"a3c52f5\" data-element_type=\"widget\" data-e-type=\"widget\" data-widget_type=\"image.default\">\n\t\t\t\t<div class=\"elementor-widget-container\">\n\t\t\t\t\t\t\t\t\t\t\t\t\t\t\t\t<a href=\"https:\/\/idaviru.ee\/lv\/adventure25\/\" target=\"_blank\">\n\t\t\t\t\t\t\t<img fetchpriority=\"high\" decoding=\"async\" width=\"1600\" height=\"400\" src=\"https:\/\/idaviru.ee\/wp-content\/uploads\/2025\/02\/Delfi_IV_LV_TALV25__1600-x-400.jpg\" class=\"attachment-full size-full wp-image-2990440\" alt=\"\" srcset=\"\/\/idaviru.ee\/wp-content\/uploads\/2025\/02\/Delfi_IV_LV_TALV25__1600-x-400.jpg 1600w, \/\/idaviru.ee\/wp-content\/uploads\/2025\/02\/Delfi_IV_LV_TALV25__1600-x-400-300x75.jpg 300w, \/\/idaviru.ee\/wp-content\/uploads\/2025\/02\/Delfi_IV_LV_TALV25__1600-x-400-768x192.jpg 768w, \/\/idaviru.ee\/wp-content\/uploads\/2025\/02\/Delfi_IV_LV_TALV25__1600-x-400-1024x256.jpg 1024w, \/\/idaviru.ee\/wp-content\/uploads\/2025\/02\/Delfi_IV_LV_TALV25__1600-x-400-1536x384.jpg 1536w, \/\/idaviru.ee\/wp-content\/uploads\/2025\/02\/Delfi_IV_LV_TALV25__1600-x-400-600x150.jpg 600w\" sizes=\"(max-width: 1600px) 100vw, 1600px\" \/>\t\t\t\t\t\t\t\t<\/a>\n\t\t\t\t\t\t\t\t\t\t\t\t\t\t\t<\/div>\n\t\t\t\t<\/div>\n\t\t\t\t\t<\/div>\n\t\t<\/div>\n\t\t\t\t\t<\/div>\n\t\t<\/section>\n\t\t\t\t<section class=\"elementor-section elementor-top-section elementor-element elementor-element-bbf204f elementor-section-content-middle elementor-section-boxed elementor-section-height-default elementor-section-height-default\" data-id=\"bbf204f\" data-element_type=\"section\" data-e-type=\"section\" data-settings=\"{&quot;background_background&quot;:&quot;classic&quot;}\">\n\t\t\t\t\t\t<div class=\"elementor-container elementor-column-gap-no\">\n\t\t\t\t\t<div class=\"elementor-column elementor-col-100 elementor-top-column elementor-element elementor-element-de0fcf4\" data-id=\"de0fcf4\" data-element_type=\"column\" data-e-type=\"column\">\n\t\t\t<div class=\"elementor-widget-wrap\">\n\t\t\t\t\t\t\t<\/div>\n\t\t<\/div>\n\t\t\t\t\t<\/div>\n\t\t<\/section>\n\t\t\t\t<section class=\"elementor-section elementor-top-section elementor-element elementor-element-06ea442 elementor-section-content-middle footer_block elementor-section-boxed elementor-section-height-default elementor-section-height-default\" data-id=\"06ea442\" data-element_type=\"section\" data-e-type=\"section\" data-settings=\"{&quot;background_background&quot;:&quot;classic&quot;}\">\n\t\t\t\t\t\t<div class=\"elementor-container elementor-column-gap-no\">\n\t\t\t\t\t<div class=\"elementor-column elementor-col-20 elementor-top-column elementor-element elementor-element-02d2dfa\" data-id=\"02d2dfa\" data-element_type=\"column\" data-e-type=\"column\">\n\t\t\t<div class=\"elementor-widget-wrap elementor-element-populated\">\n\t\t\t\t\t\t<div class=\"elementor-element elementor-element-b5182dd elementor-hidden-phone elementor-widget elementor-widget-image\" data-id=\"b5182dd\" data-element_type=\"widget\" data-e-type=\"widget\" data-widget_type=\"image.default\">\n\t\t\t\t<div class=\"elementor-widget-container\">\n\t\t\t\t\t\t\t\t\t\t\t\t\t\t\t<img decoding=\"async\" width=\"800\" height=\"800\" src=\"https:\/\/idaviru.ee\/wp-content\/uploads\/2020\/11\/logo_white.svg\" class=\"attachment-large size-large wp-image-2955050\" alt=\"\" \/>\t\t\t\t\t\t\t\t\t\t\t\t\t\t\t<\/div>\n\t\t\t\t<\/div>\n\t\t\t\t<div class=\"elementor-element elementor-element-59a3f6b elementor-widget elementor-widget-text-editor\" data-id=\"59a3f6b\" data-element_type=\"widget\" data-e-type=\"widget\" data-widget_type=\"text-editor.default\">\n\t\t\t\t<div class=\"elementor-widget-container\">\n\t\t\t\t\t\t\t\t\tSA Ida-Viru<br \/>\r\nEttev\u00f5tluskeskus<br \/>\r\nKeskv\u00e4ljak 4, 41531 J\u00f5hvi<br \/>\r\nTel.: <a href=\"tel:+3723370568\">+372 3370 568<\/a><br \/>\r\n<a href=\"mailto:info@ivek.ee\">info@ivek.ee<\/a>\t\t\t\t\t\t\t\t<\/div>\n\t\t\t\t<\/div>\n\t\t\t\t\t<\/div>\n\t\t<\/div>\n\t\t\t\t<div class=\"elementor-column elementor-col-20 elementor-top-column elementor-element elementor-element-34ddd6d\" data-id=\"34ddd6d\" data-element_type=\"column\" data-e-type=\"column\">\n\t\t\t<div class=\"elementor-widget-wrap elementor-element-populated\">\n\t\t\t\t\t\t<div class=\"elementor-element elementor-element-070de4d elementor-widget elementor-widget-text-editor\" data-id=\"070de4d\" data-element_type=\"widget\" data-e-type=\"widget\" data-widget_type=\"text-editor.default\">\n\t\t\t\t<div class=\"elementor-widget-container\">\n\t\t\t\t\t\t\t\t\tInform\u0101cija par objektiem n\u0101k no Igaunijas t\u016brisma port\u0101la <a href=\"http:\/\/www.puhkaeestis.ee\" target=\"_blank\" rel=\"noopener\">www.puhkaeestis.ee<\/a>\t\t\t\t\t\t\t\t<\/div>\n\t\t\t\t<\/div>\n\t\t\t\t\t<\/div>\n\t\t<\/div>\n\t\t\t\t<div class=\"elementor-column elementor-col-20 elementor-top-column elementor-element elementor-element-f43c4f8 elementor-hidden-tablet elementor-hidden-phone\" data-id=\"f43c4f8\" data-element_type=\"column\" data-e-type=\"column\" data-settings=\"{&quot;background_background&quot;:&quot;gradient&quot;}\">\n\t\t\t<div class=\"elementor-widget-wrap\">\n\t\t\t\t\t\t\t<\/div>\n\t\t<\/div>\n\t\t\t\t<div class=\"elementor-column elementor-col-20 elementor-top-column elementor-element elementor-element-980ab2d\" data-id=\"980ab2d\" data-element_type=\"column\" data-e-type=\"column\">\n\t\t\t<div class=\"elementor-widget-wrap\">\n\t\t\t\t\t\t\t<\/div>\n\t\t<\/div>\n\t\t\t\t<div class=\"elementor-column elementor-col-20 elementor-top-column elementor-element elementor-element-918202c\" data-id=\"918202c\" data-element_type=\"column\" data-e-type=\"column\">\n\t\t\t<div class=\"elementor-widget-wrap elementor-element-populated\">\n\t\t\t\t\t\t<div class=\"elementor-element elementor-element-8ce20a8 elementor-widget elementor-widget-image\" data-id=\"8ce20a8\" data-element_type=\"widget\" data-e-type=\"widget\" data-widget_type=\"image.default\">\n\t\t\t\t<div class=\"elementor-widget-container\">\n\t\t\t\t\t\t\t\t\t\t\t\t\t\t\t<img loading=\"lazy\" decoding=\"async\" width=\"300\" height=\"174\" src=\"https:\/\/idaviru.ee\/wp-content\/uploads\/2024\/01\/Kaasrahastanud_EL_kaksiklogod_ENG_hor_color_RGB-300x174.png\" class=\"attachment-medium size-medium wp-image-2949185\" alt=\"PEEK eng\" srcset=\"\/\/idaviru.ee\/wp-content\/uploads\/2024\/01\/Kaasrahastanud_EL_kaksiklogod_ENG_hor_color_RGB-300x174.png 300w, \/\/idaviru.ee\/wp-content\/uploads\/2024\/01\/Kaasrahastanud_EL_kaksiklogod_ENG_hor_color_RGB-768x446.png 768w, \/\/idaviru.ee\/wp-content\/uploads\/2024\/01\/Kaasrahastanud_EL_kaksiklogod_ENG_hor_color_RGB-600x349.png 600w, \/\/idaviru.ee\/wp-content\/uploads\/2024\/01\/Kaasrahastanud_EL_kaksiklogod_ENG_hor_color_RGB.png 1022w\" sizes=\"(max-width: 300px) 100vw, 300px\" \/>\t\t\t\t\t\t\t\t\t\t\t\t\t\t\t<\/div>\n\t\t\t\t<\/div>\n\t\t\t\t\t<\/div>\n\t\t<\/div>\n\t\t\t\t\t<\/div>\n\t\t<\/section>\n\t\t\t\t<\/div>\n\t\t","protected":false},"excerpt":{"rendered":"<p>Paldies, ka abon\u0113j\u0101t m\u016bsu Zi\u0146u lapu. Sekojiet mums Facebook Ida- Viru draugi Laim\u0113jiet lieliskas br\u012bvdienas vien\u0101 no Igaunijas piedz\u012bvojumiem bag\u0101t\u0101kajiem un p\u0101rsteidzo\u0161\u0101kajiem re\u0123ioniem \u2013 Idaviru apri\u0146\u0137\u012b! Akcijas laik\u0101, 2024. gada 14. febru\u0101r\u012b, starp visiem v\u0113stkopas abonentiem tiks izloz\u0113ts viens uzvar\u0113t\u0101js. Uzvar\u0113t\u0101ja v\u0101rds tiks public\u0113ts t\u016brisma klastera \u201cIda-Virumaa Turismiklaster\u201d m\u0101jaslap\u0101 un soci\u0101lo mediju kan\u0101los. Izlozes organizatori [&hellip;]<\/p>\n","protected":false},"author":39,"featured_media":2949135,"parent":0,"menu_order":0,"comment_status":"closed","ping_status":"closed","template":"elementor_canvas","meta":{"_acf_changed":false,"inline_featured_image":false,"footnotes":""},"class_list":["post-2950785","page","type-page","status-publish","has-post-thumbnail","hentry"],"acf":[],"_links":{"self":[{"href":"https:\/\/idaviru.ee\/lv\/wp-json\/wp\/v2\/pages\/2950785","targetHints":{"allow":["GET"]}}],"collection":[{"href":"https:\/\/idaviru.ee\/lv\/wp-json\/wp\/v2\/pages"}],"about":[{"href":"https:\/\/idaviru.ee\/lv\/wp-json\/wp\/v2\/types\/page"}],"author":[{"embeddable":true,"href":"https:\/\/idaviru.ee\/lv\/wp-json\/wp\/v2\/users\/39"}],"replies":[{"embeddable":true,"href":"https:\/\/idaviru.ee\/lv\/wp-json\/wp\/v2\/comments?post=2950785"}],"version-history":[{"count":0,"href":"https:\/\/idaviru.ee\/lv\/wp-json\/wp\/v2\/pages\/2950785\/revisions"}],"wp:featuredmedia":[{"embeddable":true,"href":"https:\/\/idaviru.ee\/lv\/wp-json\/wp\/v2\/media\/2949135"}],"wp:attachment":[{"href":"https:\/\/idaviru.ee\/lv\/wp-json\/wp\/v2\/media?parent=2950785"}],"curies":[{"name":"wp","href":"https:\/\/api.w.org\/{rel}","templated":true}]}}