{"id":2973767,"date":"2024-05-03T10:18:49","date_gmt":"2024-05-03T07:18:49","guid":{"rendered":"https:\/\/idaviru.ee\/privaatsuspoliitika\/"},"modified":"2024-07-29T11:25:50","modified_gmt":"2024-07-29T08:25:50","slug":"privatuma-politika","status":"publish","type":"page","link":"https:\/\/idaviru.ee\/lv\/privatuma-politika\/","title":{"rendered":"Priv\u0101tuma politika"},"content":{"rendered":"\n<p>Par vietni idaviru.ee atbild\u012bg\u0101 uz\u0146\u0113muma p\u0101rst\u0101vis ir Ida-Viru Entrepreneurship Center SA, re\u0123istr\u0101cijas kods: 90003367. Juridisk\u0101 adrese Keskv\u00e4ljak 4 J\u00f5hvi, J\u00f5hvi pagasts Ida-Virumaa, e-pasts info@ivek.ee.<\/p>\n\n\n\n<p>Vietnes re\u0123istrators: Zone Media O\u00dc (www.zone.ee)<\/p>\n\n\n\n<p>Vietne: www.idaviru.ee<\/p>\n\n\n\n<p>www.idaviru.ee (turpm\u0101k Vietne) ir uz\u0146\u0113mumam Ida-Viru Entrepreneurship Center SA (turpm\u0101k IVEK) piedero\u0161a vietne. Jebk\u0101da \u0161aj\u0101 vietn\u0113 redzam\u0101s inform\u0101cijas, tekstu, att\u0113lu vai jebkura cita informat\u012bv\u0101 materi\u0101la kop\u0113\u0161ana, reproduc\u0113\u0161ana vai izplat\u012b\u0161ana (ne)komerci\u0101los nol\u016bkos bez uz\u0146\u0113muma rakstiskas piekri\u0161anas ir aizliegta.<\/p>\n\n\n\n<p>Ida-Viru Entrepreneurship Center SA neiev\u0101c sensit\u012bvus personas datus (piem\u0113ram, datus par vesel\u012bbas st\u0101vokli vai invalidit\u0101ti), kas noteikti Eiropas Parlamenta un Padomes Regul\u0101 (ES) 2016\/679 (Visp\u0101r\u0113j\u0101 datu aizsardz\u012bbas regula jeb GDPR).<\/p>\n\n\n\n<p>Vietne respekt\u0113 savu lietot\u0101ju priv\u0101tumu un apstr\u0101d\u0101 personas datus saska\u0146\u0101 ar Igaunij\u0101 sp\u0113k\u0101 eso\u0161ajiem personas datu apstr\u0101des likumiem un ties\u012bbu aktiem.<\/p>\n\n\n\n<p>Defin\u012bcijas:<\/p>\n\n\n\n<p>Lietot\u0101js (t\u012bmek\u013ca vietnes apmekl\u0113t\u0101js) ir persona, kas izmanto vai apmekl\u0113 \u0161o vietni.<\/p>\n\n\n\n<p>Personas dati: v\u0101rds, e-pasts, t\u0101lrunis un ar lietot\u0101ju saist\u012bt\u0101s ier\u012bces.<\/p>\n\n\n\n<p>S\u012bkfails ir unik\u0101ls mazs datora koda fragments, ko m\u0113s pie\u0161\u0137iram j\u016bsu t\u012bmek\u013ca p\u0101rl\u016bkprogrammai, kad pirmo reizi apmekl\u0113jat vietni.<\/p>\n\n\n\n<p>Personas identifik\u0101cijas dati<\/p>\n\n\n\n<p>M\u0113s apstr\u0101d\u0101jam Lietot\u0101ja personas datus, piem\u0113ram, ja izmantojat Ida-Viru t\u016brisma klastera pakalpojumus. M\u0113s varam v\u0101kt j\u016bsu personas datus vair\u0101kos veidos, tostarp, bet ne tikai, kad j\u016bs apmekl\u0113jat m\u016bsu vietni, re\u0123istr\u0113jaties vietn\u0113, aizpild\u0101t veidlapu vai anketu vai abon\u0113jat bi\u013cetenu. Ja nepiecie\u0161ams, varam pajaut\u0101t v\u0101rdu un uzv\u0101rdu, e-pasta adresi, t\u0101lru\u0146a numuru. Bet j\u016bs varat ar\u012b apmekl\u0113t m\u016bsu vietni anon\u012bmi. M\u0113s iev\u0101cam personas datus no Lietot\u0101ja tikai tad, ja j\u016bs sniedzat mums \u0161\u0101du inform\u0101ciju br\u012bvpr\u0101t\u012bgi.<\/p>\n\n\n\n<p>M\u0113s varam apkopot j\u016bsu anon\u012bmos un statistiskos datus jebkur\u0101 laik\u0101, kad apmekl\u0113jat m\u016bsu vietni. Tie var ietvert t\u012bmek\u013ca p\u0101rl\u016bkprogrammas nosaukumu, datora veidu un tehnisko inform\u0101ciju par to, kura ier\u012bce, piem\u0113ram, mobilo vai plan\u0161etdatoru utt. Kad apmekl\u0113jat vietni, m\u0113s varam ar\u012b apkopot, piem\u0113ram, inform\u0101ciju par oper\u0113t\u0101jsist\u0113mu un izmantoto interneta pakalpojumu sniedz\u0113ju, k\u0101 ar\u012b citu l\u012bdz\u012bgu inform\u0101ciju.<\/p>\n\n\n\n<p>K\u0101 m\u0113s izmantojam apkopotos personas datus<\/p>\n\n\n\n<p>Vietne var v\u0101kt un izmantot j\u016bsu personas datus \u0161\u0101diem m\u0113r\u0137iem:<\/p>\n\n\n\n<p>M\u016bsu vietne: demonstr\u0113\u0161anai un administr\u0113\u0161anai.Mums var b\u016bt nepiecie\u0161ama Lietot\u0101ja inform\u0101cija, lai pareizi att\u0113lotu Vietnes saturu;<\/p>\n\n\n\n<p>Lai uzlabotu vietni.M\u0113s varam izmantot sniegt\u0101s atsauksmes, lai uzlabotu savus produktus un pakalpojumus;<\/p>\n\n\n\n<p>Personaliz\u0113t lietot\u0101ja pieredzi un nodro\u0161in\u0101t lietot\u0101ja komfortu;<\/p>\n\n\n\n<p>Organiz\u0113t sludin\u0101jumus, totalizatorus, aptaujas un izmantot citas Vietnes funkcijas;<\/p>\n\n\n\n<p>Lai ar j\u016bsu piekri\u0161anu nos\u016bt\u012btu jums pied\u0101v\u0101jumus par t\u0113m\u0101m, kuras, m\u016bsupr\u0101t, var\u0113tu j\u016bs interes\u0113t;<\/p>\n\n\n\n<p>S\u016bt\u012bt jaunumus un pied\u0101v\u0101jumus no Ida-Viru t\u016brisma klastera partneriem. M\u0113s izmantojam autom\u0101tisk\u0101s sist\u0113mas, lai nos\u016bt\u012btu jaunumus, un, ja pats atsak\u0101ties no bi\u013cetena sa\u0146em\u0161anas, j\u016bsu kontaktpersona tiks autom\u0101tiski izdz\u0113sta no saraksta;<\/p>\n\n\n\n<p>Ja m\u0113s apkopojam datus kampa\u0146u ietvaros un ir nepiecie\u0161ams apstr\u0101d\u0101t personas datus, m\u0113s apkopojam un izmantojam \u0161os datus, piem\u0113ram, lai sazin\u0101tos ar uzvar\u0113t\u0101ju, izloz\u0113tu un pieg\u0101d\u0101tu balvu, k\u0101 ar\u012b papildin\u0101tu bi\u013cetenu sarakstu;<\/p>\n\n\n\n<p>M\u0113s nep\u0101rdodam, nemain\u0101m, neiz\u012br\u0113jam, nep\u0101rdodam un nek\u0101d\u0101 cit\u0101 veid\u0101 nenododam tre\u0161aj\u0101m person\u0101m pieejamus Lietot\u0101ja personas datus. M\u0113s varam izmantot tre\u0161o pu\u0161u pakalpojumu sniedz\u0113jus, lai pal\u012bdz\u0113tu mums p\u0101rvald\u012bt savu uz\u0146\u0113m\u0113jdarb\u012bbu un vietni vai veikt darb\u012bbas m\u016bsu v\u0101rd\u0101, piem\u0113ram, s\u016bt\u012bt bi\u013cetenus un \u012bpa\u0161os pied\u0101v\u0101jumus vai aptaujas;<\/p>\n\n\n\n<p>Personas datus m\u0113s apstr\u0101d\u0101jam p\u0113c iesp\u0113jas maz\u0101k, bet p\u0113c nepiecie\u0161am\u012bbas, un tie netiek glab\u0101ti ilg\u0101k (l\u012bdz vienam gadam) nek\u0101 nepiecie\u0161ams, lai izpild\u012btu m\u0113r\u0137us, k\u0101diem personas dati tika v\u0101kti (iz\u0146emot e-pasta m\u0101rketingu, kur dati tiek uzglab\u0101ts septi\u0146us gadus).<\/p>\n\n\n\n<p>Personas datu aizsardz\u012bba un ties\u012bbas un piek\u013cuve datiem<\/p>\n\n\n\n<p>M\u0113s \u012bstenojam datu v\u0101k\u0161anas, uzglab\u0101\u0161anas un apstr\u0101des praksi un dro\u0161\u012bbas pas\u0101kumus, lai aizsarg\u0101tu Lietot\u0101ja datus, kas tiek glab\u0101ti vietn\u0113, no nesankcion\u0113tas piek\u013cuves, p\u0101rveido\u0161anas, izpau\u0161anas vai izn\u012bcin\u0101\u0161anas.<\/p>\n\n\n\n<p>Jums ir ties\u012bbas sa\u0146emt inform\u0101ciju par savu personas datu apstr\u0101di un, ja v\u0113laties, iesniegt mums digit\u0101li parakst\u012btu piepras\u012bjumu. Pirms atbildes snieg\u0161anas p\u0101rliecin\u0101mies, ka piepras\u012bjuma iesniedz\u0113jam ir ties\u012bbas sa\u0146emt datus vai piepras\u012bt k\u0101das darb\u012bbas veik\u0161anu. Tev ir taisn\u012bba:<\/p>\n\n\n\n<p>piepras\u012bt piek\u013cuvi saviem personas datiem;<\/p>\n\n\n\n<p>piepras\u012bt main\u012bt savus personas datus, ja sniedzat mums inform\u0101ciju, kas ir j\u0101maina;<\/p>\n\n\n\n<p>piepras\u012bt savu personas datu dz\u0113\u0161anu. Tas neattiecas uz gad\u012bjumiem, kad personas dati, kurus l\u016bdz dz\u0113st, tiek apstr\u0101d\u0101ti uz cita tiesiska pamata vai ja pien\u0101kums saglab\u0101t datus izriet no ties\u012bbu aktiem;<\/p>\n\n\n\n<p>piepras\u012bt ierobe\u017eot savu personas datu apstr\u0101di;<\/p>\n\n\n\n<p>piepras\u012bt savu personas datu p\u0101rs\u016bt\u012b\u0161anu;<\/p>\n\n\n\n<p>piepras\u012bt atsaukt piekri\u0161anu j\u016bsu personas datu apstr\u0101dei;<\/p>\n\n\n\n<p>iesniegt s\u016bdz\u012bbu uzraudz\u012bbas iest\u0101dei (Datu aizsardz\u012bbas inspekcijai, (info@aki.ee, 627 4135);<\/p>\n\n\n\n<p>jebkur\u0101 laik\u0101 atsaukt savu piekri\u0161anu, tostarp atteikties no informat\u012bv\u0101 izdevuma sa\u0146em\u0161anas. Tom\u0113r piekri\u0161anas atsauk\u0161ana neietekm\u0113 apstr\u0101des likum\u012bbu, kas veikta, pamatojoties uz piekri\u0161anu pirms atsauk\u0161anas.<\/p>\n\n\n\n<p>Vietne var v\u0101kt, apstr\u0101d\u0101t un izmantot j\u016bsu personas datus, tostarp j\u016bsu v\u0101rdu, pasta adresi un mobil\u0101 t\u0101lru\u0146a numuru, k\u0101 ar\u012b inform\u0101ciju par pakalpojumu vai produktu, kuru piepras\u012bj\u0101t saist\u012bb\u0101 ar j\u016bsu veikto pas\u016bt\u012bjumu.<\/p>\n\n\n\n<p>Vietnes dati var tikt apstr\u0101d\u0101ti \u0161\u0101du iemeslu d\u0113\u013c:<\/p>\n\n\n\n<p>nodro\u0161in\u0101t piek\u013cuvi m\u016bsu vietnei, tostarp piek\u013cuvi Vietnes un m\u016bsu partneru pakalpojumiem un produktiem;<\/p>\n\n\n\n<p>apstr\u0101d\u0101t piepras\u012bjumus;<\/p>\n\n\n\n<p>nodro\u0161in\u0101t jums pakalpojumus\/produktus (tikai ar j\u016bsu piekri\u0161anu);<\/p>\n\n\n\n<p>sazin\u0101ties ar vietni apmekl\u0113ju\u0161o personu par sa\u0146emto piepras\u012bjumu vai v\u0113lamajiem pakalpojumiem\/produktiem;<\/p>\n\n\n\n<p>sniegt pakalpojumus\/p\u0101rdot preces, kuras esat piepras\u012bjis;<\/p>\n\n\n\n<p>lai organiz\u0113tu jebk\u0101du maks\u0101jumu apstr\u0101di.<\/p>\n\n\n\n<p>Personas dati tiek glab\u0101ti<\/p>\n\n\n\n<p>Piepras\u012bjumi, kas veikti, izmantojot vietni, tiek glab\u0101ti vienu gadu no piepras\u012bjuma iesnieg\u0161anas br\u012b\u017ea.<\/p>\n\n\n\n<p>S\u012bkdat\u0146u inform\u0101cija<\/p>\n\n\n\n<p>S\u012bkdat\u0146u politika<\/p>\n\n\n\n<p>Kas ir s\u012bkdatnes un k\u0101 m\u0113s t\u0101s izmantojam?<\/p>\n\n\n\n<p>K\u0101 jau ierasts vietn\u0113m, ar\u012b m\u016bsu Vietn\u0113 tiek izmantotas s\u012bkdatnes \u2013 mazi faili, kas tiek lejupiel\u0101d\u0113ti Lietot\u0101ja dator\u0101, lai nodro\u0161in\u0101tu lab\u0101ku lieto\u0161anas pieredzi Vietn\u0113.<\/p>\n\n\n\n<p>Priv\u0101tuma modu\u013ca s\u012bkfailu (ne)apstiprin\u0101\u0161ana<\/p>\n\n\n\n<p>Piekr\u012btot s\u012bkdat\u0146u modulim vietn\u0113, kas atrodas vietnes k\u0101jen\u0113, j\u016bsu piekri\u0161ana tiek saglab\u0101ta uz visiem laikiem \/ past\u0101v\u012bgi, l\u012bdz tiek atjaunin\u0101ta priv\u0101tuma politika. J\u016bs varat izdz\u0113st savu unik\u0101lo s\u012bkfailu kodu no ier\u012bces, p\u0113c kura s\u012bkdat\u0146u inform\u0101cija jums tiks par\u0101d\u012bta v\u0113lreiz (vai noteikt\u0101 laika posm\u0101).<\/p>\n\n\n\n<p>Ja vietn\u0113 nepie\u0146emat s\u012bkdatnes, j\u016bsu l\u0113mums atteikt tiks saglab\u0101ts l\u012bdz br\u012bdim, kad pats to main\u012bsit. J\u016bs to varat main\u012bt jebkur\u0101 laik\u0101.<\/p>\n\n\n\n<p>Vietne var nodot j\u016bsu personas datus tre\u0161o pu\u0161u speci\u0101listiem un\/vai m\u016bsu partnerim apstr\u0101dei Eiropas Ekonomikas zon\u0101. M\u0113s apkopojam datus tikai sapr\u0101t\u012bg\u0101s robe\u017e\u0101s, veicot visus nepiecie\u0161amos pas\u0101kumus, lai nodro\u0161in\u0101tu, ka j\u016bsu personas dati tiek apstr\u0101d\u0101ti dro\u0161i un saska\u0146\u0101 ar priv\u0101tuma principiem.<\/p>\n\n\n\n<p>Tre\u0161\u0101 persona ir uz\u0146\u0113muma l\u012bgumpartneris un\/vai persona, kas to p\u0101rst\u0101v saska\u0146\u0101 ar likumu (piem\u0113ram, PPA), kas apstr\u0101d\u0101 personas datus. Personas dati tre\u0161aj\u0101m person\u0101m tiks izpausti, tikai pamatojoties uz likum\u0101 noteikto punktu un\/vai uz digit\u0101li parakst\u012bta piepras\u012bjuma pamata, uz kuru uz\u0146\u0113mums atbild 30 kalend\u0101ro dienu laik\u0101. \u0160ie piepras\u012bjumi tiek glab\u0101ti arh\u012bv\u0101 5 gadus.<\/p>\n\n\n\n<p>Vietne izmanto s\u012bkdatnes datu v\u0101k\u0161anai. S\u012bkdatne ir neliela datora koda da\u013ca, ko m\u0113s pie\u0161\u0137iram j\u016bsu t\u012bmek\u013ca p\u0101rl\u016bkprogrammai, kad pirmo reizi apmekl\u0113jat vietni. N\u0101kotn\u0113 s\u012bkfaili var pal\u012bdz\u0113t mums nodro\u0161in\u0101t jums unik\u0101lu saturu vai reklam\u0113t j\u016bs (rekl\u0101mas s\u012bkfaili), pamatojoties uz to, ko esat mums atkl\u0101jis par sevi vai k\u0101du saturu esat skat\u012bjis.<\/p>\n\n\n\n<p>Rekl\u0101mas s\u012bkdatnes \u2013 tiek izmantotas m\u016bsu vietn\u0113, lai sniegtu eso\u0161ajiem un topo\u0161ajiem klientiem inform\u0101ciju par m\u016bsu pakalpojumiem\/produktiem da\u017e\u0101d\u0101s rekl\u0101mas platform\u0101s, piem\u0113ram, Google mekl\u0113t\u0101jprogramm\u0101s un soci\u0101lajos medijos (piem\u0113ram, Facebook vai Instagram).<\/p>\n\n\n\n<p>M\u0113s izmantojam ar\u012b da\u013c\u0113ju autom\u0101tisku datu p\u0101rraidi, izmantojot s\u012bkfailus. Uz\u0146\u0113mums nep\u0101rs\u016bt\u012bs j\u016bsu v\u0101rdu, e-pastu vai t\u0101lru\u0146a numuru. Datu p\u0101rs\u016bt\u012b\u0161anai izmantojam IP adresi. Tas ir nepiecie\u0161ams, lai m\u0113s sav\u0101 m\u0101rketinga darb\u0101 var\u0113tu izmantot mums nepiecie\u0161am\u0101s programmas. Piem\u0113ram, Google Analytics un\/vai Facebook Pixel.<\/p>\n\n\n\n<p>Google Analytics https:\/\/marketingplatform.google.com\/about\/analytics\/terms\/us\/<\/p>\n\n\n\n<p>Facebook Pixel https:\/\/www.facebook.com\/privacy\/policy\/?entry_point=data_policy_redirect&amp;entry=0<\/p>\n\n\n\n<p>Ir divu veidu s\u012bkdatnes.<\/p>\n\n\n\n<p>Past\u0101v\u012bg\u0101s s\u012bkdatnes past\u0101v\u012bgi paliek s\u012bkfailu fail\u0101 lietot\u0101ja dator\u0101. Tos var izmantot, piem\u0113ram, lai atpaz\u012btu lietot\u0101ju k\u0101 atk\u0101rtotu vietnes apmekl\u0113t\u0101ju, lai piel\u0101gotu vietnes saturu atbilsto\u0161i lietot\u0101ja vajadz\u012bb\u0101m vai apkopotu statistikas datus.<\/p>\n\n\n\n<p>Sesijas s\u012bkfaili ir \u012bslaic\u012bgi un paz\u016bd, kad lietot\u0101js atst\u0101j vietni vai aizver p\u0101rl\u016bkprogrammu. Sesijas s\u012bkfailus var izmantot, lai iesp\u0113jotu noteiktas vietnes funkcijas, piem\u0113ram, pakalpojuma vai produkta piepras\u012b\u0161anai utt.<\/p>\n\n\n\n<p><strong>S\u012bkdat\u0146u inform\u0101cija<\/strong><\/p>\n\n\n\n        <div class=\"ct-ultimate-gdpr-container\">\n            <label for=\"ct-ultimate-gdpr-party-filter\"> First or Third Party Filter<\/label>\n            <select name=\"ct-ultimate-gdpr-party-filter\" id=\"ct-ultimate-gdpr-party-filter\">\n                <option value=\"\">Any<\/option>\n                <option value=\"First party\">First party<\/option>\n                <option value=\"Third party\">Third party<\/option>\n            <\/select>\n        <\/div>\n        <div id=\"ct-ultimate-gdpr-cookies-table\" class=\"ct-ultimate-gdpr-table-responsive table-responsive\">\n            <table>\n                <thead>\n                    <tr>\n                        <th>\n                            Cookie names                        <\/th>\n                        <th>\n                            Type of cookie                        <\/th>\n                        <th>\n                            First or Third party                        <\/th>\n                        <th>\n                            Can be blocked                        <\/th>\n                        <th>\n                            Session or Persistent                        <\/th>\n                        <th>\n                            Expiry Time                        <\/th>\n                        <th>\n                            Purpose                        <\/th>\n                    <\/tr>\n                <\/thead>\n                <tbody><\/tbody>\n            <\/table>\n        <\/div>\n\t\t\n\n\n\n<p>Programmas izmanto apmekl\u0113t\u0101ju piepras\u012bjumus vai jebk\u0101d\u0101 veid\u0101 p\u0101rraid\u012bto inform\u0101ciju, lai nov\u0113rt\u0113tu vietnes izmanto\u0161anu, lai uzlabotu lietot\u0101ju \u0113rt\u012bbas. Tas pal\u012bdz pilnveidot vietni, lai t\u0101 turpm\u0101k b\u016btu \u0113rt\u0101ka m\u0101jas lapas apmekl\u0113t\u0101jam.<\/p>\n\n\n\n<p>Ja nev\u0113laties pie\u0146emt s\u012bkfailus, vienm\u0113r varat to atz\u012bm\u0113t sav\u0101 t\u012bmek\u013ca p\u0101rl\u016bkprogramm\u0101. Pla\u0161\u0101ku inform\u0101ciju par to varat ieg\u016bt no t\u012bmek\u013ca p\u0101rl\u016bkprogrammas veidot\u0101ja. Ja s\u012bkdatnes ir atsp\u0113jotas, da\u017eas m\u016bsu t\u012bmek\u013ca vietnes funkcijas var nedarboties vai da\u017ei pakalpojumi jums var neb\u016bt pieejami.<\/p>\n\n\n\n<p>Vietnes apmekl\u0113t\u0101js jebkur\u0101 laik\u0101 var aizliegt Google Analytics v\u0101kt savus datus. Lai to izdar\u012btu, vietnes apmekl\u0113t\u0101jam no vietnes ir j\u0101lejupiel\u0101d\u0113 atbilsto\u0161ais p\u0101rl\u016bkprogrammas papildin\u0101juma modulis (spraudnis) un j\u0101pievieno tas savam p\u0101rl\u016bkprogrammai: www.tools.google.com\/dlpage\/gaoptout?hl=lv<\/p>\n\n\n\n<p>Ja jums ir v\u0113l k\u0101di jaut\u0101jumi par p\u0101rl\u016bkprogrammas s\u012bkdat\u0146u izmanto\u0161anu vietn\u0113, l\u016bdzu, nevilcinieties sazin\u0101ties ar mums pa e-pastu. Atg\u0101din\u0101m, ka personas dati netiks izpausti tre\u0161aj\u0101m person\u0101m uz vienk\u0101r\u0161as v\u0113stules pamata.<\/p>\n\n\n\n<p>Vietnes apmekl\u0113t\u0101ju profil\u0113\u0161ana<\/p>\n\n\n\n<p>Vietne var izmantot vietnes lietot\u0101ju statistikas datus, lai analiz\u0113tu saist\u012bt\u0101s tendences un demogr\u0101fiskos datus, ta\u010du vietnes \u012bpa\u0161nieks neveido atsevi\u0161\u0137us vietnes apmekl\u0113t\u0101ju profilus. Profil\u0113\u0161ana tiek veikta visp\u0101rin\u0101t\u0101 veid\u0101 un pamatojoties uz grup\u0113\u0161anas principu.<\/p>\n\n\n\n<p>Iek\u0161\u0113j\u0101s un \u0101r\u0113j\u0101s saites uz vietni<\/p>\n\n\n\n<p>Vietn\u0113 eso\u0161\u0101s saites s\u0101kas ar kodeleht.ee un ir dom\u0113na iek\u0161ien\u0113, kas noz\u012bm\u0113, ka m\u0113s esam atbild\u012bgi par to dro\u0161\u012bbu.<\/p>\n\n\n\n<p>\u0100r\u0113jo sai\u0161u ievieto\u0161ana vietn\u0113 nenoz\u012bm\u0113 \u0161\u012bs vietnes un\/vai t\u0101s satura apstiprin\u0101\u0161anu. M\u0113s neesam atbild\u012bgi par vi\u0146u dro\u0161\u012bbu.<\/p>\n\n\n\n<p>\u0160\u012bs lapas var v\u0101kt datus par jums, aizst\u0101t s\u012bkfailus vai p\u0101rs\u016bt\u012bt j\u016bsu datus tre\u0161aj\u0101m person\u0101m.<\/p>\n\n\n\n<p>Vietnes iek\u0161\u0113j\u0101s un \u0101r\u0113j\u0101s s\u012bkdatnes (s\u012bkdatnes)<\/p>\n\n\n\n<p>Iek\u0161\u0113j\u0101s s\u012bkdatnes \u2013 iek\u0161\u0113j\u0101s s\u012bkdatnes, ko izmanto administrators, ir dro\u0161as lietot\u0101ja ier\u012bcei.<\/p>\n\n\n\n<p>\u0100r\u0113j\u0101s s\u012bkdatnes \u2013 administrators nav atbild\u012bgs par vietnes partneru s\u012bkdat\u0146u dro\u0161\u012bbu. Partneru sarakstu var atrast m\u016bsu m\u0101jas lap\u0101.<\/p>\n\n\n\n<p>\u0160\u012bs lapas var apkopot datus par jums<\/p>\n\n\n\n<p>Vietne izmanto HTTPS savienojumu. Piek\u013cuve vietnei ar HTTPS vai \u0161ifr\u0113tu savienojumu paties\u012bb\u0101 ir \u013coti svar\u012bga. Datu ievad\u012b\u0161ana ne\u0161ifr\u0113t\u0101 lap\u0101 ir tikpat nedro\u0161a k\u0101 biroja durvju atsl\u0113g\u0161ana vai PIN koda ierakst\u012b\u0161ana bankas kart\u0113. Visa inform\u0101cija, kas p\u0101rvietojas internet\u0101 bez HTTPS (SSL) protokola, b\u016bt\u012bb\u0101 ir publiska. Tas jo \u012bpa\u0161i attiecas uz publisku, koplietotu vai Wi-Fi t\u012bkla savienojumu.<\/p>\n\n\n\n<p>E-pasta m\u0101rketings vai tie\u0161ais m\u0101rketings<\/p>\n\n\n\n<p>Uz\u0146\u0113mums e-pasta m\u0101rketingam izmanto \u0161\u0101du partneri: Smaily.com<\/p>\n\n\n\n<p>Pievienojoties Sabiedr\u012bbas tie\u0161ajam m\u0101rketingam m\u0101jaslap\u0101 (\u0161eit j\u0101\u0146em v\u0113r\u0101, ka gad\u012bjum\u0101, ja abonements ir \u0101rpus m\u0101jas lapas, klients par to ir j\u0101inform\u0113), es dodu savu piekri\u0161anu, nospie\u017eot pogu &#8220;piekr\u012btu priv\u0101tuma noteikumiem&#8221; un piekr\u012btu ar\u012b sa\u0146emt jaunumus 1-2 reizes m\u0113nes\u012b.<\/p>\n\n\n\n<p>Tie\u0161\u0101 m\u0101rketinga inform\u0101cija tiek glab\u0101ta katram klientam atbilsto\u0161i Eiropas Savien\u012bbas pras\u012bb\u0101m.<\/p>\n\n\n\n<p>Tie\u0161\u0101 m\u0101rketinga zi\u0146ojumu nos\u016bt\u012b\u0161anai tiek izmantots e-pasts un t\u0101lru\u0146a numurs (ja nepiecie\u0161ams, ar\u012b v\u0101rds), ja lietot\u0101js ir devis savu piekri\u0161anu. Ja lietot\u0101js nev\u0113las sa\u0146emt tie\u0161\u0101 m\u0101rketinga zi\u0146ojumus, vi\u0146am e-pasta k\u0101jen\u0113 j\u0101izv\u0113las atbilsto\u0161\u0101 atsauce un par to j\u0101inform\u0113.<\/p>\n\n\n\n<p>Ja personas dati tiek apstr\u0101d\u0101ti tie\u0161\u0101 m\u0101rketinga (profil\u0113\u0161anas) nol\u016bkos, klientam ir ties\u012bbas jebkur\u0101 laik\u0101 atteikt gan s\u0101kotn\u0113jo, gan turpm\u0101ko savu personas datu apstr\u0101di, tai skait\u0101 profila anal\u012bzi saist\u012bb\u0101 ar tie\u0161o m\u0101rketingu, un iesniegt piepras\u012bjumu (iz\u0146emot bi\u013cetenu* vai rakstot e-pastu) uz\u0146\u0113mumam pa e-pastu (atbilsto\u0161\u0101 inform\u0101cija ir j\u0101sniedz skaidri un atsevi\u0161\u0137i no jebkuras citas inform\u0101cijas).<\/p>\n\n\n\n<p>*Ja iziesiet no tie\u0161\u0101 m\u0101rketinga saraksta, j\u016bsu piepras\u012bjums st\u0101sies sp\u0113k\u0101 nekav\u0113joties, un uz\u0146\u0113mums no \u0161\u012b datuma jums vairs nes\u016bt\u012bs tie\u0161\u0101 m\u0101rketinga inform\u0101ciju.<\/p>\n\n\n\n<p>Klientu dati, kas saist\u012bti ar tie\u0161o m\u0101rketingu, tiek glab\u0101ti pie m\u016bsu partneriem l\u012bdz septi\u0146iem gadiem.<\/p>\n\n\n\n<p>Priv\u0101tuma politika izveidota: 2024.&nbsp;gada 10.&nbsp;j\u016bnij\u0101<\/p>\n","protected":false},"excerpt":{"rendered":"<p>Par vietni idaviru.ee atbild\u012bg\u0101 uz\u0146\u0113muma p\u0101rst\u0101vis ir Ida-Viru Entrepreneurship Center SA, re\u0123istr\u0101cijas kods: 90003367. Juridisk\u0101 adrese Keskv\u00e4ljak 4 J\u00f5hvi, J\u00f5hvi pagasts Ida-Virumaa, e-pasts info@ivek.ee. Vietnes re\u0123istrators: Zone Media O\u00dc (www.zone.ee) Vietne: www.idaviru.ee www.idaviru.ee (turpm\u0101k Vietne) ir uz\u0146\u0113mumam Ida-Viru Entrepreneurship Center SA (turpm\u0101k IVEK) piedero\u0161a vietne. Jebk\u0101da \u0161aj\u0101 vietn\u0113 redzam\u0101s inform\u0101cijas, tekstu, att\u0113lu vai jebkura cita [&hellip;]<\/p>\n","protected":false},"author":39,"featured_media":0,"parent":0,"menu_order":0,"comment_status":"closed","ping_status":"closed","template":"page-templates\/page-fw.php","meta":{"_acf_changed":false,"inline_featured_image":false,"footnotes":""},"class_list":["post-2973767","page","type-page","status-publish","hentry"],"acf":[],"_links":{"self":[{"href":"https:\/\/idaviru.ee\/lv\/wp-json\/wp\/v2\/pages\/2973767","targetHints":{"allow":["GET"]}}],"collection":[{"href":"https:\/\/idaviru.ee\/lv\/wp-json\/wp\/v2\/pages"}],"about":[{"href":"https:\/\/idaviru.ee\/lv\/wp-json\/wp\/v2\/types\/page"}],"author":[{"embeddable":true,"href":"https:\/\/idaviru.ee\/lv\/wp-json\/wp\/v2\/users\/39"}],"replies":[{"embeddable":true,"href":"https:\/\/idaviru.ee\/lv\/wp-json\/wp\/v2\/comments?post=2973767"}],"version-history":[{"count":0,"href":"https:\/\/idaviru.ee\/lv\/wp-json\/wp\/v2\/pages\/2973767\/revisions"}],"wp:attachment":[{"href":"https:\/\/idaviru.ee\/lv\/wp-json\/wp\/v2\/media?parent=2973767"}],"curies":[{"name":"wp","href":"https:\/\/api.w.org\/{rel}","templated":true}]}}