{"id":2980846,"date":"2020-10-20T08:20:49","date_gmt":"2020-10-20T08:20:49","guid":{"rendered":"https:\/\/idaviru.ee\/blogi-ja-uutiset\/"},"modified":"2024-11-26T16:30:26","modified_gmt":"2024-11-26T14:30:26","slug":"blogs-un-zinas","status":"publish","type":"page","link":"https:\/\/idaviru.ee\/lv\/blogs-un-zinas\/","title":{"rendered":"Blogs un zi\u0146as"},"content":{"rendered":"\t\t<div data-elementor-type=\"wp-page\" data-elementor-id=\"2980846\" class=\"elementor elementor-2980846 elementor-1770834\" data-elementor-post-type=\"page\">\n\t\t\t\t\t\t<section class=\"elementor-section elementor-top-section elementor-element elementor-element-44b8fb5e elementor-section-boxed elementor-section-height-default elementor-section-height-default\" data-id=\"44b8fb5e\" data-element_type=\"section\" data-e-type=\"section\">\n\t\t\t\t\t\t<div class=\"elementor-container elementor-column-gap-default\">\n\t\t\t\t\t<div class=\"elementor-column elementor-col-100 elementor-top-column elementor-element elementor-element-713aae3a\" data-id=\"713aae3a\" data-element_type=\"column\" data-e-type=\"column\">\n\t\t\t<div class=\"elementor-widget-wrap elementor-element-populated\">\n\t\t\t\t\t\t<div class=\"elementor-element elementor-element-471800b9 elementor-widget__width-inherit elementor-widget elementor-widget-heading\" data-id=\"471800b9\" data-element_type=\"widget\" data-e-type=\"widget\" data-widget_type=\"heading.default\">\n\t\t\t\t<div class=\"elementor-widget-container\">\n\t\t\t\t\t<h1 class=\"elementor-heading-title elementor-size-default\">Blogs un zi\u0146as<\/h1>\t\t\t\t<\/div>\n\t\t\t\t<\/div>\n\t\t\t\t<div class=\"elementor-element elementor-element-9d25f82 elementor-grid-4 homeh elementor-grid-tablet-2 elementor-grid-mobile-1 elementor-posts--thumbnail-top elementor-card-shadow-yes elementor-posts__hover-gradient elementor-widget elementor-widget-posts\" data-id=\"9d25f82\" data-element_type=\"widget\" data-e-type=\"widget\" data-settings=\"{&quot;cards_columns&quot;:&quot;4&quot;,&quot;cards_columns_tablet&quot;:&quot;2&quot;,&quot;cards_columns_mobile&quot;:&quot;1&quot;,&quot;cards_row_gap&quot;:{&quot;unit&quot;:&quot;px&quot;,&quot;size&quot;:35,&quot;sizes&quot;:[]},&quot;cards_row_gap_tablet&quot;:{&quot;unit&quot;:&quot;px&quot;,&quot;size&quot;:&quot;&quot;,&quot;sizes&quot;:[]},&quot;cards_row_gap_mobile&quot;:{&quot;unit&quot;:&quot;px&quot;,&quot;size&quot;:&quot;&quot;,&quot;sizes&quot;:[]}}\" data-widget_type=\"posts.cards\">\n\t\t\t\t<div class=\"elementor-widget-container\">\n\t\t\t\t\t\t\t<div class=\"elementor-posts-container elementor-posts elementor-posts--skin-cards elementor-grid\" role=\"list\">\n\t\t\t\t<article class=\"elementor-post elementor-grid-item post-2942221 post type-post status-publish format-standard has-post-thumbnail hentry category-inspiratsiooniks tag-lat24\" role=\"listitem\">\n\t\t\t<div class=\"elementor-post__card\">\n\t\t\t\t<a class=\"elementor-post__thumbnail__link\" href=\"https:\/\/idaviru.ee\/lv\/atklaj-ida-viru-igaunija-apmeklejot-sillame\/\" tabindex=\"-1\" ><div class=\"elementor-post__thumbnail\"><img fetchpriority=\"high\" decoding=\"async\" width=\"800\" height=\"534\" src=\"https:\/\/idaviru.ee\/wp-content\/uploads\/2023\/08\/SvenZacek_Sillamae_26-1024x683.jpg\" class=\"attachment-large size-large wp-image-2942222\" alt=\"Sillam\u00e4e\" srcset=\"\/\/idaviru.ee\/wp-content\/uploads\/2023\/08\/SvenZacek_Sillamae_26-1024x683.jpg 1024w, \/\/idaviru.ee\/wp-content\/uploads\/2023\/08\/SvenZacek_Sillamae_26-300x200.jpg 300w, \/\/idaviru.ee\/wp-content\/uploads\/2023\/08\/SvenZacek_Sillamae_26-768x512.jpg 768w, \/\/idaviru.ee\/wp-content\/uploads\/2023\/08\/SvenZacek_Sillamae_26-1536x1024.jpg 1536w, \/\/idaviru.ee\/wp-content\/uploads\/2023\/08\/SvenZacek_Sillamae_26-2048x1365.jpg 2048w, \/\/idaviru.ee\/wp-content\/uploads\/2023\/08\/SvenZacek_Sillamae_26-600x400.jpg 600w, \/\/idaviru.ee\/wp-content\/uploads\/2023\/08\/SvenZacek_Sillamae_26-90x60.jpg 90w, \/\/idaviru.ee\/wp-content\/uploads\/2023\/08\/SvenZacek_Sillamae_26-135x90.jpg 135w\" sizes=\"(max-width: 800px) 100vw, 800px\" \/><\/div><\/a>\n\t\t\t\t<div class=\"elementor-post__badge\">Inspiratsioon<\/div>\n\t\t\t\t<div class=\"elementor-post__text\">\n\t\t\t\t<div class=\"elementor-post__title\">\n\t\t\t<a href=\"https:\/\/idaviru.ee\/lv\/atklaj-ida-viru-igaunija-apmeklejot-sillame\/\" >\n\t\t\t\tSlepen\u0101 pils\u0113ta Sillam\u0113 &#8211; piej\u016bras p\u0113rle tikai 5 stundas no R\u012bgas\t\t\t<\/a>\n\t\t<\/div>\n\t\t\t\t<\/div>\n\t\t\t\t<div class=\"elementor-post__meta-data\">\n\t\t\t\t\t<span class=\"elementor-post-date\">\n\t\t\t23.08.2023\t\t<\/span>\n\t\t\t\t<\/div>\n\t\t\t\t\t<\/div>\n\t\t<\/article>\n\t\t\t\t<article class=\"elementor-post elementor-grid-item post-3004884 post type-post status-publish format-standard has-post-thumbnail hentry category-blog tag-spring-blog26-lv tag-adve26\" role=\"listitem\">\n\t\t\t<div class=\"elementor-post__card\">\n\t\t\t\t<a class=\"elementor-post__thumbnail__link\" href=\"https:\/\/idaviru.ee\/lv\/ida-viru-2026-7-iemesli-kapec-apmeklet-igaunijas-ziemelaustrumus\/\" tabindex=\"-1\" ><div class=\"elementor-post__thumbnail\"><img decoding=\"async\" width=\"800\" height=\"533\" src=\"https:\/\/idaviru.ee\/wp-content\/uploads\/2026\/03\/54770091108_01bc784c3d_o.jpg\" class=\"attachment-large size-large wp-image-3004744\" alt=\"\" \/><\/div><\/a>\n\t\t\t\t<div class=\"elementor-post__badge\">Blog<\/div>\n\t\t\t\t<div class=\"elementor-post__text\">\n\t\t\t\t<div class=\"elementor-post__title\">\n\t\t\t<a href=\"https:\/\/idaviru.ee\/lv\/ida-viru-2026-7-iemesli-kapec-apmeklet-igaunijas-ziemelaustrumus\/\" >\n\t\t\t\tIda-Viru 2026: 7 iemesli, k\u0101p\u0113c \u0161ogad apmekl\u0113t Igaunijas zieme\u013caustrumus\t\t\t<\/a>\n\t\t<\/div>\n\t\t\t\t<\/div>\n\t\t\t\t<div class=\"elementor-post__meta-data\">\n\t\t\t\t\t<span class=\"elementor-post-date\">\n\t\t\t20.03.2026\t\t<\/span>\n\t\t\t\t<\/div>\n\t\t\t\t\t<\/div>\n\t\t<\/article>\n\t\t\t\t<article class=\"elementor-post elementor-grid-item post-3004343 post type-post status-publish format-standard has-post-thumbnail hentry category-blog\" role=\"listitem\">\n\t\t\t<div class=\"elementor-post__card\">\n\t\t\t\t<a class=\"elementor-post__thumbnail__link\" href=\"https:\/\/idaviru.ee\/lv\/2-dienas-toila-sillamae-spa-oru-parks\/\" tabindex=\"-1\" ><div class=\"elementor-post__thumbnail\"><img decoding=\"async\" width=\"800\" height=\"533\" src=\"https:\/\/idaviru.ee\/wp-content\/uploads\/2025\/01\/Paasupesa-Toilas-Oru-pargis_Sven-Zacek-2048x1365.jpg.webp\" class=\"attachment-large size-large wp-image-2989236\" alt=\"\" \/><\/div><\/a>\n\t\t\t\t<div class=\"elementor-post__badge\">Blog<\/div>\n\t\t\t\t<div class=\"elementor-post__text\">\n\t\t\t\t<div class=\"elementor-post__title\">\n\t\t\t<a href=\"https:\/\/idaviru.ee\/lv\/2-dienas-toila-sillamae-spa-oru-parks\/\" >\n\t\t\t\tV\u0113sturiskais mantojums Toil\u0101 un Sillam\u0113 \u2013 spa atp\u016bta, Oru parks un r\u016bpniec\u012bbas v\u0113stures nosl\u0113pumi\t\t\t<\/a>\n\t\t<\/div>\n\t\t\t\t<\/div>\n\t\t\t\t<div class=\"elementor-post__meta-data\">\n\t\t\t\t\t<span class=\"elementor-post-date\">\n\t\t\t23.02.2026\t\t<\/span>\n\t\t\t\t<\/div>\n\t\t\t\t\t<\/div>\n\t\t<\/article>\n\t\t\t\t<article class=\"elementor-post elementor-grid-item post-3004355 post type-post status-publish format-standard has-post-thumbnail hentry category-blog\" role=\"listitem\">\n\t\t\t<div class=\"elementor-post__card\">\n\t\t\t\t<a class=\"elementor-post__thumbnail__link\" href=\"https:\/\/idaviru.ee\/lv\/muizas-spa-sarms-un-pazemes-piedzivojums-ida-viru-elegance-virs-zemes-adrenalins-pazeme\/\" tabindex=\"-1\" ><div class=\"elementor-post__thumbnail\"><img loading=\"lazy\" decoding=\"async\" width=\"800\" height=\"565\" src=\"https:\/\/idaviru.ee\/wp-content\/uploads\/2023\/07\/Saka-Mois.png\" class=\"attachment-large size-large wp-image-2940896\" alt=\"\" srcset=\"\/\/idaviru.ee\/wp-content\/uploads\/2023\/07\/Saka-Mois.png 842w, \/\/idaviru.ee\/wp-content\/uploads\/2023\/07\/Saka-Mois-300x212.png 300w, \/\/idaviru.ee\/wp-content\/uploads\/2023\/07\/Saka-Mois-768x543.png 768w, \/\/idaviru.ee\/wp-content\/uploads\/2023\/07\/Saka-Mois-600x424.png 600w, \/\/idaviru.ee\/wp-content\/uploads\/2023\/07\/Saka-Mois-85x60.png 85w, \/\/idaviru.ee\/wp-content\/uploads\/2023\/07\/Saka-Mois-127x90.png 127w\" sizes=\"(max-width: 800px) 100vw, 800px\" \/><\/div><\/a>\n\t\t\t\t<div class=\"elementor-post__badge\">Blog<\/div>\n\t\t\t\t<div class=\"elementor-post__text\">\n\t\t\t\t<div class=\"elementor-post__title\">\n\t\t\t<a href=\"https:\/\/idaviru.ee\/lv\/muizas-spa-sarms-un-pazemes-piedzivojums-ida-viru-elegance-virs-zemes-adrenalins-pazeme\/\" >\n\t\t\t\tMui\u017eas spa \u0161arms un pazemes piedz\u012bvojums Ida-Viru \u2013 elegance virs zemes, adrenal\u012bns pazem\u0113\t\t\t<\/a>\n\t\t<\/div>\n\t\t\t\t<\/div>\n\t\t\t\t<div class=\"elementor-post__meta-data\">\n\t\t\t\t\t<span class=\"elementor-post-date\">\n\t\t\t22.02.2026\t\t<\/span>\n\t\t\t\t<\/div>\n\t\t\t\t\t<\/div>\n\t\t<\/article>\n\t\t\t\t<article class=\"elementor-post elementor-grid-item post-3004443 post type-post status-publish format-standard has-post-thumbnail hentry category-blog\" role=\"listitem\">\n\t\t\t<div class=\"elementor-post__card\">\n\t\t\t\t<a class=\"elementor-post__thumbnail__link\" href=\"https:\/\/idaviru.ee\/lv\/miers-peipusa-ezera-krasta-ida-viru\/\" tabindex=\"-1\" ><div class=\"elementor-post__thumbnail\"><img loading=\"lazy\" decoding=\"async\" width=\"800\" height=\"600\" src=\"https:\/\/idaviru.ee\/wp-content\/uploads\/2025\/01\/Kauksi_Hetkeline6-2048x1536.jpg.webp\" class=\"attachment-large size-large wp-image-2989291\" alt=\"\" \/><\/div><\/a>\n\t\t\t\t<div class=\"elementor-post__badge\">Blog<\/div>\n\t\t\t\t<div class=\"elementor-post__text\">\n\t\t\t\t<div class=\"elementor-post__title\">\n\t\t\t<a href=\"https:\/\/idaviru.ee\/lv\/miers-peipusa-ezera-krasta-ida-viru\/\" >\n\t\t\t\tPeipusa ezera dziedo\u0161\u0101s smiltis: mier\u012bga \u0123imenes atp\u016bta Ida-Viru\t\t\t<\/a>\n\t\t<\/div>\n\t\t\t\t<\/div>\n\t\t\t\t<div class=\"elementor-post__meta-data\">\n\t\t\t\t\t<span class=\"elementor-post-date\">\n\t\t\t22.02.2026\t\t<\/span>\n\t\t\t\t<\/div>\n\t\t\t\t\t<\/div>\n\t\t<\/article>\n\t\t\t\t<article class=\"elementor-post elementor-grid-item post-3004450 post type-post status-publish format-standard has-post-thumbnail hentry category-blog\" role=\"listitem\">\n\t\t\t<div class=\"elementor-post__card\">\n\t\t\t\t<a class=\"elementor-post__thumbnail__link\" href=\"https:\/\/idaviru.ee\/lv\/station-narva-rudens-festivals-narva\/\" tabindex=\"-1\" ><div class=\"elementor-post__thumbnail\"><img loading=\"lazy\" decoding=\"async\" width=\"800\" height=\"592\" src=\"https:\/\/idaviru.ee\/wp-content\/uploads\/2022\/09\/Kimmo-Pohjonen-Narva-Station-2022_-photo-Egidio-Santos-1024x758.jpg\" class=\"attachment-large size-large wp-image-2709065\" alt=\"\" srcset=\"\/\/idaviru.ee\/wp-content\/uploads\/2022\/09\/Kimmo-Pohjonen-Narva-Station-2022_-photo-Egidio-Santos-1024x758.jpg 1024w, \/\/idaviru.ee\/wp-content\/uploads\/2022\/09\/Kimmo-Pohjonen-Narva-Station-2022_-photo-Egidio-Santos-300x222.jpg 300w, \/\/idaviru.ee\/wp-content\/uploads\/2022\/09\/Kimmo-Pohjonen-Narva-Station-2022_-photo-Egidio-Santos-768x568.jpg 768w, \/\/idaviru.ee\/wp-content\/uploads\/2022\/09\/Kimmo-Pohjonen-Narva-Station-2022_-photo-Egidio-Santos-1536x1136.jpg 1536w, \/\/idaviru.ee\/wp-content\/uploads\/2022\/09\/Kimmo-Pohjonen-Narva-Station-2022_-photo-Egidio-Santos-600x444.jpg 600w, \/\/idaviru.ee\/wp-content\/uploads\/2022\/09\/Kimmo-Pohjonen-Narva-Station-2022_-photo-Egidio-Santos-81x60.jpg 81w, \/\/idaviru.ee\/wp-content\/uploads\/2022\/09\/Kimmo-Pohjonen-Narva-Station-2022_-photo-Egidio-Santos-122x90.jpg 122w, \/\/idaviru.ee\/wp-content\/uploads\/2022\/09\/Kimmo-Pohjonen-Narva-Station-2022_-photo-Egidio-Santos.jpg 2048w\" sizes=\"(max-width: 800px) 100vw, 800px\" \/><\/div><\/a>\n\t\t\t\t<div class=\"elementor-post__badge\">Blog<\/div>\n\t\t\t\t<div class=\"elementor-post__text\">\n\t\t\t\t<div class=\"elementor-post__title\">\n\t\t\t<a href=\"https:\/\/idaviru.ee\/lv\/station-narva-rudens-festivals-narva\/\" >\n\t\t\t\tStation Narva apmekl\u0113jums ruden\u012b \u2013 kult\u016bras festiv\u0101ls, kas neatst\u0101j vienaldz\u012bgu\t\t\t<\/a>\n\t\t<\/div>\n\t\t\t\t<\/div>\n\t\t\t\t<div class=\"elementor-post__meta-data\">\n\t\t\t\t\t<span class=\"elementor-post-date\">\n\t\t\t22.02.2026\t\t<\/span>\n\t\t\t\t<\/div>\n\t\t\t\t\t<\/div>\n\t\t<\/article>\n\t\t\t\t<article class=\"elementor-post elementor-grid-item post-3004341 post type-post status-publish format-standard has-post-thumbnail hentry category-blog\" role=\"listitem\">\n\t\t\t<div class=\"elementor-post__card\">\n\t\t\t\t<a class=\"elementor-post__thumbnail__link\" href=\"https:\/\/idaviru.ee\/lv\/nedelas-nogale-narva-jesu-narva\/\" tabindex=\"-1\" ><div class=\"elementor-post__thumbnail\"><img loading=\"lazy\" decoding=\"async\" width=\"800\" height=\"534\" src=\"https:\/\/idaviru.ee\/wp-content\/uploads\/2024\/01\/29.Promenaadid-Narva-SvenZacek-1024x683.jpg\" class=\"attachment-large size-large wp-image-2949135\" alt=\"\" srcset=\"\/\/idaviru.ee\/wp-content\/uploads\/2024\/01\/29.Promenaadid-Narva-SvenZacek-1024x683.jpg 1024w, \/\/idaviru.ee\/wp-content\/uploads\/2024\/01\/29.Promenaadid-Narva-SvenZacek-300x200.jpg 300w, \/\/idaviru.ee\/wp-content\/uploads\/2024\/01\/29.Promenaadid-Narva-SvenZacek-768x512.jpg 768w, \/\/idaviru.ee\/wp-content\/uploads\/2024\/01\/29.Promenaadid-Narva-SvenZacek-1536x1024.jpg 1536w, \/\/idaviru.ee\/wp-content\/uploads\/2024\/01\/29.Promenaadid-Narva-SvenZacek-2048x1365.jpg 2048w, \/\/idaviru.ee\/wp-content\/uploads\/2024\/01\/29.Promenaadid-Narva-SvenZacek-600x400.jpg 600w\" sizes=\"(max-width: 800px) 100vw, 800px\" \/><\/div><\/a>\n\t\t\t\t<div class=\"elementor-post__badge\">Blog<\/div>\n\t\t\t\t<div class=\"elementor-post__text\">\n\t\t\t\t<div class=\"elementor-post__title\">\n\t\t\t<a href=\"https:\/\/idaviru.ee\/lv\/nedelas-nogale-narva-jesu-narva\/\" >\n\t\t\t\tRomantiska ned\u0113\u013cas nogale Narv\u0101 un Narva J\u0113s\u016b &#8211; da\u017eu stundu braucien\u0101 no R\u012bgas\t\t\t<\/a>\n\t\t<\/div>\n\t\t\t\t<\/div>\n\t\t\t\t<div class=\"elementor-post__meta-data\">\n\t\t\t\t\t<span class=\"elementor-post-date\">\n\t\t\t22.02.2026\t\t<\/span>\n\t\t\t\t<\/div>\n\t\t\t\t\t<\/div>\n\t\t<\/article>\n\t\t\t\t<article class=\"elementor-post elementor-grid-item post-3004456 post type-post status-publish format-standard has-post-thumbnail hentry category-blog\" role=\"listitem\">\n\t\t\t<div class=\"elementor-post__card\">\n\t\t\t\t<a class=\"elementor-post__thumbnail__link\" href=\"https:\/\/idaviru.ee\/lv\/balttour-2026-riga-jauni-celojumu-plani\/\" tabindex=\"-1\" ><div class=\"elementor-post__thumbnail\"><img loading=\"lazy\" decoding=\"async\" width=\"692\" height=\"1024\" src=\"https:\/\/idaviru.ee\/wp-content\/uploads\/2026\/02\/IMG_3499-692x1024.jpg\" class=\"attachment-large size-large wp-image-3004482\" alt=\"\" srcset=\"\/\/idaviru.ee\/wp-content\/uploads\/2026\/02\/IMG_3499-692x1024.jpg 692w, \/\/idaviru.ee\/wp-content\/uploads\/2026\/02\/IMG_3499-203x300.jpg 203w, \/\/idaviru.ee\/wp-content\/uploads\/2026\/02\/IMG_3499-768x1136.jpg 768w, \/\/idaviru.ee\/wp-content\/uploads\/2026\/02\/IMG_3499-1038x1536.jpg 1038w, \/\/idaviru.ee\/wp-content\/uploads\/2026\/02\/IMG_3499-600x888.jpg 600w, \/\/idaviru.ee\/wp-content\/uploads\/2026\/02\/IMG_3499.jpg 1320w\" sizes=\"(max-width: 692px) 100vw, 692px\" \/><\/div><\/a>\n\t\t\t\t<div class=\"elementor-post__badge\">Blog<\/div>\n\t\t\t\t<div class=\"elementor-post__text\">\n\t\t\t\t<div class=\"elementor-post__title\">\n\t\t\t<a href=\"https:\/\/idaviru.ee\/lv\/balttour-2026-riga-jauni-celojumu-plani\/\" >\n\t\t\t\tBalttour 2026 R\u012bg\u0101 \u2013 tr\u012bs dienas iedvesmas un jaunu ce\u013cojumu pl\u0101nu\t\t\t<\/a>\n\t\t<\/div>\n\t\t\t\t<\/div>\n\t\t\t\t<div class=\"elementor-post__meta-data\">\n\t\t\t\t\t<span class=\"elementor-post-date\">\n\t\t\t20.02.2026\t\t<\/span>\n\t\t\t\t<\/div>\n\t\t\t\t\t<\/div>\n\t\t<\/article>\n\t\t\t\t<article class=\"elementor-post elementor-grid-item post-3001995 post type-post status-publish format-standard has-post-thumbnail hentry category-blog\" role=\"listitem\">\n\t\t\t<div class=\"elementor-post__card\">\n\t\t\t\t<a class=\"elementor-post__thumbnail__link\" href=\"https:\/\/idaviru.ee\/lv\/ida-viru-ziemas-brinums-magiskie-udenskritumi-un-piedzivojumiem-bagata-maksliga-ainava\/\" tabindex=\"-1\" ><div class=\"elementor-post__thumbnail\"><img loading=\"lazy\" decoding=\"async\" width=\"750\" height=\"1000\" src=\"https:\/\/idaviru.ee\/wp-content\/uploads\/2025\/12\/Valaste-1.jpg\" class=\"attachment-large size-large wp-image-3001618\" alt=\"\" \/><\/div><\/a>\n\t\t\t\t<div class=\"elementor-post__badge\">Blog<\/div>\n\t\t\t\t<div class=\"elementor-post__text\">\n\t\t\t\t<div class=\"elementor-post__title\">\n\t\t\t<a href=\"https:\/\/idaviru.ee\/lv\/ida-viru-ziemas-brinums-magiskie-udenskritumi-un-piedzivojumiem-bagata-maksliga-ainava\/\" >\n\t\t\t\tIda-Viru ziemas br\u012bnums: ma\u0123iskie \u016bdenskritumi un piedz\u012bvojumiem bag\u0101t\u0101 m\u0101ksl\u012bg\u0101 ainava\t\t\t<\/a>\n\t\t<\/div>\n\t\t\t\t<\/div>\n\t\t\t\t<div class=\"elementor-post__meta-data\">\n\t\t\t\t\t<span class=\"elementor-post-date\">\n\t\t\t19.01.2026\t\t<\/span>\n\t\t\t\t<\/div>\n\t\t\t\t\t<\/div>\n\t\t<\/article>\n\t\t\t\t<article class=\"elementor-post elementor-grid-item post-3001335 post type-post status-publish format-standard has-post-thumbnail hentry category-blog\" role=\"listitem\">\n\t\t\t<div class=\"elementor-post__card\">\n\t\t\t\t<a class=\"elementor-post__thumbnail__link\" href=\"https:\/\/idaviru.ee\/lv\/ziemas-atputa-ida-viru\/\" tabindex=\"-1\" ><div class=\"elementor-post__thumbnail\"><img loading=\"lazy\" decoding=\"async\" width=\"800\" height=\"533\" src=\"https:\/\/idaviru.ee\/wp-content\/uploads\/2025\/02\/476794623_1016710297169045_3251957080309447941_n.jpg\" class=\"attachment-large size-large wp-image-2990545\" alt=\"\" \/><\/div><\/a>\n\t\t\t\t<div class=\"elementor-post__badge\">Blog<\/div>\n\t\t\t\t<div class=\"elementor-post__text\">\n\t\t\t\t<div class=\"elementor-post__title\">\n\t\t\t<a href=\"https:\/\/idaviru.ee\/lv\/ziemas-atputa-ida-viru\/\" >\n\t\t\t\tZiemas atp\u016bta Ida-Viru \u2013 kur mekl\u0113t \u012bstu ziemu Igaunij\u0101\t\t\t<\/a>\n\t\t<\/div>\n\t\t\t\t<\/div>\n\t\t\t\t<div class=\"elementor-post__meta-data\">\n\t\t\t\t\t<span class=\"elementor-post-date\">\n\t\t\t11.12.2025\t\t<\/span>\n\t\t\t\t<\/div>\n\t\t\t\t\t<\/div>\n\t\t<\/article>\n\t\t\t\t<article class=\"elementor-post elementor-grid-item post-3001315 post type-post status-publish format-standard has-post-thumbnail hentry category-blog tag-adve26\" role=\"listitem\">\n\t\t\t<div class=\"elementor-post__card\">\n\t\t\t\t<a class=\"elementor-post__thumbnail__link\" href=\"https:\/\/idaviru.ee\/lv\/ziemas-spa-atputa-igaunija-ida-viru\/\" tabindex=\"-1\" ><div class=\"elementor-post__thumbnail\"><img loading=\"lazy\" decoding=\"async\" width=\"800\" height=\"534\" src=\"https:\/\/idaviru.ee\/wp-content\/uploads\/2024\/04\/Saka-mois_H16A6308-1024x683.jpg\" class=\"attachment-large size-large wp-image-2959305\" alt=\"\" srcset=\"\/\/idaviru.ee\/wp-content\/uploads\/2024\/04\/Saka-mois_H16A6308-1024x683.jpg 1024w, \/\/idaviru.ee\/wp-content\/uploads\/2024\/04\/Saka-mois_H16A6308-300x200.jpg 300w, \/\/idaviru.ee\/wp-content\/uploads\/2024\/04\/Saka-mois_H16A6308-768x512.jpg 768w, \/\/idaviru.ee\/wp-content\/uploads\/2024\/04\/Saka-mois_H16A6308-600x400.jpg 600w, \/\/idaviru.ee\/wp-content\/uploads\/2024\/04\/Saka-mois_H16A6308.jpg 1200w\" sizes=\"(max-width: 800px) 100vw, 800px\" \/><\/div><\/a>\n\t\t\t\t<div class=\"elementor-post__badge\">Blog<\/div>\n\t\t\t\t<div class=\"elementor-post__text\">\n\t\t\t\t<div class=\"elementor-post__title\">\n\t\t\t<a href=\"https:\/\/idaviru.ee\/lv\/ziemas-spa-atputa-igaunija-ida-viru\/\" >\n\t\t\t\tLab\u0101kie Ida-Viru SPA  atp\u016btas galam\u0113r\u0137i 2026\t\t\t<\/a>\n\t\t<\/div>\n\t\t\t\t<\/div>\n\t\t\t\t<div class=\"elementor-post__meta-data\">\n\t\t\t\t\t<span class=\"elementor-post-date\">\n\t\t\t10.12.2025\t\t<\/span>\n\t\t\t\t<\/div>\n\t\t\t\t\t<\/div>\n\t\t<\/article>\n\t\t\t\t<article class=\"elementor-post elementor-grid-item post-3001033 post type-post status-publish format-standard has-post-thumbnail hentry category-blog\" role=\"listitem\">\n\t\t\t<div class=\"elementor-post__card\">\n\t\t\t\t<a class=\"elementor-post__thumbnail__link\" href=\"https:\/\/idaviru.ee\/lv\/skolenu-ekskursija-ida-viru\/\" tabindex=\"-1\" ><div class=\"elementor-post__thumbnail\"><img loading=\"lazy\" decoding=\"async\" width=\"800\" height=\"532\" src=\"https:\/\/idaviru.ee\/wp-content\/uploads\/2025\/11\/Berni-vagona-1024x681.jpg\" class=\"attachment-large size-large wp-image-3001023\" alt=\"\" srcset=\"\/\/idaviru.ee\/wp-content\/uploads\/2025\/11\/Berni-vagona-1024x681.jpg 1024w, \/\/idaviru.ee\/wp-content\/uploads\/2025\/11\/Berni-vagona-300x199.jpg 300w, \/\/idaviru.ee\/wp-content\/uploads\/2025\/11\/Berni-vagona-768x511.jpg 768w, \/\/idaviru.ee\/wp-content\/uploads\/2025\/11\/Berni-vagona-600x399.jpg 600w, \/\/idaviru.ee\/wp-content\/uploads\/2025\/11\/Berni-vagona.jpg 1319w\" sizes=\"(max-width: 800px) 100vw, 800px\" \/><\/div><\/a>\n\t\t\t\t<div class=\"elementor-post__badge\">Blog<\/div>\n\t\t\t\t<div class=\"elementor-post__text\">\n\t\t\t\t<div class=\"elementor-post__title\">\n\t\t\t<a href=\"https:\/\/idaviru.ee\/lv\/skolenu-ekskursija-ida-viru\/\" >\n\t\t\t\tM\u0101rupes \u0123imn\u0101zijas ce\u013cojums uz Ida-Viru: Kates piedz\u012bvojumi\t\t\t<\/a>\n\t\t<\/div>\n\t\t\t\t<\/div>\n\t\t\t\t<div class=\"elementor-post__meta-data\">\n\t\t\t\t\t<span class=\"elementor-post-date\">\n\t\t\t26.11.2025\t\t<\/span>\n\t\t\t\t<\/div>\n\t\t\t\t\t<\/div>\n\t\t<\/article>\n\t\t\t\t<article class=\"elementor-post elementor-grid-item post-3000794 post type-post status-publish format-standard has-post-thumbnail hentry category-blog\" role=\"listitem\">\n\t\t\t<div class=\"elementor-post__card\">\n\t\t\t\t<a class=\"elementor-post__thumbnail__link\" href=\"https:\/\/idaviru.ee\/lv\/3000794\/\" tabindex=\"-1\" ><div class=\"elementor-post__thumbnail\"><img loading=\"lazy\" decoding=\"async\" width=\"800\" height=\"450\" src=\"https:\/\/idaviru.ee\/wp-content\/uploads\/2025\/10\/Ida-Virumaa-piiritahis_eskiis_2025.jpg\" class=\"attachment-large size-large wp-image-3000204\" alt=\"\" \/><\/div><\/a>\n\t\t\t\t<div class=\"elementor-post__badge\">Blog<\/div>\n\t\t\t\t<div class=\"elementor-post__text\">\n\t\t\t\t<div class=\"elementor-post__title\">\n\t\t\t<a href=\"https:\/\/idaviru.ee\/lv\/3000794\/\" >\n\t\t\t\tIda-Viru \u2013 Igaunijas rekordu zeme\t\t\t<\/a>\n\t\t<\/div>\n\t\t\t\t<\/div>\n\t\t\t\t<div class=\"elementor-post__meta-data\">\n\t\t\t\t\t<span class=\"elementor-post-date\">\n\t\t\t25.11.2025\t\t<\/span>\n\t\t\t\t<\/div>\n\t\t\t\t\t<\/div>\n\t\t<\/article>\n\t\t\t\t<\/div>\n\t\t\n\t\t\t\t<div class=\"e-load-more-anchor\" data-page=\"1\" data-max-page=\"7\" data-next-page=\"https:\/\/idaviru.ee\/lv\/wp-json\/wp\/v2\/pages\/2980846\/page\/2\/\"><\/div>\n\t\t\t\t<nav class=\"elementor-pagination\" aria-label=\"Pagination\">\n\t\t\t<span aria-current=\"page\" class=\"page-numbers current\"><span class=\"elementor-screen-only\">Page<\/span>1<\/span>\n<a class=\"page-numbers\" href=\"https:\/\/idaviru.ee\/lv\/wp-json\/wp\/v2\/pages\/2980846\/page\/2\/\"><span class=\"elementor-screen-only\">Page<\/span>2<\/a>\n<a class=\"page-numbers\" href=\"https:\/\/idaviru.ee\/lv\/wp-json\/wp\/v2\/pages\/2980846\/page\/3\/\"><span class=\"elementor-screen-only\">Page<\/span>3<\/a>\n<span class=\"page-numbers dots\">&hellip;<\/span>\n<a class=\"page-numbers\" href=\"https:\/\/idaviru.ee\/lv\/wp-json\/wp\/v2\/pages\/2980846\/page\/5\/\"><span class=\"elementor-screen-only\">Page<\/span>5<\/a>\t\t<\/nav>\n\t\t\t\t\t\t<\/div>\n\t\t\t\t<\/div>\n\t\t\t\t\t<\/div>\n\t\t<\/div>\n\t\t\t\t\t<\/div>\n\t\t<\/section>\n\t\t\t\t<\/div>\n\t\t","protected":false},"excerpt":{"rendered":"","protected":false},"author":1,"featured_media":0,"parent":0,"menu_order":0,"comment_status":"closed","ping_status":"closed","template":"elementor_header_footer","meta":{"_acf_changed":false,"inline_featured_image":false,"footnotes":""},"class_list":["post-2980846","page","type-page","status-publish","hentry"],"acf":[],"_links":{"self":[{"href":"https:\/\/idaviru.ee\/lv\/wp-json\/wp\/v2\/pages\/2980846","targetHints":{"allow":["GET"]}}],"collection":[{"href":"https:\/\/idaviru.ee\/lv\/wp-json\/wp\/v2\/pages"}],"about":[{"href":"https:\/\/idaviru.ee\/lv\/wp-json\/wp\/v2\/types\/page"}],"author":[{"embeddable":true,"href":"https:\/\/idaviru.ee\/lv\/wp-json\/wp\/v2\/users\/1"}],"replies":[{"embeddable":true,"href":"https:\/\/idaviru.ee\/lv\/wp-json\/wp\/v2\/comments?post=2980846"}],"version-history":[{"count":0,"href":"https:\/\/idaviru.ee\/lv\/wp-json\/wp\/v2\/pages\/2980846\/revisions"}],"wp:attachment":[{"href":"https:\/\/idaviru.ee\/lv\/wp-json\/wp\/v2\/media?parent=2980846"}],"curies":[{"name":"wp","href":"https:\/\/api.w.org\/{rel}","templated":true}]}}