{"id":3003064,"date":"2026-01-27T15:37:58","date_gmt":"2026-01-27T13:37:58","guid":{"rendered":"https:\/\/idaviru.ee\/?page_id=3003064"},"modified":"2026-02-09T10:45:53","modified_gmt":"2026-02-09T08:45:53","slug":"balttour2026","status":"publish","type":"page","link":"https:\/\/idaviru.ee\/lv\/balttour2026\/","title":{"rendered":"Laim\u0113jiet balvu!"},"content":{"rendered":"\n<p class=\"has-text-align-left\"><strong>Laim\u0113jiet lieliskas br\u012bvdienas vien\u0101 no piedz\u012bvojumiem bag\u0101t\u0101kajiem un p\u0101rsteidzo\u0161\u0101kajiem Igaunijas re\u0123ioniem \u2013 Idaviru  Austrumviru apri\u0146\u0137\u012b!\u00a0<\/strong>Pievienojieties m\u016bsu ikm\u0113ne\u0161a v\u0113stkopai un sa\u0146emiet sav\u0101 e-past\u0101 aktu\u0101l\u0101ko inform\u0101ciju par aizraujo\u0161iem notikumiem un br\u012bvdienu pied\u0101v\u0101jumiem Austrumviru apri\u0146\u0137\u012b!<\/p>\n\n\n\n<p><strong>Lai piedal\u012btos izloz\u0113, aizpildiet zem\u0101k eso\u0161o veidlapu. 16. febru\u0101r\u012b starp visiem v\u0113stkopas abonentiem izloz\u0113sim 5 atrakt\u012bvus balvu komplektus.<\/strong>&nbsp;Apskatiet balvu fondu!<\/p>\n\n\n\n<p class=\"has-text-align-left\">*No v\u0113stkopas abon\u0113\u0161anas var atteikties jebkur\u0101 laik\u0101.<\/p>\n\n\n\n\n\n<hr class=\"wp-block-separator has-alpha-channel-opacity\"\/>\n\n\n\n<p class=\"has-text-align-center\">Zem\u0101k atrad\u012bsiet inform\u0101ciju par izlozes balv\u0101m.<\/p>\n\n\n\n<p class=\"has-text-align-center\"><strong>BALVAS:<\/strong><\/p>\n\n\n\n<p><strong>BALVU KOMPLEKTS I <\/strong>\u2013 Atp\u016bta skaistaj\u0101 v\u0113sturiskaj\u0101 Narva-J\u0113s\u016b k\u016brort\u0101, iek\u013cauta nak\u0161\u0146o\u0161ana, brokastis un \u016bdens atp\u016btas centra apmekl\u0113jums div\u0101m person\u0101m spa viesn\u012bc\u0101 <strong><a href=\"https:\/\/www.meresuu.ee\/en\/\" target=\"_blank\" rel=\"noreferrer noopener\">\u201cMeresuu Spa &amp; Hotel\u201d<\/a><\/strong>, ieejas bi\u013cetes div\u0101m person\u0101m <strong><a href=\"https:\/\/narvamuuseum.ee\/en\/\" target=\"_blank\" rel=\"noreferrer noopener\">Narvas muzej\u0101<\/a><\/strong>, kur\u0101 var iepaz\u012bties ar robe\u017epils\u0113tas v\u0113sturi, k\u0101 ar\u012b bezmaksas ieeja div\u0101m person\u0101m virtu\u0101l\u0101s realit\u0101tes izst\u0101d\u0113 par pils\u0113tas pag\u0101tni <strong>\u00a0<a href=\"https:\/\/vr.visitnarva.ee\/lv\/\" target=\"_blank\" rel=\"noreferrer noopener\">\u201cSen\u0101s Narvas jaun\u0101 dz\u012bve\u201d<\/a> <\/strong>Narvas r\u0101tsnam\u0101.<\/p>\n\n\n\n<p>Turkl\u0101t ir iesp\u0113ja izbaud\u012bt aizraujo\u0161o st\u0101stu par k\u0101dreiz sl\u0113gto Sillam\u0113 pils\u0113tu <strong><a href=\"https:\/\/sasimu.ee\/eng\/\" target=\"_blank\" rel=\"noreferrer noopener\">Sillam\u0113 muzej\u0101<\/a><\/strong> (bi\u013cetes div\u0101m person\u0101m).Gar\u0161u pieredzi pied\u0101v\u0101 gruz\u012bnu krodzi\u0146\u0161<a href=\"https:\/\/www.mimino.ee\/en\" target=\"_blank\" rel=\"noreferrer noopener\"> <strong>\u201cMimino\u201d<\/strong><\/a><strong> <\/strong>(d\u0101vanu karte 50 eiro v\u0113rt\u012bb\u0101). Balvu komplekta v\u0113rt\u012bba 250 eiro.<\/p>\n\n\n\n<figure class=\"wp-block-gallery has-nested-images columns-default is-cropped wp-block-gallery-1 is-layout-flex wp-block-gallery-is-layout-flex\">\n<figure class=\"wp-block-image size-full\"><img fetchpriority=\"high\" decoding=\"async\" width=\"1200\" height=\"800\" data-id=\"2987556\" src=\"https:\/\/idaviru.ee\/wp-content\/uploads\/2025\/01\/1200x800-Meresuu-2.jpg\" alt=\"\" class=\"wp-image-2987556\"\/><figcaption class=\"wp-element-caption\">Meresuu Spa &amp; Hotel<\/figcaption><\/figure>\n\n\n\n<figure class=\"wp-block-image size-large\"><img decoding=\"async\" width=\"1024\" height=\"685\" data-id=\"2977549\" src=\"https:\/\/idaviru.ee\/wp-content\/uploads\/2024\/10\/Visit_Narva_3-1024x685.jpg\" alt=\"\" class=\"wp-image-2977549\" srcset=\"\/\/idaviru.ee\/wp-content\/uploads\/2024\/10\/Visit_Narva_3-1024x685.jpg 1024w, \/\/idaviru.ee\/wp-content\/uploads\/2024\/10\/Visit_Narva_3-300x201.jpg 300w, \/\/idaviru.ee\/wp-content\/uploads\/2024\/10\/Visit_Narva_3-768x514.jpg 768w, \/\/idaviru.ee\/wp-content\/uploads\/2024\/10\/Visit_Narva_3-1536x1028.jpg 1536w, \/\/idaviru.ee\/wp-content\/uploads\/2024\/10\/Visit_Narva_3-2048x1370.jpg 2048w, \/\/idaviru.ee\/wp-content\/uploads\/2024\/10\/Visit_Narva_3-600x401.jpg 600w\" sizes=\"(max-width: 1024px) 100vw, 1024px\" \/><figcaption class=\"wp-element-caption\">Narvas r\u0101tsnam\u0101<\/figcaption><\/figure>\n<\/figure>\n\n\n\n<figure class=\"wp-block-gallery has-nested-images columns-default is-cropped wp-block-gallery-2 is-layout-flex wp-block-gallery-is-layout-flex\">\n<figure class=\"wp-block-image\"><img decoding=\"async\" width=\"1200\" height=\"800\" data-id=\"2987644\" src=\"https:\/\/idaviru.ee\/wp-content\/uploads\/2025\/01\/Mimino_Grillvalik_talveseiklus_25.png\" alt=\"\" class=\"wp-image-2987644\"\/><figcaption class=\"wp-element-caption\">Gruz\u012bnu krogs \u201cMimino\u201d <\/figcaption><\/figure>\n\n\n\n<figure class=\"wp-block-image size-large\"><img loading=\"lazy\" decoding=\"async\" width=\"1024\" height=\"683\" data-id=\"2668153\" src=\"https:\/\/idaviru.ee\/wp-content\/uploads\/2022\/07\/Narva-Muuseum_pysiekspo02b-1024x683.jpg\" alt=\"\" class=\"wp-image-2668153\" srcset=\"\/\/idaviru.ee\/wp-content\/uploads\/2022\/07\/Narva-Muuseum_pysiekspo02b-1024x683.jpg 1024w, \/\/idaviru.ee\/wp-content\/uploads\/2022\/07\/Narva-Muuseum_pysiekspo02b-300x200.jpg 300w, \/\/idaviru.ee\/wp-content\/uploads\/2022\/07\/Narva-Muuseum_pysiekspo02b-768x512.jpg 768w, \/\/idaviru.ee\/wp-content\/uploads\/2022\/07\/Narva-Muuseum_pysiekspo02b-600x400.jpg 600w, \/\/idaviru.ee\/wp-content\/uploads\/2022\/07\/Narva-Muuseum_pysiekspo02b-90x60.jpg 90w, \/\/idaviru.ee\/wp-content\/uploads\/2022\/07\/Narva-Muuseum_pysiekspo02b-135x90.jpg 135w, \/\/idaviru.ee\/wp-content\/uploads\/2022\/07\/Narva-Muuseum_pysiekspo02b.jpg 1500w\" sizes=\"(max-width: 1024px) 100vw, 1024px\" \/><figcaption class=\"wp-element-caption\">Narvas muzej\u0101<\/figcaption><\/figure>\n<\/figure>\n\n\n\n<p><strong>BALVU KOMPLEKTS II<\/strong> \u2013 Nak\u0161\u0146o\u0161ana spa viesn\u012bc\u0101 <strong><a href=\"https:\/\/toilaspa.ee\/en\/\" target=\"_blank\" rel=\"noreferrer noopener\">\u201cToila Spa Hotel\u201d<\/a><\/strong>, iek\u013cautas brokastis un \u016bdens atp\u016btas centra apmekl\u0113jums div\u0101m person\u0101m, virtu\u0101l\u0101s realit\u0101tes pieredze gleznainaj\u0101 Toilas Oru park\u0101 <strong><a href=\"https:\/\/vrhistory.blueray.ee\/vr-toila-1938\/\" target=\"_blank\" rel=\"noreferrer noopener\">\u201cVR History Toila 1938\u201d<\/a><\/strong> un d\u0101vanu karte 30 eiro v\u0113rt\u012bb\u0101 restor\u0101n\u0101 <strong><a href=\"https:\/\/www.facebook.com\/toila.mereresto\" target=\"_blank\" rel=\"noreferrer noopener\">\u201cToila Mereresto\u201d<\/a><\/strong>.<\/p>\n\n\n\n<p>Papildus iek\u013cautas ieejas bi\u013cetes div\u0101m person\u0101m <strong><a href=\"https:\/\/kaevandusmuuseum.ee\/en\/\" target=\"_blank\" rel=\"noreferrer noopener\">Igaunijas Raktuvju muzej\u0101<\/a><\/strong> un <strong><a href=\"https:\/\/sasimu.ee\/eng\/\" target=\"_blank\" rel=\"noreferrer noopener\">Sillam\u0113 muzej\u0101<\/a>.<\/strong>&nbsp;Balvu komplekta v\u0113rt\u012bba 265 eiro.<\/p>\n\n\n\n<figure class=\"wp-block-gallery has-nested-images columns-default is-cropped wp-block-gallery-3 is-layout-flex wp-block-gallery-is-layout-flex\">\n<figure class=\"wp-block-image size-large\"><img loading=\"lazy\" decoding=\"async\" width=\"1024\" height=\"683\" data-id=\"2959367\" src=\"https:\/\/idaviru.ee\/wp-content\/uploads\/2024\/04\/Hotelli-uldvaade-1024x683.png\" alt=\"\" class=\"wp-image-2959367\" srcset=\"\/\/idaviru.ee\/wp-content\/uploads\/2024\/04\/Hotelli-uldvaade-1024x683.png 1024w, \/\/idaviru.ee\/wp-content\/uploads\/2024\/04\/Hotelli-uldvaade-300x200.png 300w, \/\/idaviru.ee\/wp-content\/uploads\/2024\/04\/Hotelli-uldvaade-768x512.png 768w, \/\/idaviru.ee\/wp-content\/uploads\/2024\/04\/Hotelli-uldvaade-600x400.png 600w, \/\/idaviru.ee\/wp-content\/uploads\/2024\/04\/Hotelli-uldvaade.png 1200w\" sizes=\"(max-width: 1024px) 100vw, 1024px\" \/><figcaption class=\"wp-element-caption\">Toila Spa Hotel<\/figcaption><\/figure>\n\n\n\n<figure class=\"wp-block-image size-large\"><img loading=\"lazy\" decoding=\"async\" width=\"1024\" height=\"662\" data-id=\"2973856\" src=\"https:\/\/idaviru.ee\/wp-content\/uploads\/2024\/07\/VR-Toila-1024x662.png\" alt=\"\" class=\"wp-image-2973856\" srcset=\"\/\/idaviru.ee\/wp-content\/uploads\/2024\/07\/VR-Toila-1024x662.png 1024w, \/\/idaviru.ee\/wp-content\/uploads\/2024\/07\/VR-Toila-300x194.png 300w, \/\/idaviru.ee\/wp-content\/uploads\/2024\/07\/VR-Toila-768x497.png 768w, \/\/idaviru.ee\/wp-content\/uploads\/2024\/07\/VR-Toila-600x388.png 600w, \/\/idaviru.ee\/wp-content\/uploads\/2024\/07\/VR-Toila.png 1211w\" sizes=\"(max-width: 1024px) 100vw, 1024px\" \/><figcaption class=\"wp-element-caption\">VR History Toila 1938<\/figcaption><\/figure>\n<\/figure>\n\n\n\n<figure class=\"wp-block-gallery has-nested-images columns-default is-cropped wp-block-gallery-4 is-layout-flex wp-block-gallery-is-layout-flex\">\n<figure class=\"wp-block-image size-large\"><img loading=\"lazy\" decoding=\"async\" width=\"1024\" height=\"683\" data-id=\"2942999\" src=\"https:\/\/idaviru.ee\/wp-content\/uploads\/2023\/10\/Toila-Mereresto-IDA_VIRU-maitseseiklus--1024x683.jpg\" alt=\"\" class=\"wp-image-2942999\" srcset=\"\/\/idaviru.ee\/wp-content\/uploads\/2023\/10\/Toila-Mereresto-IDA_VIRU-maitseseiklus--1024x683.jpg 1024w, \/\/idaviru.ee\/wp-content\/uploads\/2023\/10\/Toila-Mereresto-IDA_VIRU-maitseseiklus--300x200.jpg 300w, \/\/idaviru.ee\/wp-content\/uploads\/2023\/10\/Toila-Mereresto-IDA_VIRU-maitseseiklus--768x512.jpg 768w, \/\/idaviru.ee\/wp-content\/uploads\/2023\/10\/Toila-Mereresto-IDA_VIRU-maitseseiklus--600x400.jpg 600w, \/\/idaviru.ee\/wp-content\/uploads\/2023\/10\/Toila-Mereresto-IDA_VIRU-maitseseiklus-.jpg 1500w\" sizes=\"(max-width: 1024px) 100vw, 1024px\" \/><figcaption class=\"wp-element-caption\">Toila Mereresto<\/figcaption><\/figure>\n\n\n\n<figure class=\"wp-block-image size-large\"><img loading=\"lazy\" decoding=\"async\" width=\"1024\" height=\"683\" data-id=\"2976470\" src=\"https:\/\/idaviru.ee\/wp-content\/uploads\/2024\/01\/Sillamae-muuseum-ekspositsioon-sees_ida-virumaa_Soren-Talu-5-1024x683.jpg\" alt=\"\" class=\"wp-image-2976470\" srcset=\"\/\/idaviru.ee\/wp-content\/uploads\/2024\/01\/Sillamae-muuseum-ekspositsioon-sees_ida-virumaa_Soren-Talu-5-1024x683.jpg 1024w, \/\/idaviru.ee\/wp-content\/uploads\/2024\/01\/Sillamae-muuseum-ekspositsioon-sees_ida-virumaa_Soren-Talu-5-300x200.jpg 300w, \/\/idaviru.ee\/wp-content\/uploads\/2024\/01\/Sillamae-muuseum-ekspositsioon-sees_ida-virumaa_Soren-Talu-5-768x512.jpg 768w, \/\/idaviru.ee\/wp-content\/uploads\/2024\/01\/Sillamae-muuseum-ekspositsioon-sees_ida-virumaa_Soren-Talu-5-1536x1024.jpg 1536w, \/\/idaviru.ee\/wp-content\/uploads\/2024\/01\/Sillamae-muuseum-ekspositsioon-sees_ida-virumaa_Soren-Talu-5-2048x1365.jpg 2048w, \/\/idaviru.ee\/wp-content\/uploads\/2024\/01\/Sillamae-muuseum-ekspositsioon-sees_ida-virumaa_Soren-Talu-5-600x400.jpg 600w\" sizes=\"(max-width: 1024px) 100vw, 1024px\" \/><figcaption class=\"wp-element-caption\">Sillam\u0113 muzej\u0101<\/figcaption><\/figure>\n<\/figure>\n\n\n\n<p><strong>BALVU KOMPLEKTS III<\/strong> \u2013 Nak\u0161\u0146o\u0161ana <strong><a href=\"https:\/\/www.saka.ee\/en\/\" target=\"_blank\" rel=\"noreferrer noopener\">Sakas mui\u017e\u0101<\/a><\/strong>, iek\u013cautas brokastis, pirts un peldbaseina zonas apmekl\u0113jums div\u0101m person\u0101m, k\u0101 ar\u012b ieejas bi\u013cetes div\u0101m person\u0101m <strong><a href=\"https:\/\/seikluskeskus.ee\/en\/\" target=\"_blank\" rel=\"noreferrer noopener\">Kivieli Piedz\u012bvojumu centr\u0101<\/a><\/strong> un <strong><a href=\"https:\/\/kaevandusmuuseum.ee\/en\/\" target=\"_blank\" rel=\"noreferrer noopener\">Igaunijas Raktuvju muzej\u0101<\/a><\/strong>. Balvu komplekta v\u0113rt\u012bba 235 eiro.<\/p>\n\n\n\n<figure class=\"wp-block-gallery has-nested-images columns-default is-cropped wp-block-gallery-5 is-layout-flex wp-block-gallery-is-layout-flex\">\n<figure class=\"wp-block-image size-large\"><img loading=\"lazy\" decoding=\"async\" width=\"1024\" height=\"682\" data-id=\"2854276\" src=\"https:\/\/idaviru.ee\/wp-content\/uploads\/2023\/02\/saka_ida_viru-1024x682.jpeg\" alt=\"\" class=\"wp-image-2854276\" srcset=\"\/\/idaviru.ee\/wp-content\/uploads\/2023\/02\/saka_ida_viru-1024x682.jpeg 1024w, \/\/idaviru.ee\/wp-content\/uploads\/2023\/02\/saka_ida_viru-300x200.jpeg 300w, \/\/idaviru.ee\/wp-content\/uploads\/2023\/02\/saka_ida_viru-768x512.jpeg 768w, \/\/idaviru.ee\/wp-content\/uploads\/2023\/02\/saka_ida_viru-1536x1023.jpeg 1536w, \/\/idaviru.ee\/wp-content\/uploads\/2023\/02\/saka_ida_viru-600x400.jpeg 600w, \/\/idaviru.ee\/wp-content\/uploads\/2023\/02\/saka_ida_viru-90x60.jpeg 90w, \/\/idaviru.ee\/wp-content\/uploads\/2023\/02\/saka_ida_viru-135x90.jpeg 135w, \/\/idaviru.ee\/wp-content\/uploads\/2023\/02\/saka_ida_viru.jpeg 1899w\" sizes=\"(max-width: 1024px) 100vw, 1024px\" \/><figcaption class=\"wp-element-caption\">Sakas mui\u017e\u0101<\/figcaption><\/figure>\n\n\n\n<figure class=\"wp-block-image size-large\"><img loading=\"lazy\" decoding=\"async\" width=\"1000\" height=\"667\" data-id=\"2716539\" src=\"https:\/\/idaviru.ee\/wp-content\/uploads\/2022\/09\/IMG_1652-1-1.jpg\" alt=\"Eksklusiivne tuur pimedates kaevandusk\u00e4ikudes\" class=\"wp-image-2716539\" srcset=\"\/\/idaviru.ee\/wp-content\/uploads\/2022\/09\/IMG_1652-1-1.jpg 1000w, \/\/idaviru.ee\/wp-content\/uploads\/2022\/09\/IMG_1652-1-1-300x200.jpg 300w, \/\/idaviru.ee\/wp-content\/uploads\/2022\/09\/IMG_1652-1-1-768x512.jpg 768w, \/\/idaviru.ee\/wp-content\/uploads\/2022\/09\/IMG_1652-1-1-600x400.jpg 600w, \/\/idaviru.ee\/wp-content\/uploads\/2022\/09\/IMG_1652-1-1-90x60.jpg 90w, \/\/idaviru.ee\/wp-content\/uploads\/2022\/09\/IMG_1652-1-1-135x90.jpg 135w\" sizes=\"(max-width: 1000px) 100vw, 1000px\" \/><figcaption class=\"wp-element-caption\">Igaunijas Raktuvju muzej<strong>\u0101<\/strong><\/figcaption><\/figure>\n<\/figure>\n\n\n\n<figure class=\"wp-block-gallery has-nested-images columns-default is-cropped wp-block-gallery-6 is-layout-flex wp-block-gallery-is-layout-flex\">\n<figure class=\"wp-block-image size-large\"><img loading=\"lazy\" decoding=\"async\" width=\"1852\" height=\"740\" data-id=\"3002165\" src=\"https:\/\/idaviru.ee\/wp-content\/uploads\/2026\/01\/Kivioli-Seikluskeskus-suusamagi-talvel-idavirumaa-SvenZacek_loigatud2.jpg\" alt=\"\" class=\"wp-image-3002165\"\/><figcaption class=\"wp-element-caption\">Kivieli Piedz\u012bvojumu centr\u0101<\/figcaption><\/figure>\n\n\n\n<figure class=\"wp-block-image size-full\"><img loading=\"lazy\" decoding=\"async\" width=\"600\" height=\"391\" data-id=\"2955585\" src=\"https:\/\/idaviru.ee\/wp-content\/uploads\/2021\/05\/Kivioli.png\" alt=\"\" class=\"wp-image-2955585\" srcset=\"\/\/idaviru.ee\/wp-content\/uploads\/2021\/05\/Kivioli.png 600w, \/\/idaviru.ee\/wp-content\/uploads\/2021\/05\/Kivioli-300x196.png 300w\" sizes=\"(max-width: 600px) 100vw, 600px\" \/><figcaption class=\"wp-element-caption\">Kivieli Piedz\u012bvojumu centr\u0101<\/figcaption><\/figure>\n<\/figure>\n\n\n\n<p><strong>BALVU KOMPLEKTS IV<\/strong> \u2013 Izbaudiet mier\u012bgu un dabai draudz\u012bgu atp\u016btu Peipusa ezera krast\u0101! Komplekt\u0101 iek\u013cauta nak\u0161\u0146o\u0161ana<strong> <a href=\"https:\/\/kauksirand.ee\/en\" target=\"_blank\" rel=\"noreferrer noopener\">Kauksi atp\u016btas ciema<\/a><\/strong> pludmales nami\u0146\u0101 l\u012bdz \u010detr\u0101m person\u0101m ar gleznainu skatu uz Eiropas 5. liel\u0101ko ezeru \u2013 Peipusa ezeru. Tuv\u0113j\u0101 apk\u0101rtn\u0113 vijas ainaviskas p\u0101rg\u0101jienu takas, piem\u0113ram, Seliso un Kotkas dabas takas. Apmekl\u0113t var ar\u012b Kauksi apmekl\u0113t\u0101ju centru, kur iesp\u0113jams uzzin\u0101t aizraujo\u0161u inform\u0101ciju par re\u0123iona dabu un v\u0113sturi. Balvu komplekta v\u0113rt\u012bba 165 eiro.<\/p>\n\n\n\n<figure class=\"wp-block-gallery has-nested-images columns-default is-cropped wp-block-gallery-7 is-layout-flex wp-block-gallery-is-layout-flex\">\n<figure class=\"wp-block-image size-large\"><img decoding=\"async\" data-id=\"2990396\" src=\"https:\/\/idaviru.ee\/wp-content\/uploads\/2025\/02\/20200412_164829_large-1024x768.jpg\" alt=\"\" class=\"wp-image-2990396\"\/><figcaption class=\"wp-element-caption\">Kauksi atp\u016btas ciema<\/figcaption><\/figure>\n\n\n\n<figure class=\"wp-block-image size-full\"><img loading=\"lazy\" decoding=\"async\" width=\"2048\" height=\"1364\" data-id=\"2989271\" src=\"https:\/\/idaviru.ee\/wp-content\/uploads\/2025\/01\/Alutaguse-Rahvuspark-Selisoo-matkarada_Valmar-Voolaid-2048x1364.jpg.webp\" alt=\"\" class=\"wp-image-2989271\"\/><figcaption class=\"wp-element-caption\">Seliso<\/figcaption><\/figure>\n<\/figure>\n\n\n\n<p><strong>BALVU KOMPLEKTS V <\/strong>\u2013 <strong><a href=\"https:\/\/www.stationnarva.ee\/en\" target=\"_blank\" rel=\"noreferrer noopener\">\u201cStation Narva\u201d<\/a><\/strong> festiv\u0101la caurlaides div\u0101m person\u0101m. \u201cStation Narva\u201d notiks no 2026. gada 3.\u20136. septembr\u012b. Tas ir m\u016bzikas un pils\u0113tas kult\u016bras festiv\u0101ls, kas katr\u0101 rudens s\u0101kum\u0101 ienes dz\u012bv\u012bbu un rado\u0161umu Igaunijas vist\u0101l\u0101k austrumos eso\u0161aj\u0101 pils\u0113t\u0101 Narv\u0101. Papildus koncertiem programm\u0101 iek\u013cautas diskusijas, m\u0101kslas izst\u0101des, pieredzes ekskursijas, kopienas brokastis un vair\u0101ki \u012bpa\u0161ie pas\u0101kumi. Balvas v\u0113rt\u012bba 138 eiro.<\/p>\n\n\n\n<figure class=\"wp-block-gallery has-nested-images columns-default is-cropped wp-block-gallery-8 is-layout-flex wp-block-gallery-is-layout-flex\">\n<figure class=\"wp-block-image size-large\"><img loading=\"lazy\" decoding=\"async\" width=\"1024\" height=\"768\" data-id=\"2972482\" src=\"https:\/\/idaviru.ee\/wp-content\/uploads\/2021\/08\/\u0416\u0434\u0435\u043c-\u0432\u0430\u0441-\u0432-\u0418\u0434\u0430-\u0412\u0438\u0440\u0443\u043c\u0430\u0430-\u0444\u0435\u0441\u0442\u0438\u0432\u0430\u043b\u044c-\u043c\u0443\u0437\u044b\u043a\u0438-\u0438-\u0433\u043e\u0440\u043e\u0434\u0441\u043a\u043e\u0439-\u043a\u0443\u043b\u044c\u0442\u0443\u0440\u044b-Station-Narva-1024x768.jpg\" alt=\"\" class=\"wp-image-2972482\"\/><figcaption class=\"wp-element-caption\">Station Narva<\/figcaption><\/figure>\n\n\n\n<figure class=\"wp-block-image size-full\"><img loading=\"lazy\" decoding=\"async\" width=\"2048\" height=\"1515\" data-id=\"2709065\" src=\"https:\/\/idaviru.ee\/wp-content\/uploads\/2022\/09\/Kimmo-Pohjonen-Narva-Station-2022_-photo-Egidio-Santos.jpg\" alt=\"\" class=\"wp-image-2709065\" srcset=\"\/\/idaviru.ee\/wp-content\/uploads\/2022\/09\/Kimmo-Pohjonen-Narva-Station-2022_-photo-Egidio-Santos.jpg 2048w, \/\/idaviru.ee\/wp-content\/uploads\/2022\/09\/Kimmo-Pohjonen-Narva-Station-2022_-photo-Egidio-Santos-300x222.jpg 300w, \/\/idaviru.ee\/wp-content\/uploads\/2022\/09\/Kimmo-Pohjonen-Narva-Station-2022_-photo-Egidio-Santos-1024x758.jpg 1024w, \/\/idaviru.ee\/wp-content\/uploads\/2022\/09\/Kimmo-Pohjonen-Narva-Station-2022_-photo-Egidio-Santos-768x568.jpg 768w, \/\/idaviru.ee\/wp-content\/uploads\/2022\/09\/Kimmo-Pohjonen-Narva-Station-2022_-photo-Egidio-Santos-1536x1136.jpg 1536w, \/\/idaviru.ee\/wp-content\/uploads\/2022\/09\/Kimmo-Pohjonen-Narva-Station-2022_-photo-Egidio-Santos-600x444.jpg 600w, \/\/idaviru.ee\/wp-content\/uploads\/2022\/09\/Kimmo-Pohjonen-Narva-Station-2022_-photo-Egidio-Santos-81x60.jpg 81w, \/\/idaviru.ee\/wp-content\/uploads\/2022\/09\/Kimmo-Pohjonen-Narva-Station-2022_-photo-Egidio-Santos-122x90.jpg 122w\" sizes=\"(max-width: 2048px) 100vw, 2048px\" \/><figcaption class=\"wp-element-caption\">Station Narva<\/figcaption><\/figure>\n<\/figure>\n\n\n\n<p><a href=\"https:\/\/idaviru.ee\/lv\/balttour2026\">Atpaka\u013c<\/a><\/p>\n\n\n\n<p><\/p>\n\n\n\n<h2 class=\"wp-block-heading\"><strong><br><\/strong>Izlozes noteikumi<\/h2>\n\n\n\n<p><strong>Akcijas organizators<br><\/strong>Informat\u012bvo akciju un balvu izlozi organiz\u0113 t\u016brisma klasteris \u201cIda-Virumaa Turismiklaster\u201d (adrese: Keskv\u00e4ljak 4, 41531 Jehvi, Igaunija). Ja Jums rodas k\u0101di jaut\u0101jumi par akciju, izlozi vai balvas sa\u0146em\u0161anu, l\u016bdzu, rakstiet uz e-pastu&nbsp;info@ivek.ee.<\/p>\n\n\n\n<p><strong>Akcijas ilgums<br><\/strong>Akcija s\u0101kas 01.02.2026. plkst.12.00 un norisin\u0101s l\u012bdz 08.02.2026. plkst. 23.59.<\/p>\n\n\n\n<p><strong>Dal\u012bba izloz\u0113<br><\/strong>Balvu izloz\u0113 var piedal\u012bties pilngad\u012bgi Latvijas past\u0101v\u012bgie iedz\u012bvot\u0101ji, kuri ir ievad\u012bju\u0161i savu der\u012bgo e-pasta adresi, lai sa\u0146emtu t\u016brisma klastera \u201cIda-Virumaa Turismiklaster\u201d v\u0113stkopu. Izlozes dal\u012bbnieks piekr\u012bt sa\u0146emt vismaz vienu (1) v\u0113stkopu. No v\u0113stkopas sa\u0146em\u0161anas var atteikties jebkur\u0101 br\u012bd\u012b, noklik\u0161\u0137inot uz atteik\u0161an\u0101s saites v\u0113stules beig\u0101s un neuz\u0146emoties nek\u0101das papildu saist\u012bbas. Akcijas m\u0101jaslap\u0101 ievad\u012btie adreses dati netiks nodoti tre\u0161aj\u0101m person\u0101m \u2013 tie paliks vien\u012bgi t\u016brisma klastera \u201cIda-Virumaa Turismiklaster\u201d v\u0113stkopas sist\u0113m\u0101s.<\/p>\n\n\n\n<p><strong>Balvu izloze<br><\/strong>Akcijas nosl\u0113gum\u0101, 2026. gada 16. febru\u0101r\u012b starp visiem v\u0113stkopas abonentiem tiks izloz\u0113ti 5 laim\u0113t\u0101ji. Laim\u0113t\u0101ju v\u0101rdi tiks public\u0113ti t\u016brisma klastera \u201cIda-Virumaa Turismiklaster\u201d m\u0101jaslap\u0101 un soci\u0101lo mediju kan\u0101los. Izlozes organizatori sazin\u0101sies ar laim\u0113t\u0101jiem pa e-pastu un\/vai soci\u0101lo mediju kan\u0101liem. Ja k\u0101ds no laim\u0113t\u0101jiem neatbild vienas ned\u0113\u013cas laik\u0101 p\u0113c izlozes datuma, organizators patur ties\u012bbas izloz\u0113t jaunu laim\u0113t\u0101ju.<\/p>\n\n\n\n<figure class=\"wp-block-image size-full is-resized\"><img loading=\"lazy\" decoding=\"async\" width=\"3998\" height=\"980\" src=\"https:\/\/idaviru.ee\/wp-content\/uploads\/2025\/04\/EU_reg_IV_logod_ENG.png\" alt=\"\" class=\"wp-image-2992862\" style=\"aspect-ratio:4.079836078014723;width:365px;height:auto\" srcset=\"\/\/idaviru.ee\/wp-content\/uploads\/2025\/04\/EU_reg_IV_logod_ENG.png 3998w, \/\/idaviru.ee\/wp-content\/uploads\/2025\/04\/EU_reg_IV_logod_ENG-300x74.png 300w, \/\/idaviru.ee\/wp-content\/uploads\/2025\/04\/EU_reg_IV_logod_ENG-768x188.png 768w, \/\/idaviru.ee\/wp-content\/uploads\/2025\/04\/EU_reg_IV_logod_ENG-1024x251.png 1024w, \/\/idaviru.ee\/wp-content\/uploads\/2025\/04\/EU_reg_IV_logod_ENG-1536x377.png 1536w, \/\/idaviru.ee\/wp-content\/uploads\/2025\/04\/EU_reg_IV_logod_ENG-2048x502.png 2048w, \/\/idaviru.ee\/wp-content\/uploads\/2025\/04\/EU_reg_IV_logod_ENG-600x147.png 600w\" sizes=\"(max-width: 3998px) 100vw, 3998px\" \/><\/figure>\n\n\n\n<p><\/p>\n","protected":false},"excerpt":{"rendered":"<p>Laim\u0113jiet lieliskas br\u012bvdienas vien\u0101 no piedz\u012bvojumiem bag\u0101t\u0101kajiem un p\u0101rsteidzo\u0161\u0101kajiem Igaunijas re\u0123ioniem \u2013 Idaviru Austrumviru apri\u0146\u0137\u012b!\u00a0Pievienojieties m\u016bsu ikm\u0113ne\u0161a v\u0113stkopai un sa\u0146emiet sav\u0101 e-past\u0101 aktu\u0101l\u0101ko inform\u0101ciju par aizraujo\u0161iem notikumiem un br\u012bvdienu pied\u0101v\u0101jumiem Austrumviru apri\u0146\u0137\u012b! Lai piedal\u012btos izloz\u0113, aizpildiet zem\u0101k eso\u0161o veidlapu. 16. febru\u0101r\u012b starp visiem v\u0113stkopas abonentiem izloz\u0113sim 5 atrakt\u012bvus balvu komplektus.&nbsp;Apskatiet balvu fondu! *No v\u0113stkopas abon\u0113\u0161anas [&hellip;]<\/p>\n","protected":false},"author":38,"featured_media":0,"parent":0,"menu_order":0,"comment_status":"closed","ping_status":"closed","template":"page-templates\/page-fw.php","meta":{"_acf_changed":false,"inline_featured_image":false,"footnotes":""},"class_list":["post-3003064","page","type-page","status-publish","hentry"],"acf":[],"_links":{"self":[{"href":"https:\/\/idaviru.ee\/lv\/wp-json\/wp\/v2\/pages\/3003064","targetHints":{"allow":["GET"]}}],"collection":[{"href":"https:\/\/idaviru.ee\/lv\/wp-json\/wp\/v2\/pages"}],"about":[{"href":"https:\/\/idaviru.ee\/lv\/wp-json\/wp\/v2\/types\/page"}],"author":[{"embeddable":true,"href":"https:\/\/idaviru.ee\/lv\/wp-json\/wp\/v2\/users\/38"}],"replies":[{"embeddable":true,"href":"https:\/\/idaviru.ee\/lv\/wp-json\/wp\/v2\/comments?post=3003064"}],"version-history":[{"count":0,"href":"https:\/\/idaviru.ee\/lv\/wp-json\/wp\/v2\/pages\/3003064\/revisions"}],"wp:attachment":[{"href":"https:\/\/idaviru.ee\/lv\/wp-json\/wp\/v2\/media?parent=3003064"}],"curies":[{"name":"wp","href":"https:\/\/api.w.org\/{rel}","templated":true}]}}