{"id":2831400,"date":"2023-01-17T18:05:40","date_gmt":"2023-01-17T16:05:40","guid":{"rendered":"https:\/\/idaviru.ee\/?post_type=product&#038;p=2831400"},"modified":"2023-01-17T18:06:23","modified_gmt":"2023-01-17T16:06:23","slug":"narva-logoga-klassikaline-meeste-kapuutsiga-pusa","status":"publish","type":"product","link":"https:\/\/idaviru.ee\/ru\/pood\/narva-logoga-klassikaline-meeste-kapuutsiga-pusa\/","title":{"rendered":"Narva logoga klassikaline meeste kapuutsiga pusa"},"content":{"rendered":"<p>Ainult Narva uue logoga pusa teeb su sama brutaalseks kui fotol olev mees. Osta ja veendu ise! Saadaval suurused L ja XL.<\/p>\n<p>Ole \u00fcks esimesi, kes kannab Narva uue logoga dressipluusi. Pusal on lisaks kaunile kirjale v\u00e4ga moodne rohekassinine v\u00e4rv.<\/p>\n<p>Pusa hind 22.78<\/p>\n<p>Pusa ostmiseks kirjuta meilile tourism@narva.ee. Soovitud suurus ja arve rekvisiidid ning k\u00e4ttetoimetamise soov.<\/p>\n<p>Pusa saab k\u00e4tte Narva Turismiinfokeskuses v\u00f5i saadame soovitud pakiautomaati (lisandub postikulu)<\/p>\n","protected":false},"excerpt":{"rendered":"<p>Saadaval suurused L ja XL. Pusal on peal presstr\u00fckiga s\u00f5na Narva ja pusa v\u00e4rv\u00a0 rohekassinine.<\/p>\n","protected":false},"featured_media":2831401,"template":"","meta":{"_acf_changed":false,"inline_featured_image":false},"product_brand":[],"product_cat":[895],"product_tag":[],"class_list":{"0":"post-2831400","1":"product","2":"type-product","3":"status-publish","4":"has-post-thumbnail","6":"product_cat-branditooted-ru","8":"first","9":"instock","10":"shipping-taxable","11":"product-type-external"},"acf":[],"_links":{"self":[{"href":"https:\/\/idaviru.ee\/ru\/wp-json\/wp\/v2\/product\/2831400","targetHints":{"allow":["GET"]}}],"collection":[{"href":"https:\/\/idaviru.ee\/ru\/wp-json\/wp\/v2\/product"}],"about":[{"href":"https:\/\/idaviru.ee\/ru\/wp-json\/wp\/v2\/types\/product"}],"wp:featuredmedia":[{"embeddable":true,"href":"https:\/\/idaviru.ee\/ru\/wp-json\/wp\/v2\/media\/2831401"}],"wp:attachment":[{"href":"https:\/\/idaviru.ee\/ru\/wp-json\/wp\/v2\/media?parent=2831400"}],"wp:term":[{"taxonomy":"product_brand","embeddable":true,"href":"https:\/\/idaviru.ee\/ru\/wp-json\/wp\/v2\/product_brand?post=2831400"},{"taxonomy":"product_cat","embeddable":true,"href":"https:\/\/idaviru.ee\/ru\/wp-json\/wp\/v2\/product_cat?post=2831400"},{"taxonomy":"product_tag","embeddable":true,"href":"https:\/\/idaviru.ee\/ru\/wp-json\/wp\/v2\/product_tag?post=2831400"}],"curies":[{"name":"wp","href":"https:\/\/api.w.org\/{rel}","templated":true}]}}